{"id":11148,"date":"2025-09-19T13:48:19","date_gmt":"2025-09-19T11:48:19","guid":{"rendered":"https:\/\/magiiik.netstory.com.pl\/produkt\/magiczna-tuba\/"},"modified":"2025-09-19T13:48:32","modified_gmt":"2025-09-19T11:48:32","slug":"magiczna-tuba","status":"publish","type":"product","link":"https:\/\/magiiik.netstory.com.pl\/?product=magiczna-tuba","title":{"rendered":"Magiczna Tuba"},"content":{"rendered":"<p style=\"text-align: center;\">Magik pokazuje\u00a0tub\u0119\u00a0 z pokrywk\u0105 oraz banknot. Sk\u0142ada banknot, zwija go i wk\u0142ada do tuby.<\/p>\n<p style=\"text-align: center;\">Nast\u0119pnie zamyka j\u0105 pokryw\u0105, jeden magiczny gest i kiedy ponownie otwiera tub\u0119&#8230; banknot zmienia si\u0119 w wod\u0119!!!!<\/p>\n<p style=\"text-align: center;\">To jeden z wielu efekt\u00f3w mo\u017cliwych dzi\u0119ki temu rekwizytowi. Mo\u017cesz zamieni\u0107 ziarna kawy w prawdziw\u0105 mielon\u0105 kaw\u0119, mo\u017cesz zmieni\u0107 wat\u0119 w d\u0142ug\u0105 bia\u0142\u0105 ni\u0107, itd. &#8230;<\/p>\n<p style=\"text-align: center;\">Ma\u0142y przedmiot, kt\u00f3ry zawsze mo\u017cesz mie\u0107 przy sobie, a tym samym pozwala zadziwi\u0107 znajomych w ka\u017cdym momencie!<\/p>\n<p style=\"text-align: center;\">Pe\u0142nokolorowa instrukcja i pude\u0142ko.<br \/>\u0141atwe\u00a0do wykonania<\/p>\n","protected":false},"excerpt":{"rendered":"<p style=\"text-align: center;\">Magiczna Tuba, kt\u00f3ra potrafi zamienia\u0107 jedne przedmioty w inne.<\/p>\n<p style=\"text-align: center;\">Ma\u0142y rozmiar pozwalana na to by rekwizyt zawsze by\u0142 razem z Tob\u0105!<\/p>\n","protected":false},"featured_media":11149,"comment_status":"closed","ping_status":"open","template":"","meta":[],"product_brand":[],"product_cat":[75],"product_tag":[],"class_list":{"0":"post-11148","1":"product","2":"type-product","3":"status-publish","4":"has-post-thumbnail","6":"product_cat-dla-poczatkujacych","8":"first","9":"instock","10":"purchasable","11":"product-type-simple"},"_links":{"self":[{"href":"https:\/\/magiiik.netstory.com.pl\/index.php?rest_route=\/wp\/v2\/product\/11148","targetHints":{"allow":["GET"]}}],"collection":[{"href":"https:\/\/magiiik.netstory.com.pl\/index.php?rest_route=\/wp\/v2\/product"}],"about":[{"href":"https:\/\/magiiik.netstory.com.pl\/index.php?rest_route=\/wp\/v2\/types\/product"}],"replies":[{"embeddable":true,"href":"https:\/\/magiiik.netstory.com.pl\/index.php?rest_route=%2Fwp%2Fv2%2Fcomments&post=11148"}],"wp:featuredmedia":[{"embeddable":true,"href":"https:\/\/magiiik.netstory.com.pl\/index.php?rest_route=\/wp\/v2\/media\/11149"}],"wp:attachment":[{"href":"https:\/\/magiiik.netstory.com.pl\/index.php?rest_route=%2Fwp%2Fv2%2Fmedia&parent=11148"}],"wp:term":[{"taxonomy":"product_brand","embeddable":true,"href":"https:\/\/magiiik.netstory.com.pl\/index.php?rest_route=%2Fwp%2Fv2%2Fproduct_brand&post=11148"},{"taxonomy":"product_cat","embeddable":true,"href":"https:\/\/magiiik.netstory.com.pl\/index.php?rest_route=%2Fwp%2Fv2%2Fproduct_cat&post=11148"},{"taxonomy":"product_tag","embeddable":true,"href":"https:\/\/magiiik.netstory.com.pl\/index.php?rest_route=%2Fwp%2Fv2%2Fproduct_tag&post=11148"}],"curies":[{"name":"wp","href":"https:\/\/api.w.org\/{rel}","templated":true}]}}