{"id":11146,"date":"2025-09-19T13:48:19","date_gmt":"2025-09-19T11:48:19","guid":{"rendered":"https:\/\/magiiik.netstory.com.pl\/produkt\/one-way-forcing-deck-czerwona-dama-kier\/"},"modified":"2025-09-19T13:48:31","modified_gmt":"2025-09-19T11:48:31","slug":"one-way-forcing-deck-czerwona-dama-kier","status":"publish","type":"product","link":"https:\/\/magiiik.netstory.com.pl\/?product=one-way-forcing-deck-czerwona-dama-kier","title":{"rendered":"One Way Forcing Deck (czerwona, Dama Kier)"},"content":{"rendered":"<p style=\"text-align: center;\">One Way Forcing Deck to talia z\u0142o\u017cona z 52 takich samych kart,<\/p>\n<p style=\"text-align: center;\">dzi\u0119ki czemu nie pozostawiasz widzowi innej mo\u017cliwo\u015bci jak wybranie w\u0142a\u015bnie tej, kt\u00f3ra pasuje Tobie!<\/p>\n<p style=\"text-align: center;\">\u00a0<\/p>\n<p style=\"text-align: center;\">Talia z\u0142o\u017cona z 52 Dam Kier<\/p>\n<p style=\"text-align: center;\"><img loading=\"lazy\" decoding=\"async\" src=\"\/userdata\/public\/assets\/\/IMG_1402-2.jpg\" alt=\"\" width=\"240\" height=\"320\" \/><\/p>\n","protected":false},"excerpt":{"rendered":"<p style=\"text-align: center;\"><strong>Tw\u00f3j widz nie ma innej mo\u017cliwo\u015bci jak wybranie Damy Kier<\/strong><\/p>\n","protected":false},"featured_media":11147,"comment_status":"closed","ping_status":"open","template":"","meta":[],"product_brand":[],"product_cat":[51],"product_tag":[],"class_list":{"0":"post-11146","1":"product","2":"type-product","3":"status-publish","4":"has-post-thumbnail","6":"product_cat-mikro-iluzja-close-up-karty-trickowe","8":"first","9":"instock","10":"purchasable","11":"product-type-simple"},"_links":{"self":[{"href":"https:\/\/magiiik.netstory.com.pl\/index.php?rest_route=\/wp\/v2\/product\/11146","targetHints":{"allow":["GET"]}}],"collection":[{"href":"https:\/\/magiiik.netstory.com.pl\/index.php?rest_route=\/wp\/v2\/product"}],"about":[{"href":"https:\/\/magiiik.netstory.com.pl\/index.php?rest_route=\/wp\/v2\/types\/product"}],"replies":[{"embeddable":true,"href":"https:\/\/magiiik.netstory.com.pl\/index.php?rest_route=%2Fwp%2Fv2%2Fcomments&post=11146"}],"wp:featuredmedia":[{"embeddable":true,"href":"https:\/\/magiiik.netstory.com.pl\/index.php?rest_route=\/wp\/v2\/media\/11147"}],"wp:attachment":[{"href":"https:\/\/magiiik.netstory.com.pl\/index.php?rest_route=%2Fwp%2Fv2%2Fmedia&parent=11146"}],"wp:term":[{"taxonomy":"product_brand","embeddable":true,"href":"https:\/\/magiiik.netstory.com.pl\/index.php?rest_route=%2Fwp%2Fv2%2Fproduct_brand&post=11146"},{"taxonomy":"product_cat","embeddable":true,"href":"https:\/\/magiiik.netstory.com.pl\/index.php?rest_route=%2Fwp%2Fv2%2Fproduct_cat&post=11146"},{"taxonomy":"product_tag","embeddable":true,"href":"https:\/\/magiiik.netstory.com.pl\/index.php?rest_route=%2Fwp%2Fv2%2Fproduct_tag&post=11146"}],"curies":[{"name":"wp","href":"https:\/\/api.w.org\/{rel}","templated":true}]}}