{"id":11144,"date":"2025-09-19T13:48:19","date_gmt":"2025-09-19T11:48:19","guid":{"rendered":"https:\/\/magiiik.netstory.com.pl\/produkt\/znaczona-talia-bicycle-czerwone-by-boris-wild\/"},"modified":"2025-09-19T13:48:27","modified_gmt":"2025-09-19T11:48:27","slug":"znaczona-talia-bicycle-czerwone-by-boris-wild","status":"publish","type":"product","link":"https:\/\/magiiik.netstory.com.pl\/?product=znaczona-talia-bicycle-czerwone-by-boris-wild","title":{"rendered":"Znaczona talia (Bicycle, czerwone) by Boris Wild"},"content":{"rendered":"<p style=\"text-align: center;\"><strong>Znaczona talia, w kt\u00f3rej bez trudu b\u0119dziesz wiedzie\u0107 jak\u0105 kart\u0119 wybra\u0142 widz &#8211; zaprojektowana przez Borisa Wild!<\/strong><\/p>\n<p style=\"text-align: center;\">\u00a0Te \u0142atwe do odczytania znaczone karty zosta\u0142y wyprodukowane przez znan\u0105 na ca\u0142ym \u015bwiecie firm\u0119 US Playing Card Company.<\/p>\n<p style=\"text-align: center;\">Boris Wild &#8222;Marked Deck&#8221; to pot\u0119\u017cna bro\u0144, kt\u00f3r\u0105 warto mie\u0107 w swoim arsenale!<\/p>\n<p style=\"text-align: center;\">\u00a0<\/p>\n<p style=\"text-align: center;\"><strong>System Wild&#8217;s jest uznawany za najlepszy, jaki kiedykolwiek powsta\u0142! <\/strong><\/p>\n<p style=\"text-align: center;\">Znaki s\u0105 ukryte na widoku &#8211; \u0142atwe do odczytania dla magika, a jednocze\u015bnie ca\u0142kowicie niewidoczne dla niewtajemniczonego widza.<\/p>\n<p style=\"text-align: center;\">Do\u00a0ka\u017cdej talii do\u0142\u0105czone s\u0105 kompletne instrukcje, kt\u00f3re szczeg\u00f3\u0142owo opisuj\u0105 jej dzia\u0142anie,<\/p>\n<p style=\"text-align: center;\">wraz z kilkoma wskaz\u00f3wkami, sztuczkami i pomys\u0142ami, kt\u00f3re od razu wykonasz!<\/p>\n<p style=\"text-align: center;\">Wystarczaj\u0105co \u0142atwe w u\u017cyciu dla pocz\u0105tkuj\u0105cych, ale r\u00f3wnie\u017c doskona\u0142e profesjonalne narz\u0119dzie do pracy.Przet\u0142umaczono z\u00a0<\/p>\n<p style=\"text-align: center;\">\u00a0<\/p>\n<p style=\"text-align: center;\"><strong>EDIT:<\/strong><\/p>\n<p style=\"text-align: center;\"><strong>Podczas zlotu Krajowego Klubu Iluzjonist\u00f3w, na kt\u00f3rym jednym z go\u015bci by\u0142 sam Boris Wild<\/strong><\/p>\n<p style=\"text-align: center;\"><strong>mieli\u015bmy okazj\u0119 widzie\u0107 jego znaczon\u0105 tali\u0119 na w\u0142asne oczy, dlatego z czystym sumieniem&#8230;<\/strong><\/p>\n<p style=\"text-align: center;\">\u00a0<\/p>\n<p style=\"text-align: center;\"><strong>&#8230; POLECAMY!<\/strong><\/p>\n<p style=\"text-align: center;\"><strong>magiiik.pl<\/strong><\/p>\n","protected":false},"excerpt":{"rendered":"<p>Znaczona talia, w kt\u00f3rej bez trudu b\u0119dziesz wiedzie\u0107 jak\u0105 kart\u0119 wybra\u0142 widz &#8211; zaprojektowana przez Borisa Wild! \u00a0Te \u0142atwe do odczytania znaczone karty zosta\u0142y wyprodukowane przez znan\u0105 na ca\u0142ym \u015bwiecie&#8230;<\/p>\n","protected":false},"featured_media":11145,"comment_status":"closed","ping_status":"open","template":"","meta":[],"product_brand":[],"product_cat":[51],"product_tag":[],"class_list":{"0":"post-11144","1":"product","2":"type-product","3":"status-publish","4":"has-post-thumbnail","6":"product_cat-mikro-iluzja-close-up-karty-trickowe","8":"first","9":"instock","10":"purchasable","11":"product-type-simple"},"_links":{"self":[{"href":"https:\/\/magiiik.netstory.com.pl\/index.php?rest_route=\/wp\/v2\/product\/11144","targetHints":{"allow":["GET"]}}],"collection":[{"href":"https:\/\/magiiik.netstory.com.pl\/index.php?rest_route=\/wp\/v2\/product"}],"about":[{"href":"https:\/\/magiiik.netstory.com.pl\/index.php?rest_route=\/wp\/v2\/types\/product"}],"replies":[{"embeddable":true,"href":"https:\/\/magiiik.netstory.com.pl\/index.php?rest_route=%2Fwp%2Fv2%2Fcomments&post=11144"}],"wp:featuredmedia":[{"embeddable":true,"href":"https:\/\/magiiik.netstory.com.pl\/index.php?rest_route=\/wp\/v2\/media\/11145"}],"wp:attachment":[{"href":"https:\/\/magiiik.netstory.com.pl\/index.php?rest_route=%2Fwp%2Fv2%2Fmedia&parent=11144"}],"wp:term":[{"taxonomy":"product_brand","embeddable":true,"href":"https:\/\/magiiik.netstory.com.pl\/index.php?rest_route=%2Fwp%2Fv2%2Fproduct_brand&post=11144"},{"taxonomy":"product_cat","embeddable":true,"href":"https:\/\/magiiik.netstory.com.pl\/index.php?rest_route=%2Fwp%2Fv2%2Fproduct_cat&post=11144"},{"taxonomy":"product_tag","embeddable":true,"href":"https:\/\/magiiik.netstory.com.pl\/index.php?rest_route=%2Fwp%2Fv2%2Fproduct_tag&post=11144"}],"curies":[{"name":"wp","href":"https:\/\/api.w.org\/{rel}","templated":true}]}}