{"id":11140,"date":"2025-09-19T13:48:19","date_gmt":"2025-09-19T11:48:19","guid":{"rendered":"https:\/\/magiiik.netstory.com.pl\/produkt\/sucker-punch-by-mark-southworth\/"},"modified":"2025-09-19T13:48:20","modified_gmt":"2025-09-19T11:48:20","slug":"sucker-punch-by-mark-southworth","status":"publish","type":"product","link":"https:\/\/magiiik.netstory.com.pl\/?product=sucker-punch-by-mark-southworth","title":{"rendered":"Sucker Punch by Mark Southworth"},"content":{"rendered":"<p style=\"text-align: center;\"><span style=\"font-family: 'comic sans ms', sans-serif;\"><strong>&#8222;Spos\u00f3b, w jaki zrobione s\u0105 \u017cetony, jest bardzo dobry do ukrycia sekretu. <\/strong><\/span><\/p>\n<p style=\"text-align: center;\"><span style=\"font-family: 'comic sans ms', sans-serif;\"><strong>Boki \u017ceton\u00f3w s\u0105 czarne,\u00a0wi\u0119c ich jest praktycznie niewidoczny.&#8221;<\/strong><\/span><\/p>\n<p style=\"text-align: center;\"><em>\u00a0-Alexis De La Fuente, recenzent<\/em><\/p>\n<p style=\"text-align: center;\">\u00a0<\/p>\n<p style=\"text-align: center;\">Jak wielu magik\u00f3w wie, &#8222;Specjalne monety&#8221;\u00a0mog\u0105 podnie\u015b\u0107 tradycyjn\u0105 magi\u0119 monet do ekstremalnych poziom\u00f3w, ale maj\u0105 wysok\u0105 cen\u0119.<\/p>\n<p style=\"text-align: center;\">Mark Southworth\u00a0wyci\u0105gn\u0105\u0142 to co najlepsze\u00a0z gaffowych monet\u00a0i\u00a0i u\u017cy\u0142 tego w niestandardowym zestawie \u017ceton\u00f3w pokerowych za u\u0142amek ceny.<\/p>\n<p style=\"text-align: center;\">Sucker Punch jest czym\u015b wi\u0119cej ni\u017c tylko wysokiej jako\u015bci i jednocze\u015bnie niedrog\u0105 alternatyw\u0105 dla tradycyjnych gaf\u00f3w monetarnych.<\/p>\n<p style=\"text-align: center;\">W tym pojedynczym pude\u0142ku znajduje si\u0119 elegancki czternastocz\u0119\u015bciowy zestaw \u017ceton\u00f3w pokerowych, kt\u00f3ry umo\u017cliwia tworzenie niesko\u0144czonej ilo\u015bci cud\u00f3w,<\/p>\n<p style=\"text-align: center;\">takich jak w przypadku ka\u017cdego z tych czterystu dolarowych zestaw\u00f3w gaffowych monet.<\/p>\n<p style=\"text-align: center;\">Znikni\u0119cia, produkcje, zmiany kolor\u00f3w, transpozycje i penetracje, niemal\u017ce wszystkie sztuczki, kt\u00f3re kiedykolwiek chcia\u0142e\u015b wykona\u0107 za pomoc\u0105 monet<\/p>\n<p style=\"text-align: center;\"><strong>mo\u017cesz wykona\u0107 za pomoc\u0105 Sucker Punch!<\/strong><\/p>\n<p style=\"text-align: center;\"><strong><iframe loading=\"lazy\" src=\"\/\/www.youtube.com\/embed\/3LCDJE5zx3A\" width=\"560\" height=\"315\" frameborder=\"0\" allowfullscreen=\"allowfullscreen\"><\/iframe><\/strong><\/p>\n<p style=\"text-align: center;\">Sucker Punch rozwi\u0105zuje problem, kt\u00f3ry dr\u0119czy\u0142 miedziane i srebrne monety &#8211; kontrast. W por\u00f3wnaniu z ich odpowiednikami w postaci monet, wyra\u017any kontrast i wi\u0119ksze rozmiary czerwonych i niebieskich \u017ceton\u00f3w pokerowych s\u0105 o wiele bardziej rzucaj\u0105ce si\u0119 w oczy i widoczne dla wi\u0119kszej publiczno\u015bci, co sprawia, \u017ce jest to idealne narz\u0119dzie dla ka\u017cdego magika, kt\u00f3ry chce mocno uderzy\u0107 w publiczno\u015b\u0107 za pomoc\u0105 magii monet.<\/p>\n<p style=\"text-align: center;\">Sam\u00a0Eric Jones nauczy Ci\u0119 sze\u015bciu wizualnych, ale praktycznych efekt\u00f3w, kt\u00f3re mo\u017cesz wykona\u0107 za pomoc\u0105 zestawu Sucker Punch.<\/p>\n<p style=\"text-align: center;\">Eric poprowadzi Ci\u0119 przez niuanse i zawi\u0142o\u015bci Sucker Punch w ci\u0105gu godziny szczeg\u00f3\u0142owej instrukcji online.<\/p>\n<p style=\"text-align: center;\">Niezale\u017cnie od tego, czy jeste\u015b pocz\u0105tkuj\u0105cym, czy zaawansowanym mistrzem, Eric Jones zainspiruje Ci\u0119 do podj\u0119cia pracy z zestawem Sucker Punch i po\u0142\u0105czenia jej z rutynami, kt\u00f3re by\u0107 mo\u017ce ju\u017c wykonujesz oraz tworzy\u0107 w\u0142asne!<\/p>\n<p style=\"text-align: center;\"><iframe loading=\"lazy\" src=\"\/\/www.youtube.com\/embed\/JoztfZEoFws\" width=\"560\" height=\"315\" frameborder=\"0\" allowfullscreen=\"allowfullscreen\"><\/iframe><\/p>\n<p>\u00a0<\/p>\n<p><span style=\"font-family: 'arial black', sans-serif; font-size: 12pt;\"><strong>Sucker Punch zawiera:<\/strong><\/span><\/p>\n<p>3 Fly &#8211; Klasyczna 3 rutyna teleportacj omneta<\/p>\n<p>Sun &amp; Moon &#8211; rutyna z Miedzian\u0105\/srebrn\u0105 monet\u0105 dostosowana do wykonania jej z \u017cetonami<br \/>Circular Change &#8211; prosta, ale pi\u0119kna zmiana koloru<br \/>In the Hands Change &#8211; Pokerowa transpozycja \u017ceton\u00f3w, kt\u00f3ra odbywa si\u0119 w r\u0119ce widza<br \/>Trinity &#8211; Bardzo czysta produkcja i znikni\u0119cie trzech \u017ceton\u00f3w pokerowych<br \/>Through &#8211;\u00a0Pokerowy \u017ceton przenikaj\u0105cy przez st\u00f3\u0142 &#8211; prawdziwa magia!<\/p>\n<p>\u00a0<\/p>\n<p style=\"text-align: center;\"><span style=\"font-family: 'comic sans ms', sans-serif; font-size: 12pt;\"><strong>&#8222;Sucker Punch jest dla tych, kt\u00f3rzy chc\u0105 wykonywa\u0107 magi\u0119 z drogimi gaffowymi monetami, za u\u0142amek ceny&#8221;.<\/strong><\/span><\/p>\n<p style=\"text-align: center;\"><em>&#8211; Eric Jones<\/em><\/p>\n<p style=\"text-align: center;\"><em><img loading=\"lazy\" decoding=\"async\" src=\"\/userdata\/public\/assets\/\/Sucker%20Punch%20Eric.png\" alt=\"\" width=\"322\" height=\"228\" \/><\/em><\/p>\n<p>\u00a0<\/p>\n","protected":false},"excerpt":{"rendered":"<p style=\"text-align: center;\"><strong>Niezliczona ilo\u015b\u0107 wizualnych efekt\u00f3w z \u017cetonami pokerowymi<\/strong><\/p>\n<p style=\"text-align: center;\"><strong>Musisz to zobaczy\u0107!<\/strong><\/p>\n","protected":false},"featured_media":11141,"comment_status":"closed","ping_status":"open","template":"","meta":[],"product_brand":[],"product_cat":[37],"product_tag":[],"class_list":{"0":"post-11140","1":"product","2":"type-product","3":"status-publish","4":"has-post-thumbnail","6":"product_cat-mikro-iluzja-close-up-monety","8":"first","9":"instock","10":"purchasable","11":"product-type-simple"},"_links":{"self":[{"href":"https:\/\/magiiik.netstory.com.pl\/index.php?rest_route=\/wp\/v2\/product\/11140","targetHints":{"allow":["GET"]}}],"collection":[{"href":"https:\/\/magiiik.netstory.com.pl\/index.php?rest_route=\/wp\/v2\/product"}],"about":[{"href":"https:\/\/magiiik.netstory.com.pl\/index.php?rest_route=\/wp\/v2\/types\/product"}],"replies":[{"embeddable":true,"href":"https:\/\/magiiik.netstory.com.pl\/index.php?rest_route=%2Fwp%2Fv2%2Fcomments&post=11140"}],"wp:featuredmedia":[{"embeddable":true,"href":"https:\/\/magiiik.netstory.com.pl\/index.php?rest_route=\/wp\/v2\/media\/11141"}],"wp:attachment":[{"href":"https:\/\/magiiik.netstory.com.pl\/index.php?rest_route=%2Fwp%2Fv2%2Fmedia&parent=11140"}],"wp:term":[{"taxonomy":"product_brand","embeddable":true,"href":"https:\/\/magiiik.netstory.com.pl\/index.php?rest_route=%2Fwp%2Fv2%2Fproduct_brand&post=11140"},{"taxonomy":"product_cat","embeddable":true,"href":"https:\/\/magiiik.netstory.com.pl\/index.php?rest_route=%2Fwp%2Fv2%2Fproduct_cat&post=11140"},{"taxonomy":"product_tag","embeddable":true,"href":"https:\/\/magiiik.netstory.com.pl\/index.php?rest_route=%2Fwp%2Fv2%2Fproduct_tag&post=11140"}],"curies":[{"name":"wp","href":"https:\/\/api.w.org\/{rel}","templated":true}]}}