{"id":11135,"date":"2025-09-19T13:47:59","date_gmt":"2025-09-19T11:47:59","guid":{"rendered":"https:\/\/magiiik.netstory.com.pl\/produkt\/instantpiano-kurtyna-sceniczna-stelaz-kurtyna\/"},"modified":"2025-09-19T13:48:13","modified_gmt":"2025-09-19T11:48:13","slug":"instantpiano-kurtyna-sceniczna-stelaz-kurtyna","status":"publish","type":"product","link":"https:\/\/magiiik.netstory.com.pl\/?product=instantpiano-kurtyna-sceniczna-stelaz-kurtyna","title":{"rendered":"InstantPiano &#8211; Kurtyna sceniczna stela\u017c + kurtyna"},"content":{"rendered":"<p class=\"p1\"><span class=\"s1\"><strong>OPIS PRODUKTU<\/strong><\/span><\/p>\n<p class=\"p2\"><span class=\"s1\">Panel jest praktycznie montowany bezpo\u015brednio z wygodnej torby w 30 sekund i jest wystarczaj\u0105co stabilny (wolnostoj\u0105cy) i jest w nim zapakowany, <\/span><\/p>\n<p class=\"p2\"><span class=\"s1\">w tym zas\u0142on\u0105 lub zadrukowan\u0105 foli\u0105. Rozmiar torby: 70 x 20 x 25 cm.<\/span><\/p>\n","protected":false},"excerpt":{"rendered":"<p>OPIS PRODUKTU Panel jest praktycznie montowany bezpo\u015brednio z wygodnej torby w 30 sekund i jest wystarczaj\u0105co stabilny (wolnostoj\u0105cy) i jest w nim zapakowany, w tym zas\u0142on\u0105 lub zadrukowan\u0105 foli\u0105. Rozmiar&#8230;<\/p>\n","protected":false},"featured_media":11136,"comment_status":"closed","ping_status":"open","template":"","meta":[],"product_brand":[],"product_cat":[65],"product_tag":[],"class_list":{"0":"post-11135","1":"product","2":"type-product","3":"status-publish","4":"has-post-thumbnail","6":"product_cat-iluzja-sceniczna-iluzja-sceniczna","8":"first","9":"instock","10":"purchasable","11":"product-type-simple"},"_links":{"self":[{"href":"https:\/\/magiiik.netstory.com.pl\/index.php?rest_route=\/wp\/v2\/product\/11135","targetHints":{"allow":["GET"]}}],"collection":[{"href":"https:\/\/magiiik.netstory.com.pl\/index.php?rest_route=\/wp\/v2\/product"}],"about":[{"href":"https:\/\/magiiik.netstory.com.pl\/index.php?rest_route=\/wp\/v2\/types\/product"}],"replies":[{"embeddable":true,"href":"https:\/\/magiiik.netstory.com.pl\/index.php?rest_route=%2Fwp%2Fv2%2Fcomments&post=11135"}],"wp:featuredmedia":[{"embeddable":true,"href":"https:\/\/magiiik.netstory.com.pl\/index.php?rest_route=\/wp\/v2\/media\/11136"}],"wp:attachment":[{"href":"https:\/\/magiiik.netstory.com.pl\/index.php?rest_route=%2Fwp%2Fv2%2Fmedia&parent=11135"}],"wp:term":[{"taxonomy":"product_brand","embeddable":true,"href":"https:\/\/magiiik.netstory.com.pl\/index.php?rest_route=%2Fwp%2Fv2%2Fproduct_brand&post=11135"},{"taxonomy":"product_cat","embeddable":true,"href":"https:\/\/magiiik.netstory.com.pl\/index.php?rest_route=%2Fwp%2Fv2%2Fproduct_cat&post=11135"},{"taxonomy":"product_tag","embeddable":true,"href":"https:\/\/magiiik.netstory.com.pl\/index.php?rest_route=%2Fwp%2Fv2%2Fproduct_tag&post=11135"}],"curies":[{"name":"wp","href":"https:\/\/api.w.org\/{rel}","templated":true}]}}