{"id":11081,"date":"2025-09-19T13:47:02","date_gmt":"2025-09-19T11:47:02","guid":{"rendered":"https:\/\/magiiik.netstory.com.pl\/produkt\/switch-a-lope\/"},"modified":"2025-09-19T13:47:32","modified_gmt":"2025-09-19T11:47:32","slug":"switch-a-lope","status":"publish","type":"product","link":"https:\/\/magiiik.netstory.com.pl\/?product=switch-a-lope","title":{"rendered":"SWITCH-A-LOPE"},"content":{"rendered":"<p class=\"p1\" style=\"text-align: center;\"><span class=\"s1\">THE Ultimate 4-way-out envelope<\/span><\/p>\n<p class=\"p1\" style=\"text-align: center;\">\u00a0<\/p>\n<p class=\"p1\" style=\"text-align: center;\"><span class=\"s1\">Wyobra\u017a sobie genialn\u0105 kopert\u0119, kt\u00f3ra zapewni prawid\u0142owe przewidywanie, niezale\u017cnie od tego, kt\u00f3ry z 4 mo\u017cliwych wynik\u00f3w wyst\u0105pi! <\/span><\/p>\n<p class=\"p1\" style=\"text-align: center;\"><strong><span class=\"s1\">Jeste\u015b ca\u0142kowicie bezpieczny!<\/span><\/strong><\/p>\n<p class=\"p2\" style=\"text-align: center;\">\u00a0<\/p>\n<p class=\"p1\" style=\"text-align: center;\"><span class=\"s1\">Ka\u017cdy mentalista potrzebuje 4-wyj\u015bciowej koperty! Istnieje wiele dost\u0119pnych, ale \u017cadne nie pozwalaj\u0105 na wykonanie nast\u0119puj\u0105cych czynno\u015bci:<\/span><\/p>\n<p class=\"p1\" style=\"text-align: center;\"><strong><span class=\"s1\">Popro\u015b o podpisanie koperty<\/span><\/strong><\/p>\n<p class=\"p1\" style=\"text-align: center;\"><strong><span class=\"s1\">Podczas pokazu trzymaj kopert\u0119 w polu widzenia<\/span><\/strong><\/p>\n<p class=\"p1\" style=\"text-align: center;\"><strong><span class=\"s1\">Popro\u015b widza o wyci\u0105gni\u0119cie prognozy<\/span><\/strong><\/p>\n<p class=\"p1\" style=\"text-align: center;\"><strong><span class=\"s1\">Poka\u017c pust\u0105 kopert\u0119<\/span><\/strong><\/p>\n<p class=\"p1\" style=\"text-align: center;\"><strong><span class=\"s1\">Miej du\u017cy z\u0142o\u017cony arkusz papieru w kopercie<\/span><\/strong><\/p>\n<p class=\"p1\" style=\"text-align: center;\"><strong><span class=\"s1\">Bez szczelin itp.<\/span><\/strong><\/p>\n<p class=\"p1\" style=\"text-align: center;\"><strong><span class=\"s1\">SWITCH-A-LOPE firmy Arnaud pozwala wykona\u0107 wszystkie powy\u017csze czynno\u015bci !!<\/span><\/strong><\/p>\n<p class=\"p2\" style=\"text-align: center;\">\u00a0<\/p>\n<p class=\"p1\" style=\"text-align: center;\"><span class=\"s1\">W ci\u0105gu ostatnich lat Arnaud korzysta\u0142 z tego urz\u0105dzenia w swoich programach, a teraz dzieli t\u0119 wyj\u0105tkow\u0105 zasad\u0119 z reszt\u0105 magicznego \u015bwiata!<\/span><\/p>\n<p class=\"p2\" style=\"text-align: center;\">\u00a0<\/p>\n<p class=\"p1\" style=\"text-align: center;\"><span class=\"s1\">Na rynku jest wiele kopert z 4 wyj\u015bciami. Potrzebujesz tylko jednego:<\/span><\/p>\n<p class=\"p1\" style=\"text-align: center;\"><strong><span class=\"s1\">SWITCH-A-LOPE firmy Arnaud!<\/span><\/strong><\/p>\n<p class=\"p2\" style=\"text-align: center;\">\u00a0<\/p>\n<p class=\"p2\" style=\"text-align: center;\"><em>\u201eSWITCH-A-LOPE firmy Arnaud jest super czysty i zdecydowanie jest zwyci\u0119zc\u0105!\u201d<\/em><\/p>\n<p class=\"p1\" style=\"text-align: center;\"><strong><span class=\"s1\">&#8211; Cody Fisher<\/span><\/strong><\/p>\n<p class=\"p1\" style=\"text-align: center;\"><em><span class=\"s1\">\u201eBravo Arnaud! Nasz wsp\u00f3lny przyjaciel Tommy Wonder by\u0142by z ciebie taki dumny!\u201d<\/span><\/em><\/p>\n<p class=\"p1\" style=\"text-align: center;\"><strong><span class=\"s1\">&#8211; Dick Koornwinder<\/span><\/strong><\/p>\n<p class=\"p1\" style=\"text-align: center;\"><em><span class=\"s1\">\u201e\u015awietne urz\u0105dzenie prze\u0142\u0105czaj\u0105ce! Oszuka\u0142e\u015b mnie !!!\u201d<\/span><\/em><\/p>\n<p class=\"p1\" style=\"text-align: center;\"><strong><span class=\"s1\">&#8211; Joshua Jayo<\/span><\/strong><\/p>\n<p class=\"p1\" style=\"text-align: center;\"><em><span class=\"s1\">\u201eSWITCH-A-LOPE to \u015bwietny pomys\u0142 i naprawd\u0119 dobrze przemy\u015blany. To wspania\u0142y dodatek do zbrojowni mentalist\u00f3w!\u201d<\/span><\/em><\/p>\n<p class=\"p1\" style=\"text-align: center;\"><strong><span class=\"s1\">&#8211; John Archer<\/span><\/strong><\/p>\n<p class=\"p1\" style=\"text-align: center;\"><em><span class=\"s1\">\u201eSzczerze m\u00f3wi\u0105c, SWITCH-A-LOPE jest fantastyczny i niezwykle u\u017cyteczny!\u201d<\/span><\/em><\/p>\n<p class=\"p1\" style=\"text-align: center;\"><strong><span class=\"s1\">&#8211; Luca Volpe<\/span><\/strong><\/p>\n<p class=\"p1\" style=\"text-align: center;\"><em><span class=\"s1\">\u201eSWITCH-A-LOPE jest sprytny i praktyczny; jest przydatnym dodatkiem do arsena\u0142u narz\u0119dzi mentalizmu\u201d.<\/span><\/em><\/p>\n<p class=\"p1\" style=\"text-align: center;\"><strong><span class=\"s1\">&#8211; Max Maven<\/span><\/strong><\/p>\n<p class=\"p1\" style=\"text-align: center;\">\u00a0\u00a0<\/p>\n<p style=\"text-align: center;\"><iframe loading=\"lazy\" src=\"https:\/\/www.youtube.com\/embed\/LfoD-G_kR5o\" width=\"560\" height=\"315\" frameborder=\"0\" allowfullscreen=\"allowfullscreen\"><\/iframe><\/p>\n","protected":false},"excerpt":{"rendered":"<p style=\"text-align: center;\"><strong>Jedyna taka koperta z 4 wyj\u015bciami.<\/strong><\/p>\n<p class=\"p1\" style=\"text-align: center;\"><em><span class=\"s1\">\u201e\u015awietne urz\u0105dzenie prze\u0142\u0105czaj\u0105ce! Oszuka\u0142e\u015b mnie !!!\u201d<\/span><strong><span class=\"s1\">\u00a0<\/span><\/strong><\/em><span class=\"s1\"><strong>&#8211;<\/strong> <strong>Joshua Jay<\/strong><\/span><\/p>\n<p class=\"p1\" style=\"text-align: center;\"><em><span class=\"s1\">\u201eSWITCH-A-LOPE jest sprytny i praktyczny; jest przydatnym <\/span><\/em><\/p>\n<p class=\"p1\" style=\"text-align: center;\"><em><span class=\"s1\">dodatkiem do arsena\u0142u narz\u0119dzi mentalizmu\u201d.\u00a0<\/span><\/em><strong><span class=\"s1\">&#8211; <\/span><span class=\"s1\">Max Maven<\/span><\/strong><\/p>\n<p class=\"p1\">\u00a0<\/p>\n","protected":false},"featured_media":11082,"comment_status":"closed","ping_status":"open","template":"","meta":[],"product_brand":[],"product_cat":[24],"product_tag":[],"class_list":{"0":"post-11081","1":"product","2":"type-product","3":"status-publish","4":"has-post-thumbnail","6":"product_cat-mentalizm","8":"first","9":"instock","10":"purchasable","11":"product-type-simple"},"_links":{"self":[{"href":"https:\/\/magiiik.netstory.com.pl\/index.php?rest_route=\/wp\/v2\/product\/11081","targetHints":{"allow":["GET"]}}],"collection":[{"href":"https:\/\/magiiik.netstory.com.pl\/index.php?rest_route=\/wp\/v2\/product"}],"about":[{"href":"https:\/\/magiiik.netstory.com.pl\/index.php?rest_route=\/wp\/v2\/types\/product"}],"replies":[{"embeddable":true,"href":"https:\/\/magiiik.netstory.com.pl\/index.php?rest_route=%2Fwp%2Fv2%2Fcomments&post=11081"}],"wp:featuredmedia":[{"embeddable":true,"href":"https:\/\/magiiik.netstory.com.pl\/index.php?rest_route=\/wp\/v2\/media\/11082"}],"wp:attachment":[{"href":"https:\/\/magiiik.netstory.com.pl\/index.php?rest_route=%2Fwp%2Fv2%2Fmedia&parent=11081"}],"wp:term":[{"taxonomy":"product_brand","embeddable":true,"href":"https:\/\/magiiik.netstory.com.pl\/index.php?rest_route=%2Fwp%2Fv2%2Fproduct_brand&post=11081"},{"taxonomy":"product_cat","embeddable":true,"href":"https:\/\/magiiik.netstory.com.pl\/index.php?rest_route=%2Fwp%2Fv2%2Fproduct_cat&post=11081"},{"taxonomy":"product_tag","embeddable":true,"href":"https:\/\/magiiik.netstory.com.pl\/index.php?rest_route=%2Fwp%2Fv2%2Fproduct_tag&post=11081"}],"curies":[{"name":"wp","href":"https:\/\/api.w.org\/{rel}","templated":true}]}}