{"id":11071,"date":"2025-09-19T13:47:02","date_gmt":"2025-09-19T11:47:02","guid":{"rendered":"https:\/\/magiiik.netstory.com.pl\/produkt\/one-eye-of-god-niezwykla-koperta-do-peek\/"},"modified":"2025-09-19T13:47:22","modified_gmt":"2025-09-19T11:47:22","slug":"one-eye-of-god-niezwykla-koperta-do-peek","status":"publish","type":"product","link":"https:\/\/magiiik.netstory.com.pl\/?product=one-eye-of-god-niezwykla-koperta-do-peek","title":{"rendered":"One Eye Of God &#8211; Niezwyk\u0142a koperta do PEEK"},"content":{"rendered":"<p style=\"text-align: center;\">\u00a0<span class=\"s1\">One Eye Of God to koperta do podgl\u0105dania informacji zapisanych przez widza jak \u017cadna inna. <\/span><\/p>\n<p style=\"text-align: center;\"><span class=\"s1\">Jest to ca\u0142kowicie bezpieczna i atrakcyjna koperta w stylu karty podarunkowej. <\/span><\/p>\n<p style=\"text-align: center;\"><span class=\"s1\">Mo\u017ce by\u0107 pokazana ca\u0142kowicie po obu stronach, ale Ty zawsze mo\u017cesz wyra\u017anie podgl\u0105dn\u0105\u0107 wiadomo\u015b\u0107, kiedy tylko chcesz. <\/span><\/p>\n<p style=\"text-align: center;\"><span class=\"s1\">W ten spos\u00f3b koperta mo\u017ce odkry\u0107 przed Tob\u0105 wszystkie sekrety!<\/span><\/p>\n<p class=\"p1\" style=\"text-align: center;\"><span class=\"s1\">Nie ma szczelin ani ruchomych cz\u0119\u015bci. <\/span><\/p>\n<p class=\"p1\" style=\"text-align: center;\"><span class=\"s1\">Koperta stworzona bez u\u017cycia alkoholu ani \u017cadnych chemikali\u00f3w, kt\u00f3re nale\u017cy zastosowa\u0107. W rzeczywisto\u015bci nic nie jest dodawane ani odbierane. <\/span><\/p>\n<p class=\"p1\" style=\"text-align: center;\"><span class=\"s1\">Brak ruchomych cz\u0119\u015bci. Pomys\u0142owa koperta zrobi wszystko za Ciebie. Jest samodzielna i resetuje si\u0119 sama.<\/span><\/p>\n<p class=\"p2\" style=\"text-align: center;\">\u00a0<\/p>\n<p class=\"p1\" style=\"text-align: center;\"><strong><span class=\"s1\">Bez magnes\u00f3w<\/span><\/strong><\/p>\n<p class=\"p1\" style=\"text-align: center;\"><strong><span class=\"s1\">Bez gumek<\/span><\/strong><\/p>\n<p class=\"p1\" style=\"text-align: center;\"><strong><span class=\"s1\">Bez elektroniki <\/span><\/strong><\/p>\n<p class=\"p1\" style=\"text-align: center;\"><strong><span class=\"s1\">Nie nale\u017cy trzyma\u0107 jej pod \u015bwiat\u0142o ani umieszcza\u0107 w innej kopercie.<\/span><\/strong><\/p>\n<p class=\"p2\" style=\"text-align: center;\">\u00a0<\/p>\n<p class=\"p1\" style=\"text-align: center;\"><span class=\"s1\">Widzowie swoje my\u015bli zapisuj\u0105 na wizyt\u00f3wce. Mo\u017ce to by\u0107 nazwa, s\u0142owo, numer lub ma\u0142y rysunek. <\/span><\/p>\n<p class=\"p1\" style=\"text-align: center;\"><span class=\"s1\">Karta jest umieszczana w kopercie, niewidoczna, gdzie pozostaje przez ca\u0142y czas wyst\u0119pu. <\/span><\/p>\n<p class=\"p1\" style=\"text-align: center;\"><span class=\"s1\">Niemniej jednak zawsze mo\u017cesz uzyska\u0107 wgl\u0105d w to, co jest napisane.<\/span><\/p>\n<p class=\"p2\" style=\"text-align: center;\">\u00a0<\/p>\n<p class=\"p1\" style=\"text-align: center;\"><strong><span class=\"s1\">Jest to prze\u0142omowe i genialne zastosowanie klasycznego podst\u0119pu kopertowego okna. <\/span><\/strong><\/p>\n<p class=\"p1\" style=\"text-align: center;\"><strong><span class=\"s1\">Jednak dzi\u0119ki tej zamkni\u0119tej kopercie b\u0119dziesz m\u00f3g\u0142 nie tylko uzyska\u0107 tak samo wyra\u017ane spojrzenie, <\/span><\/strong><\/p>\n<p class=\"p1\" style=\"text-align: center;\"><strong><span class=\"s1\">jak w przypadku klasycznej metody, <\/span><\/strong><\/p>\n<p class=\"p1\" style=\"text-align: center;\"><strong><span class=\"s1\">ale b\u0119dziesz tak\u017ce w stanie udowodni\u0107, \u017ce koperta jest ca\u0142kowicie \u201enieprzezroczysta\u201d przed i po zerkni\u0119ciu &#8211; naprawd\u0119 jest !<\/span><\/strong><\/p>\n<p class=\"p2\" style=\"text-align: center;\">\u00a0<\/p>\n<p class=\"p1\" style=\"text-align: center;\"><span class=\"s1\">Koperta jest ca\u0142kowicie samowystarczalna, dzia\u0142a samoczynnie i resetuje si\u0119 sama, a nawet mo\u017ce zosta\u0107 aktywowana, <\/span><\/p>\n<p class=\"p1\" style=\"text-align: center;\"><span class=\"s1\">gdy jest umieszczony w r\u0119kach widza, wi\u0119c wykonuj\u0105 za ciebie ca\u0142\u0105 prac\u0119, nie zdaj\u0105c sobie z tego sprawy!<\/span><\/p>\n<p class=\"p2\" style=\"text-align: center;\">\u00a0<\/p>\n<p class=\"p1\" style=\"text-align: center;\"><span class=\"s1\">Tak, to brzmi zbyt dobrze, aby mog\u0142o by\u0107 prawdziwe. Teraz mo\u017cesz zobaczy\u0107, dlaczego Fraser nie chcia\u0142 si\u0119 tym dzieli\u0107 z wieloma osobami w przesz\u0142o\u015bci. <\/span><\/p>\n<p class=\"p1\" style=\"text-align: center;\"><span class=\"s1\">Uwa\u017ca, \u017ce teraz jest w\u0142a\u015bciwy czas, aby w ko\u0144cu podzieli\u0107 si\u0119 tym ze spo\u0142eczno\u015bci\u0105, zanim zostanie to skopiowane przez kogo\u015b innego.<\/span><\/p>\n<p class=\"p2\" style=\"text-align: center;\">\u00a0<\/p>\n<p class=\"p1\" style=\"text-align: center;\"><span class=\"s1\">Otrzymasz 1 x kopert\u0119 prezentow\u0105 i 1 x solidn\u0105 czarn\u0105 kopert\u0119, z kt\u00f3rych obie b\u0119d\u0105 wystarcza\u0142y na wiele przedstawie\u0144 (pod opiek\u0105). <\/span><\/p>\n<p class=\"p1\" style=\"text-align: center;\"><span class=\"s1\">Otrzymasz r\u00f3wnie\u017c instrukcje w formacie PDF, a tak\u017ce wideo do pobrania z r\u00f3\u017cnych czynno\u015bci i wyst\u0119p\u00f3w na \u017cywo.<\/span><\/p>\n<p class=\"p2\" style=\"text-align: center;\">\u00a0<\/p>\n<p class=\"p1\" style=\"text-align: center;\"><span class=\"s1\">Koperta oparta jest na kopertach Kolossal Killer Poker (3,5 cala x 2,5 cala, wi\u0119c zmie\u015bci si\u0119 w niej karta do gry w pokera lub karta z symbolem ESP). <\/span><\/p>\n<p class=\"p1\" style=\"text-align: center;\"><span class=\"s1\">Ka\u017cdy z mi\u0142o\u015bci\u0105 i staranno\u015bci\u0105 wykonany r\u0119cznie przez samego Frasera.<\/span><\/p>\n<p class=\"p1\" style=\"text-align: center;\">\u00a0\u00a0<\/p>\n<p style=\"text-align: center;\"><iframe loading=\"lazy\" src=\"https:\/\/www.youtube.com\/embed\/cUft0aPtHD4\" width=\"560\" height=\"315\" frameborder=\"0\" allowfullscreen=\"allowfullscreen\"><\/iframe><\/p>\n","protected":false},"excerpt":{"rendered":"<p style=\"text-align: center;\"><strong>Niezwyk\u0142a koperta do podgl\u0105dania wiadomo\u015bci napisanych przez widza.<\/strong><\/p>\n<p style=\"text-align: center;\"><strong>Sprawdzalna przed i po wykonaniu efektu!<\/strong><\/p>\n","protected":false},"featured_media":11072,"comment_status":"closed","ping_status":"open","template":"","meta":[],"product_brand":[],"product_cat":[24],"product_tag":[],"class_list":{"0":"post-11071","1":"product","2":"type-product","3":"status-publish","4":"has-post-thumbnail","6":"product_cat-mentalizm","8":"first","9":"instock","10":"purchasable","11":"product-type-simple"},"_links":{"self":[{"href":"https:\/\/magiiik.netstory.com.pl\/index.php?rest_route=\/wp\/v2\/product\/11071","targetHints":{"allow":["GET"]}}],"collection":[{"href":"https:\/\/magiiik.netstory.com.pl\/index.php?rest_route=\/wp\/v2\/product"}],"about":[{"href":"https:\/\/magiiik.netstory.com.pl\/index.php?rest_route=\/wp\/v2\/types\/product"}],"replies":[{"embeddable":true,"href":"https:\/\/magiiik.netstory.com.pl\/index.php?rest_route=%2Fwp%2Fv2%2Fcomments&post=11071"}],"wp:featuredmedia":[{"embeddable":true,"href":"https:\/\/magiiik.netstory.com.pl\/index.php?rest_route=\/wp\/v2\/media\/11072"}],"wp:attachment":[{"href":"https:\/\/magiiik.netstory.com.pl\/index.php?rest_route=%2Fwp%2Fv2%2Fmedia&parent=11071"}],"wp:term":[{"taxonomy":"product_brand","embeddable":true,"href":"https:\/\/magiiik.netstory.com.pl\/index.php?rest_route=%2Fwp%2Fv2%2Fproduct_brand&post=11071"},{"taxonomy":"product_cat","embeddable":true,"href":"https:\/\/magiiik.netstory.com.pl\/index.php?rest_route=%2Fwp%2Fv2%2Fproduct_cat&post=11071"},{"taxonomy":"product_tag","embeddable":true,"href":"https:\/\/magiiik.netstory.com.pl\/index.php?rest_route=%2Fwp%2Fv2%2Fproduct_tag&post=11071"}],"curies":[{"name":"wp","href":"https:\/\/api.w.org\/{rel}","templated":true}]}}