{"id":11068,"date":"2025-09-19T13:47:02","date_gmt":"2025-09-19T11:47:02","guid":{"rendered":"https:\/\/magiiik.netstory.com.pl\/produkt\/ominous-deck-omni-deck-z-pajakiem\/"},"modified":"2025-09-19T13:47:20","modified_gmt":"2025-09-19T11:47:20","slug":"ominous-deck-omni-deck-z-pajakiem","status":"publish","type":"product","link":"https:\/\/magiiik.netstory.com.pl\/?product=ominous-deck-omni-deck-z-pajakiem","title":{"rendered":"Ominous Deck (omni deck z paj\u0105kiem)"},"content":{"rendered":"<p style=\"text-align: center;\">Najpi\u0119kniejsza magia to ta, kt\u00f3ra wywo\u0142uje emocje &#8211; Ominous Deck z pewno\u015bci\u0105 w tym pomo\u017ce!<\/p>\n<p style=\"text-align: center;\">Masz tali\u0119 kart na kt\u00f3rej napisane s\u0105 r\u00f3\u017cne zwierz\u0119ta &#8211; widz wybiera kart\u0119 z napisem ,,paj\u0105k&#8221;.<\/p>\n<p style=\"text-align: center;\">Wk\u0142adasz mu tali\u0119 kart pomi\u0119dzy d\u0142onie, a ca\u0142a talia zamienia si\u0119 w zwierz\u0119, kt\u00f3re wybra\u0142!<\/p>\n<p style=\"text-align: center;\">\u00a0<\/p>\n<p style=\"text-align: center;\">Ko\u0144czysz swoj\u0105 rutyn\u0119 karcian\u0105. Dajesz tali\u0119 pomi\u0119dzy d\u0142onie jakiej\u015b kobiety.<\/p>\n<p style=\"text-align: center;\">Pytasz jej: ,,kt\u00f3rego owada kobiety boj\u0105 si\u0119 najbardziej?&#8221;<\/p>\n<p style=\"text-align: center;\">&#8222;To proste! Paj\u0105k\u00f3w!&#8221;<\/p>\n<p style=\"text-align: center;\">W tym momencie materializujesz to czego tak bardzo si\u0119 boj\u0105 kobiety pomi\u0119dzy d\u0142o\u0144mi widza!<\/p>\n<p style=\"text-align: center;\">\u00a0<\/p>\n<p style=\"text-align: center;\"><strong>Paj\u0105k wewn\u0105trz Omni Deck jest prawdziwy &#8211; nie\u017cywy, ale prawdziwy!<\/strong><\/p>\n<p style=\"text-align: center;\">\u00a0<\/p>\n","protected":false},"excerpt":{"rendered":"<p style=\"text-align: center;\"><strong>Omni Deck z paj\u0105kiem wewn\u0105trz<\/strong><\/p>\n","protected":false},"featured_media":11069,"comment_status":"closed","ping_status":"open","template":"","meta":[],"product_brand":[],"product_cat":[41],"product_tag":[],"class_list":{"0":"post-11068","1":"product","2":"type-product","3":"status-publish","4":"has-post-thumbnail","6":"product_cat-mikro-iluzja-close-up-efekty-z-kartami","8":"first","9":"instock","10":"purchasable","11":"product-type-simple"},"_links":{"self":[{"href":"https:\/\/magiiik.netstory.com.pl\/index.php?rest_route=\/wp\/v2\/product\/11068","targetHints":{"allow":["GET"]}}],"collection":[{"href":"https:\/\/magiiik.netstory.com.pl\/index.php?rest_route=\/wp\/v2\/product"}],"about":[{"href":"https:\/\/magiiik.netstory.com.pl\/index.php?rest_route=\/wp\/v2\/types\/product"}],"replies":[{"embeddable":true,"href":"https:\/\/magiiik.netstory.com.pl\/index.php?rest_route=%2Fwp%2Fv2%2Fcomments&post=11068"}],"wp:featuredmedia":[{"embeddable":true,"href":"https:\/\/magiiik.netstory.com.pl\/index.php?rest_route=\/wp\/v2\/media\/11069"}],"wp:attachment":[{"href":"https:\/\/magiiik.netstory.com.pl\/index.php?rest_route=%2Fwp%2Fv2%2Fmedia&parent=11068"}],"wp:term":[{"taxonomy":"product_brand","embeddable":true,"href":"https:\/\/magiiik.netstory.com.pl\/index.php?rest_route=%2Fwp%2Fv2%2Fproduct_brand&post=11068"},{"taxonomy":"product_cat","embeddable":true,"href":"https:\/\/magiiik.netstory.com.pl\/index.php?rest_route=%2Fwp%2Fv2%2Fproduct_cat&post=11068"},{"taxonomy":"product_tag","embeddable":true,"href":"https:\/\/magiiik.netstory.com.pl\/index.php?rest_route=%2Fwp%2Fv2%2Fproduct_tag&post=11068"}],"curies":[{"name":"wp","href":"https:\/\/api.w.org\/{rel}","templated":true}]}}