{"id":11066,"date":"2025-09-19T13:47:02","date_gmt":"2025-09-19T11:47:02","guid":{"rendered":"https:\/\/magiiik.netstory.com.pl\/produkt\/no-tear-pad-male-35x35-karteczki-nie-do-przedarcia\/"},"modified":"2025-09-19T13:47:20","modified_gmt":"2025-09-19T11:47:20","slug":"no-tear-pad-male-35x35-karteczki-nie-do-przedarcia","status":"publish","type":"product","link":"https:\/\/magiiik.netstory.com.pl\/?product=no-tear-pad-male-35x35-karteczki-nie-do-przedarcia","title":{"rendered":"No Tear Pad (ma\u0142e, 3,5&#215;3,5) &#8211; Karteczki nie do przedarcia"},"content":{"rendered":"<p style=\"text-align: center;\">Karteczki, kt\u00f3rych nie da si\u0119 przedrze\u0107!<\/p>\n<p style=\"text-align: center;\">Idealne do efekt\u00f3w &#8222;r\u00f3b to co ja&#8221;.<\/p>\n<p style=\"text-align: center;\">Dajesz widzowi kartk\u0119 oraz sam bierzesz jedn\u0105 dla siebie.<\/p>\n<p style=\"text-align: center;\">Widz wykonuje te ruchy co Ty.<\/p>\n<p style=\"text-align: center;\">Wielkie zdziwienie nast\u0119puje w momencie, gdy przedzierasz swoj\u0105 kartk\u0119 bez trudu,<\/p>\n<p style=\"text-align: center;\">a widz nie mo\u017ce przedrze\u0107 swojej!<\/p>\n<p style=\"text-align: center;\">\u00a0<\/p>\n<p style=\"text-align: center;\">Cena obejmuje 60szt. kartek nie do przedarcia<\/p>\n","protected":false},"excerpt":{"rendered":"<p style=\"text-align: center;\">Kartki idealne do efekt\u00f3w &#8222;r\u00f3b to co ja&#8221;<\/p>\n","protected":false},"featured_media":11067,"comment_status":"closed","ping_status":"open","template":"","meta":[],"product_brand":[],"product_cat":[34],"product_tag":[],"class_list":{"0":"post-11066","1":"product","2":"type-product","3":"status-publish","4":"has-post-thumbnail","6":"product_cat-mikro-iluzja-close-up-inne","8":"first","9":"instock","10":"purchasable","11":"product-type-simple"},"_links":{"self":[{"href":"https:\/\/magiiik.netstory.com.pl\/index.php?rest_route=\/wp\/v2\/product\/11066","targetHints":{"allow":["GET"]}}],"collection":[{"href":"https:\/\/magiiik.netstory.com.pl\/index.php?rest_route=\/wp\/v2\/product"}],"about":[{"href":"https:\/\/magiiik.netstory.com.pl\/index.php?rest_route=\/wp\/v2\/types\/product"}],"replies":[{"embeddable":true,"href":"https:\/\/magiiik.netstory.com.pl\/index.php?rest_route=%2Fwp%2Fv2%2Fcomments&post=11066"}],"wp:featuredmedia":[{"embeddable":true,"href":"https:\/\/magiiik.netstory.com.pl\/index.php?rest_route=\/wp\/v2\/media\/11067"}],"wp:attachment":[{"href":"https:\/\/magiiik.netstory.com.pl\/index.php?rest_route=%2Fwp%2Fv2%2Fmedia&parent=11066"}],"wp:term":[{"taxonomy":"product_brand","embeddable":true,"href":"https:\/\/magiiik.netstory.com.pl\/index.php?rest_route=%2Fwp%2Fv2%2Fproduct_brand&post=11066"},{"taxonomy":"product_cat","embeddable":true,"href":"https:\/\/magiiik.netstory.com.pl\/index.php?rest_route=%2Fwp%2Fv2%2Fproduct_cat&post=11066"},{"taxonomy":"product_tag","embeddable":true,"href":"https:\/\/magiiik.netstory.com.pl\/index.php?rest_route=%2Fwp%2Fv2%2Fproduct_tag&post=11066"}],"curies":[{"name":"wp","href":"https:\/\/api.w.org\/{rel}","templated":true}]}}