{"id":11064,"date":"2025-09-19T13:47:02","date_gmt":"2025-09-19T11:47:02","guid":{"rendered":"https:\/\/magiiik.netstory.com.pl\/produkt\/multiplying-bottles-mnozace-butelki\/"},"modified":"2025-09-19T13:47:19","modified_gmt":"2025-09-19T11:47:19","slug":"multiplying-bottles-mnozace-butelki","status":"publish","type":"product","link":"https:\/\/magiiik.netstory.com.pl\/?product=multiplying-bottles-mnozace-butelki","title":{"rendered":"Multiplying Bottles (Mno\u017c\u0105ce Butelki)"},"content":{"rendered":"<p class=\"p1\" style=\"text-align: center;\"><span class=\"s1\">Te bardzo realistycznie wygl\u0105daj\u0105ce butelki s\u0105 bardzo wysokiej jako\u015bci i s\u0105 wykonane z aluminium. <\/span><\/p>\n<p class=\"p1\" style=\"text-align: center;\"><span class=\"s1\">Zestaw zawiera 8 identycznie wygl\u0105daj\u0105cych butelek i 2 tubki. <\/span><\/p>\n<p class=\"p1\" style=\"text-align: center;\"><span class=\"s1\">Mo\u017cesz\u00a0wykona\u0107 r\u00f3\u017cne efekty\u00a0z tymi butelkami, takie jak przeniesiona butelka, butelka passe passe, mno\u017cenie butelek itp.\u00a0<\/span><\/p>\n<p class=\"p2\" style=\"text-align: center;\">\u00a0<\/p>\n<p class=\"p1\" style=\"text-align: center;\"><span class=\"s1\">W zestawie instrukta\u017cowe DVD. <\/span><\/p>\n<p class=\"p1\" style=\"text-align: center;\"><span class=\"s1\">Ca\u0142y system mo\u017cna umie\u015bci\u0107 w jednej z os\u0142on rur do transportu. <\/span><\/p>\n<p class=\"p1\" style=\"text-align: center;\"><span class=\"s1\">Rekwizyt Lekki i trwa\u0142y!<\/span><\/p>\n","protected":false},"excerpt":{"rendered":"<p style=\"text-align: center;\"><strong>Mno\u017c\u0105ce butelki do szampana.<\/strong><\/p>\n<p style=\"text-align: center;\"><strong>Realistyczny wygl\u0105d oraz wysoka trwa\u0142o\u015b\u0107!<\/strong><\/p>\n","protected":false},"featured_media":11065,"comment_status":"closed","ping_status":"open","template":"","meta":[],"product_brand":[],"product_cat":[65],"product_tag":[],"class_list":{"0":"post-11064","1":"product","2":"type-product","3":"status-publish","4":"has-post-thumbnail","6":"product_cat-iluzja-sceniczna-iluzja-sceniczna","8":"first","9":"instock","10":"purchasable","11":"product-type-simple"},"_links":{"self":[{"href":"https:\/\/magiiik.netstory.com.pl\/index.php?rest_route=\/wp\/v2\/product\/11064","targetHints":{"allow":["GET"]}}],"collection":[{"href":"https:\/\/magiiik.netstory.com.pl\/index.php?rest_route=\/wp\/v2\/product"}],"about":[{"href":"https:\/\/magiiik.netstory.com.pl\/index.php?rest_route=\/wp\/v2\/types\/product"}],"replies":[{"embeddable":true,"href":"https:\/\/magiiik.netstory.com.pl\/index.php?rest_route=%2Fwp%2Fv2%2Fcomments&post=11064"}],"wp:featuredmedia":[{"embeddable":true,"href":"https:\/\/magiiik.netstory.com.pl\/index.php?rest_route=\/wp\/v2\/media\/11065"}],"wp:attachment":[{"href":"https:\/\/magiiik.netstory.com.pl\/index.php?rest_route=%2Fwp%2Fv2%2Fmedia&parent=11064"}],"wp:term":[{"taxonomy":"product_brand","embeddable":true,"href":"https:\/\/magiiik.netstory.com.pl\/index.php?rest_route=%2Fwp%2Fv2%2Fproduct_brand&post=11064"},{"taxonomy":"product_cat","embeddable":true,"href":"https:\/\/magiiik.netstory.com.pl\/index.php?rest_route=%2Fwp%2Fv2%2Fproduct_cat&post=11064"},{"taxonomy":"product_tag","embeddable":true,"href":"https:\/\/magiiik.netstory.com.pl\/index.php?rest_route=%2Fwp%2Fv2%2Fproduct_tag&post=11064"}],"curies":[{"name":"wp","href":"https:\/\/api.w.org\/{rel}","templated":true}]}}