{"id":11061,"date":"2025-09-19T13:47:02","date_gmt":"2025-09-19T11:47:02","guid":{"rendered":"https:\/\/magiiik.netstory.com.pl\/produkt\/snowstorm-profesjonalisty-snieg-bialy\/"},"modified":"2025-09-19T13:47:17","modified_gmt":"2025-09-19T11:47:17","slug":"snowstorm-profesjonalisty-snieg-bialy","status":"publish","type":"product","link":"https:\/\/magiiik.netstory.com.pl\/?product=snowstorm-profesjonalisty-snieg-bialy","title":{"rendered":"Snowstorm Profesjonalisty (\u015bnieg) (bia\u0142y)"},"content":{"rendered":"<p class=\"p1\" style=\"text-align: center;\"><span class=\"s1\">Mamy zaszczyt przedstawi\u0107 SnowStorm Profesjonalisty!<\/span><\/p>\n<p class=\"p2\" style=\"text-align: center;\">\u00a0<\/p>\n<p class=\"p1\" style=\"text-align: center;\"><strong><span class=\"s1\">Klasyczny efekt:<\/span><\/strong><\/p>\n<p class=\"p1\" style=\"text-align: center;\"><span class=\"s1\">Pojedynczy kawa\u0142ek bia\u0142ej bibu\u0142y jest rozrywany na kawa\u0142ki i umieszczany w szklance wody. Kawa\u0142ki s\u0105 wyci\u0105gane z wody i wyciskane. <\/span><\/p>\n<p class=\"p1\" style=\"text-align: center;\"><span class=\"s1\">Ju\u017c po chwili machaj\u0105c wachlarzem nad kawa\u0142kiem bibu\u0142y, z Twojej d\u0142oni tworzy si\u0119 prawdziwa zamie\u0107<\/span><\/p>\n<p class=\"p2\" style=\"text-align: center;\">\u00a0<\/p>\n<p class=\"p1\" style=\"text-align: center;\"><strong><span class=\"s1\">NIE KLEI SI\u0118:<\/span><\/strong><\/p>\n<p class=\"p1\" style=\"text-align: center;\"><span class=\"s1\">SnowStorm profesjonalisty nie przykleja si\u0119 do siebie. Oznacza to, \u017ce b\u0119dziesz mie\u0107 prawie dwa razy wi\u0119cej \u015bniegu, <\/span><\/p>\n<p class=\"p1\" style=\"text-align: center;\"><span class=\"s1\">dzi\u0119ki czemu iluzja b\u0119dzie jeszcze pi\u0119kniejsza i niesamowita!<\/span><\/p>\n<p class=\"p1\" style=\"text-align: center;\">\u00a0<\/p>\n<p class=\"p1\" style=\"text-align: center;\"><strong><span class=\"s1\">JASNO\u015a\u0106:<\/span><\/strong><\/p>\n<p class=\"p1\" style=\"text-align: center;\"><span class=\"s1\">Papier, kt\u00f3ry zosta\u0142<span class=\"Apple-converted-space\">\u00a0 <\/span>wybrany dla tych p\u0142atk\u00f3w jest bardzo jasny bia\u0142y. Zapewnia to, \u017ce ka\u017cdy p\u0142atek z\u0142apie jak najwi\u0119cej \u015bwiat\u0142a. <\/span><\/p>\n<p class=\"p1\" style=\"text-align: center;\"><span class=\"s1\">Wiele konkurencyjnych produkt\u00f3w wykorzystuje papier w kolorze \u201ekremowym\u201d. Kiedy umie\u015bcisz Snowstorm Profesjonalisty obok innych, natychmiast zauwa\u017cysz r\u00f3\u017cnic\u0119.<\/span><\/p>\n<p class=\"p2\" style=\"text-align: center;\">\u00a0<\/p>\n<p class=\"p1\" style=\"text-align: center;\"><strong><span class=\"s1\">JAKO\u015a\u0106:<\/span><\/strong><\/p>\n<p class=\"p1\" style=\"text-align: center;\"><span class=\"s1\">U\u017cyty papier ma najlepsz\u0105 mo\u017cliw\u0105 jako\u015b\u0107 wygl\u0105du i dotyku. Papier jest bia\u0142y, bardzo cienki i lekki, <\/span><\/p>\n<p class=\"p1\" style=\"text-align: center;\"><span class=\"s1\">a jednocze\u015bnie mocny i swobodny w ruchu. Zauwa\u017cysz r\u00f3\u017cnic\u0119 w swoim pierwszym wyst\u0119pie!<\/p>\n<p><span style=\"font-size: 14pt;\"><strong>!!! UWAGA !!!<\/strong><\/span><\/span><\/p>\n<p class=\"p1\" style=\"text-align: center;\"><span class=\"s1\"><span style=\"font-size: 14pt;\"><strong>Podana cena jest za jeden <span style=\"text-decoration: underline; background-color: #ffffff; color: #ff0000;\">pakiet<\/span> snowstorm &#8211; nie za <span style=\"text-decoration: underline; color: #ff0000;\">paczk\u0119!<\/span><\/strong><\/span><\/span><\/p>\n<p class=\"p1\" style=\"text-align: center;\"><span style=\"color: #000000;\"><strong><span class=\"s1\"><span style=\"font-size: 14pt;\">Jeden pakiet starczy na jednorazowe wykonanie efektu ,,Zamieci \u015anie\u017cnej&#8221;<\/span><\/span><\/strong><\/span><\/p>\n","protected":false},"excerpt":{"rendered":"<p style=\"text-align: center;\"><strong>SnowStorm Profesjonalisty to wysokiej jako\u015bci pakiet do efektu tworzenia zamieci \u015bnie\u017cnej.<\/strong><\/p>\n<p style=\"text-align: center;\"><strong>Wejd\u017a w opis i przeczytaj jakie r\u00f3\u017cnice s\u0105 mi\u0119dzy <\/strong><\/p>\n<p style=\"text-align: center;\"><strong>Snowstorm Profesjonalisty a innymi produktami tego typu!<\/strong><\/p>\n","protected":false},"featured_media":11062,"comment_status":"closed","ping_status":"open","template":"","meta":[],"product_brand":[],"product_cat":[60],"product_tag":[],"class_list":{"0":"post-11061","1":"product","2":"type-product","3":"status-publish","4":"has-post-thumbnail","6":"product_cat-akcesoria-zele-pudry-snowstorm-refile-i-inne","8":"first","9":"instock","10":"purchasable","11":"product-type-simple"},"_links":{"self":[{"href":"https:\/\/magiiik.netstory.com.pl\/index.php?rest_route=\/wp\/v2\/product\/11061","targetHints":{"allow":["GET"]}}],"collection":[{"href":"https:\/\/magiiik.netstory.com.pl\/index.php?rest_route=\/wp\/v2\/product"}],"about":[{"href":"https:\/\/magiiik.netstory.com.pl\/index.php?rest_route=\/wp\/v2\/types\/product"}],"replies":[{"embeddable":true,"href":"https:\/\/magiiik.netstory.com.pl\/index.php?rest_route=%2Fwp%2Fv2%2Fcomments&post=11061"}],"wp:featuredmedia":[{"embeddable":true,"href":"https:\/\/magiiik.netstory.com.pl\/index.php?rest_route=\/wp\/v2\/media\/11062"}],"wp:attachment":[{"href":"https:\/\/magiiik.netstory.com.pl\/index.php?rest_route=%2Fwp%2Fv2%2Fmedia&parent=11061"}],"wp:term":[{"taxonomy":"product_brand","embeddable":true,"href":"https:\/\/magiiik.netstory.com.pl\/index.php?rest_route=%2Fwp%2Fv2%2Fproduct_brand&post=11061"},{"taxonomy":"product_cat","embeddable":true,"href":"https:\/\/magiiik.netstory.com.pl\/index.php?rest_route=%2Fwp%2Fv2%2Fproduct_cat&post=11061"},{"taxonomy":"product_tag","embeddable":true,"href":"https:\/\/magiiik.netstory.com.pl\/index.php?rest_route=%2Fwp%2Fv2%2Fproduct_tag&post=11061"}],"curies":[{"name":"wp","href":"https:\/\/api.w.org\/{rel}","templated":true}]}}