{"id":11059,"date":"2025-09-19T13:47:02","date_gmt":"2025-09-19T11:47:02","guid":{"rendered":"https:\/\/magiiik.netstory.com.pl\/produkt\/linking-hearts-2-0-laczace-serca-edycja-limitowana\/"},"modified":"2025-09-19T13:47:16","modified_gmt":"2025-09-19T11:47:16","slug":"linking-hearts-2-0-laczace-serca-edycja-limitowana","status":"publish","type":"product","link":"https:\/\/magiiik.netstory.com.pl\/?product=linking-hearts-2-0-laczace-serca-edycja-limitowana","title":{"rendered":"Linking Hearts 2.0 (\u0141\u0105cz\u0105ce serca) &#8211; EDYCJA LIMITOWANA!"},"content":{"rendered":"<p class=\"p1\" style=\"text-align: center;\"><strong><span class=\"s1\">OGRANICZONA\u00a0EDYCJA &#8211; Wyprodukowanych zosta\u0142o tylko 400 zestaw\u00f3w &#8211; WI\u0118CEJ PRODUKCJI NIE B\u0118DZIE!<\/span><\/strong><\/p>\n<p class=\"p2\" style=\"text-align: center;\">\u00a0<\/p>\n<p class=\"p2\" style=\"text-align: center;\">Vortex Magic ma pozwolenie na oferowanie bardzo ograniczonej oferty \u0141\u0105cz\u0105cych Serc z zupe\u0142nie now\u0105 rutyn\u0105 autorstwa Mike Liu.<\/p>\n<p class=\"p2\" style=\"text-align: center;\">Jest to rutyna \u0142\u0105czenia pier\u015bcieni, kt\u00f3ra oferuje wi\u0119cej mo\u017cliwo\u015bci ni\u017c jakakolwiek inna rutyna na rynku.<\/p>\n<p class=\"p2\" style=\"text-align: center;\">Pier\u015bcienie te s\u0105 specjalnie zaprojektowane i wykonane z wysokiej jako\u015bci 5-calowego metalu i powlekane trzykrotnie,<\/p>\n<p class=\"p2\" style=\"text-align: center;\">dzi\u0119ki czemu s\u0105 wystarczaj\u0105co wytrzyma\u0142e w najtrudniejszych warunkach pracy.<\/p>\n<p class=\"p2\" style=\"text-align: center;\">\u00a0<\/p>\n<p class=\"p1\" style=\"text-align: center;\"><span class=\"s1\">Ze wzgl\u0119du na pier\u015bcienie w kszta\u0142cie serca mo\u017cliwe jest tworzenie \u0142\u0105cze\u0144 i roz\u0142\u0105cze\u0144, kt\u00f3re nie s\u0105 mo\u017cliwe w przypadku standardowych pier\u015bcieni \u0142\u0105cz\u0105cych. <\/span><\/p>\n<p class=\"p1\" style=\"text-align: center;\"><span class=\"s1\">Kupuj\u0105c je, b\u0119dziesz mie\u0107 dost\u0119p do filmu instrukta\u017cowego, kt\u00f3ry nauczy ci\u0119 osobistej rutyny Mike&#8217;a.<\/span><\/p>\n<p class=\"p2\" style=\"text-align: center;\">\u00a0<\/p>\n<p class=\"p1\" style=\"text-align: center;\"><strong><span class=\"s1\">W komplecie z:<\/span><\/strong><\/p>\n<p class=\"p1\" style=\"text-align: center;\"><span class=\"s1\">Cztery 5-calowe pier\u015bcienie w kszta\u0142cie serca <\/span><\/p>\n<p class=\"p1\" style=\"text-align: center;\"><span class=\"s1\">Dost\u0119p do filmu instrukta\u017cowego, w kt\u00f3rym Mike uczy swojej rutyny zwi\u0105zanej z czterema pier\u015bcieniami.<\/span><\/p>\n<p class=\"p1\" style=\"text-align: center;\">\u00a0<\/p>\n<p class=\"p1\" style=\"text-align: center;\">\u00a0<\/p>\n<p style=\"text-align: center;\"><iframe loading=\"lazy\" src=\"https:\/\/www.youtube.com\/embed\/rnudXo2Z5Tk\" width=\"560\" height=\"315\" frameborder=\"0\" allowfullscreen=\"allowfullscreen\"><\/iframe><\/p>\n","protected":false},"excerpt":{"rendered":"<p style=\"text-align: center;\"><strong>!!! EDYCJA LIMITOWANA !!!<\/strong><\/p>\n<p style=\"text-align: center;\"><strong>\u0141\u0105cz\u0105ce serca idealne na imprezy weselne, jubileusze i nie tylko!<\/strong><\/p>\n<p style=\"text-align: center;\"><strong>Bardzo \u015bwie\u017cy powiew w sferze &#8222;\u0142\u0105czenia pier\u015bcieni&#8221;<\/strong><\/p>\n<p style=\"text-align: center;\"><strong>Wizualne sposoby \u0142\u0105czenia i roz\u0142\u0105czana.<\/strong><\/p>\n","protected":false},"featured_media":11060,"comment_status":"closed","ping_status":"open","template":"","meta":[],"product_brand":[],"product_cat":[65],"product_tag":[],"class_list":{"0":"post-11059","1":"product","2":"type-product","3":"status-publish","4":"has-post-thumbnail","6":"product_cat-iluzja-sceniczna-iluzja-sceniczna","8":"first","9":"instock","10":"purchasable","11":"product-type-simple"},"_links":{"self":[{"href":"https:\/\/magiiik.netstory.com.pl\/index.php?rest_route=\/wp\/v2\/product\/11059","targetHints":{"allow":["GET"]}}],"collection":[{"href":"https:\/\/magiiik.netstory.com.pl\/index.php?rest_route=\/wp\/v2\/product"}],"about":[{"href":"https:\/\/magiiik.netstory.com.pl\/index.php?rest_route=\/wp\/v2\/types\/product"}],"replies":[{"embeddable":true,"href":"https:\/\/magiiik.netstory.com.pl\/index.php?rest_route=%2Fwp%2Fv2%2Fcomments&post=11059"}],"wp:featuredmedia":[{"embeddable":true,"href":"https:\/\/magiiik.netstory.com.pl\/index.php?rest_route=\/wp\/v2\/media\/11060"}],"wp:attachment":[{"href":"https:\/\/magiiik.netstory.com.pl\/index.php?rest_route=%2Fwp%2Fv2%2Fmedia&parent=11059"}],"wp:term":[{"taxonomy":"product_brand","embeddable":true,"href":"https:\/\/magiiik.netstory.com.pl\/index.php?rest_route=%2Fwp%2Fv2%2Fproduct_brand&post=11059"},{"taxonomy":"product_cat","embeddable":true,"href":"https:\/\/magiiik.netstory.com.pl\/index.php?rest_route=%2Fwp%2Fv2%2Fproduct_cat&post=11059"},{"taxonomy":"product_tag","embeddable":true,"href":"https:\/\/magiiik.netstory.com.pl\/index.php?rest_route=%2Fwp%2Fv2%2Fproduct_tag&post=11059"}],"curies":[{"name":"wp","href":"https:\/\/api.w.org\/{rel}","templated":true}]}}