{"id":11055,"date":"2025-09-19T13:47:02","date_gmt":"2025-09-19T11:47:02","guid":{"rendered":"https:\/\/magiiik.netstory.com.pl\/produkt\/hot-by-zam-wong-bond-lee\/"},"modified":"2025-09-19T13:47:12","modified_gmt":"2025-09-19T11:47:12","slug":"hot-by-zam-wong-bond-lee","status":"publish","type":"product","link":"https:\/\/magiiik.netstory.com.pl\/?product=hot-by-zam-wong-bond-lee","title":{"rendered":"HOT by Zam Wong &#038; Bond Lee"},"content":{"rendered":"<p class=\"p1\" style=\"text-align: center;\"><strong><span class=\"s1\">Dokonuj cud\u00f3w za pomoc\u0105 Sharpie!<\/span><\/strong><\/p>\n<p class=\"p1\" style=\"text-align: center;\"><strong><span class=\"s1\">Sprytnie zaprojektowany, HOT\u00a0wygl\u0105da\u00a0przedmiot codziennego u\u017cytku, kt\u00f3ry zapewnia nadprzyrodzone moce! <\/span><\/strong><\/p>\n<p class=\"p1\" style=\"text-align: center;\"><strong><span class=\"s1\">R\u00f3\u017cne warianty u\u017cycia gimmick\u00f3w!<\/span><\/strong><\/p>\n<p class=\"p1\" style=\"text-align: center;\"><strong><span class=\"s1\">Najlepsze jest to, \u017ce tym\u00a0rekwizytem mo\u017cesz pisa\u0107 jak zwyk\u0142ym Sharpie!<\/span><\/strong><\/p>\n<p class=\"p2\" style=\"text-align: center;\"><strong>Pomy\u015bl jak wiele zastosowa\u0144 mo\u017ce da\u0107 ten rekwizyt!<\/strong><\/p>\n<p class=\"p2\" style=\"text-align: center;\"><strong>Pojawianie przedmiot\u00f3w, przepowiednie i wiele innych!<\/strong><\/p>\n<p class=\"p2\" style=\"text-align: center;\">\u00a0<\/p>\n<p class=\"p1\" style=\"text-align: center;\"><strong><span class=\"s1\">Zawarto\u015b\u0107:<\/span><\/strong><\/p>\n<p class=\"p1\" style=\"text-align: center;\"><strong><span class=\"s1\">Gimmick<\/span><\/strong><\/p>\n<p class=\"p1\" style=\"text-align: center;\"><strong><span class=\"s1\">Kabel do \u0142adowania<\/span><\/strong><\/p>\n<p class=\"p1\" style=\"text-align: center;\"><strong><span class=\"s1\">Pilot<\/span><\/strong><\/p>\n<p class=\"p1\" style=\"text-align: center;\"><strong><span class=\"s1\">Sk\u00f3rzana torba do przechowywania<\/span><\/strong><\/p>\n<p class=\"p1\" style=\"text-align: center;\">\u00a0<\/p>\n<p class=\"p1\" style=\"text-align: center;\">\u00a0<\/p>\n<p style=\"text-align: center;\"><iframe loading=\"lazy\" src=\"https:\/\/www.youtube.com\/embed\/CONr4hKin6I\" width=\"560\" height=\"315\" frameborder=\"0\" allowfullscreen=\"allowfullscreen\"><\/iframe><\/p>\n","protected":false},"excerpt":{"rendered":"<p style=\"text-align: center;\"><strong>Marker Sharpie, kt\u00f3rym mo\u017cesz jednocze\u015bnie pisa\u0107 oraz dokonywa\u0107 cud\u00f3w!<\/strong><\/p>\n","protected":false},"featured_media":11056,"comment_status":"closed","ping_status":"open","template":"","meta":[],"product_brand":[],"product_cat":[59],"product_tag":[],"class_list":{"0":"post-11055","1":"product","2":"type-product","3":"status-publish","4":"has-post-thumbnail","6":"product_cat-mikro-iluzja-close-up-sharpie-dlugopisy","8":"first","9":"instock","10":"purchasable","11":"product-type-simple"},"_links":{"self":[{"href":"https:\/\/magiiik.netstory.com.pl\/index.php?rest_route=\/wp\/v2\/product\/11055","targetHints":{"allow":["GET"]}}],"collection":[{"href":"https:\/\/magiiik.netstory.com.pl\/index.php?rest_route=\/wp\/v2\/product"}],"about":[{"href":"https:\/\/magiiik.netstory.com.pl\/index.php?rest_route=\/wp\/v2\/types\/product"}],"replies":[{"embeddable":true,"href":"https:\/\/magiiik.netstory.com.pl\/index.php?rest_route=%2Fwp%2Fv2%2Fcomments&post=11055"}],"wp:featuredmedia":[{"embeddable":true,"href":"https:\/\/magiiik.netstory.com.pl\/index.php?rest_route=\/wp\/v2\/media\/11056"}],"wp:attachment":[{"href":"https:\/\/magiiik.netstory.com.pl\/index.php?rest_route=%2Fwp%2Fv2%2Fmedia&parent=11055"}],"wp:term":[{"taxonomy":"product_brand","embeddable":true,"href":"https:\/\/magiiik.netstory.com.pl\/index.php?rest_route=%2Fwp%2Fv2%2Fproduct_brand&post=11055"},{"taxonomy":"product_cat","embeddable":true,"href":"https:\/\/magiiik.netstory.com.pl\/index.php?rest_route=%2Fwp%2Fv2%2Fproduct_cat&post=11055"},{"taxonomy":"product_tag","embeddable":true,"href":"https:\/\/magiiik.netstory.com.pl\/index.php?rest_route=%2Fwp%2Fv2%2Fproduct_tag&post=11055"}],"curies":[{"name":"wp","href":"https:\/\/api.w.org\/{rel}","templated":true}]}}