{"id":11053,"date":"2025-09-19T13:47:02","date_gmt":"2025-09-19T11:47:02","guid":{"rendered":"https:\/\/magiiik.netstory.com.pl\/produkt\/forksaken-2-0\/"},"modified":"2025-09-19T13:47:11","modified_gmt":"2025-09-19T11:47:11","slug":"forksaken-2-0","status":"publish","type":"product","link":"https:\/\/magiiik.netstory.com.pl\/?product=forksaken-2-0","title":{"rendered":"Forksaken 2.0"},"content":{"rendered":"<p class=\"p1\" style=\"text-align: center;\"><span class=\"s1\">Niesamowite reakcje i gwarantowany \u015bmiech !!!<\/span><\/p>\n<p class=\"p1\" style=\"text-align: center;\"><span class=\"s1\">\u0141\u0105cz\u0105c zami\u0142owanie do \u0142amig\u0142\u00f3wek z talentem do tworzenia pot\u0119\u017cnej i praktycznej magii, Mark opracowa\u0142 niesamowity efekt do iluzji Stand-Up oraz close-up w wersji 2.0.<\/span><\/p>\n<p class=\"p1\" style=\"text-align: center;\"><span class=\"s1\">Widz wybiera kart\u0119, a r\u00f3g zostaje oderwany.<\/span><\/p>\n<p class=\"p1\" style=\"text-align: center;\"><span class=\"s1\">Wyzwanie jest proste &#8211; nabi\u0107 na widelec kart\u0119\u00a0wybran\u0105 przez widza.<\/span><\/p>\n<p class=\"p1\" style=\"text-align: center;\"><span class=\"s1\">Z pomoc\u0105 widza karty s\u0105 wyrzucane w powietrze, a \u015bmiech zaczyna si\u0119, poniewa\u017c nie wszystko idzie zgodnie z planem !!!!!<\/span><\/p>\n<p class=\"p1\" style=\"text-align: center;\"><span class=\"s1\">Na koniec wrzucamy tali\u0119 kart do papierowej torby, kt\u00f3ra jest wstrz\u0105sana w celu przemieszania kart.<\/span><\/p>\n<p class=\"p1\" style=\"text-align: center;\"><span class=\"s1\">Nast\u0119pnie iluzjonista d\u017aga widelcem torb\u0119, przebijaj\u0105c jedn\u0105 kart\u0119, a reszta spada na pod\u0142og\u0119.<\/span><\/p>\n<p class=\"p1\" style=\"text-align: center;\"><span class=\"s1\">Kiedy karta d\u017agni\u0119ta zostanie odwr\u00f3cona, jest to karta wybrana.<\/span><\/p>\n<p class=\"p2\">\u00a0<\/p>\n<p class=\"p1\" style=\"text-align: center;\"><strong><span class=\"s1\">ALE TO NIE KONIEC! <\/span><\/strong><\/p>\n<p class=\"p1\" style=\"text-align: center;\"><span class=\"s1\">Karta jest teraz trwale i niemo\u017cliwie po\u0142\u0105czona z widelcem! <\/span><\/p>\n<p class=\"p1\" style=\"text-align: center;\"><span class=\"s1\">S\u0105 ca\u0142kowicie nieroz\u0142\u0105czne, a rozdarty brakuj\u0105cy r\u00f3g trzymany przez twojego <\/span><\/p>\n<p class=\"p1\" style=\"text-align: center;\"><span class=\"s1\">pomocnika od pocz\u0105tku pasuje w 100%!<\/span><\/p>\n<p class=\"p2\">\u00a0<\/p>\n<p class=\"p1\" style=\"text-align: center;\"><strong><span class=\"s1\">Zwyk\u0142a karta i zwyk\u0142y widelec, a niemo\u017cliwy przedmiot powinien zosta\u0107 natychmiast oddany publiczno\u015bci do kontroli.<\/span><\/strong><\/p>\n<p class=\"p2\" style=\"text-align: center;\">\u00a0<\/p>\n<p class=\"p1\" style=\"text-align: center;\"><span class=\"s1\">U\u017cyj w\u0142asnej talii kart!<\/span><\/p>\n<p class=\"p1\" style=\"text-align: center;\"><span class=\"s1\">W zestawie dostarczony jest czerwony gimmick, ale mo\u017cesz zastosowa\u0107 dowolne karty.<\/span><\/p>\n<p class=\"p2\" style=\"text-align: center;\">\u00a0<\/p>\n<p class=\"p1\" style=\"text-align: center;\"><span class=\"s1\">Instrukcja wideo zawiera pe\u0142n\u0105 metod\u0119 wykonania efektu \u201ewidelec z kart\u0105\u201d) oraz wyja\u015bnienie pe\u0142nej rutyny!<\/span><\/p>\n<p class=\"p2\" style=\"text-align: center;\">\u00a0<\/p>\n<p class=\"p1\" style=\"text-align: center;\"><span class=\"s1\">&#8211; Proste do zrobienia<\/span><\/p>\n<p class=\"p1\" style=\"text-align: center;\"><span class=\"s1\">&#8211; Brak prze\u0142\u0105cznik\u00f3w<\/span><\/p>\n<p class=\"p1\" style=\"text-align: center;\"><span class=\"s1\">&#8211; Efekt dobry zar\u00f3wno do mikromagii jak i magii Stand-Up<\/span><\/p>\n<p class=\"p1\" style=\"text-align: center;\"><span class=\"s1\">&#8211; Nowy upgrade 2.0 &#8211; zawarty w zestawie<\/span><\/p>\n<p class=\"p1\" style=\"text-align: center;\"><span class=\"s1\">&#8211; Torba (kt\u00f3ra mo\u017ce by\u0107 u\u017cywana do wielu wyst\u0119p\u00f3w)<\/span><\/p>\n<p class=\"p3\" style=\"text-align: center;\">\u00a0<\/p>\n<p class=\"p3\" style=\"text-align: center;\">\u00a0<\/p>\n<p class=\"p3\">\u00a0<\/p>\n<p class=\"p3\">\u00a0<\/p>\n<p style=\"text-align: center;\"><iframe loading=\"lazy\" src=\"https:\/\/www.youtube.com\/embed\/TYstSbYdtEc\" width=\"560\" height=\"315\" frameborder=\"0\" allowfullscreen=\"allowfullscreen\"><\/iframe><\/p>\n","protected":false},"excerpt":{"rendered":"<p style=\"text-align: center;\"><strong>Karta wybrana przez widza zostaje nabita na widelec<\/strong><\/p>\n<p style=\"text-align: center;\"><strong>ALE TO NIE WSZYSTKO!<\/strong><\/p>\n<p style=\"text-align: center;\"><strong>Wspania\u0142a rutyna zar\u00f3wno dla magii Close up jak i Stand Up<\/strong><\/p>\n","protected":false},"featured_media":11054,"comment_status":"closed","ping_status":"open","template":"","meta":[],"product_brand":[],"product_cat":[65],"product_tag":[],"class_list":{"0":"post-11053","1":"product","2":"type-product","3":"status-publish","4":"has-post-thumbnail","6":"product_cat-iluzja-sceniczna-iluzja-sceniczna","8":"first","9":"instock","10":"purchasable","11":"product-type-simple"},"_links":{"self":[{"href":"https:\/\/magiiik.netstory.com.pl\/index.php?rest_route=\/wp\/v2\/product\/11053","targetHints":{"allow":["GET"]}}],"collection":[{"href":"https:\/\/magiiik.netstory.com.pl\/index.php?rest_route=\/wp\/v2\/product"}],"about":[{"href":"https:\/\/magiiik.netstory.com.pl\/index.php?rest_route=\/wp\/v2\/types\/product"}],"replies":[{"embeddable":true,"href":"https:\/\/magiiik.netstory.com.pl\/index.php?rest_route=%2Fwp%2Fv2%2Fcomments&post=11053"}],"wp:featuredmedia":[{"embeddable":true,"href":"https:\/\/magiiik.netstory.com.pl\/index.php?rest_route=\/wp\/v2\/media\/11054"}],"wp:attachment":[{"href":"https:\/\/magiiik.netstory.com.pl\/index.php?rest_route=%2Fwp%2Fv2%2Fmedia&parent=11053"}],"wp:term":[{"taxonomy":"product_brand","embeddable":true,"href":"https:\/\/magiiik.netstory.com.pl\/index.php?rest_route=%2Fwp%2Fv2%2Fproduct_brand&post=11053"},{"taxonomy":"product_cat","embeddable":true,"href":"https:\/\/magiiik.netstory.com.pl\/index.php?rest_route=%2Fwp%2Fv2%2Fproduct_cat&post=11053"},{"taxonomy":"product_tag","embeddable":true,"href":"https:\/\/magiiik.netstory.com.pl\/index.php?rest_route=%2Fwp%2Fv2%2Fproduct_tag&post=11053"}],"curies":[{"name":"wp","href":"https:\/\/api.w.org\/{rel}","templated":true}]}}