{"id":11048,"date":"2025-09-19T13:47:02","date_gmt":"2025-09-19T11:47:02","guid":{"rendered":"https:\/\/magiiik.netstory.com.pl\/produkt\/comedy-hammer-mlotek-gag\/"},"modified":"2025-09-19T13:47:05","modified_gmt":"2025-09-19T11:47:05","slug":"comedy-hammer-mlotek-gag","status":"publish","type":"product","link":"https:\/\/magiiik.netstory.com.pl\/?product=comedy-hammer-mlotek-gag","title":{"rendered":"Comedy Hammer (m\u0142otek-gag)"},"content":{"rendered":"<p class=\"p1\" style=\"text-align: center;\"><span class=\"s1\">Wyobra\u017a sobie sytuacj\u0119. Zamierzasz naprawi\u0107 magiczny rekwizyt za pomoc\u0105 m\u0142otka. <\/span><\/p>\n<p class=\"p1\" style=\"text-align: center;\"><span class=\"s1\">Uderzasz kilka razy, po czym podajesz m\u0142otek swojemu asystentowi aby zrobi\u0142 to samo. <\/span><\/p>\n<p class=\"p1\" style=\"text-align: center;\"><span class=\"s1\">Kiedy pr\u00f3buje uderzy\u0107, nagle g\u0142owa spada!<\/span><\/p>\n<p class=\"p2\" style=\"text-align: center;\">\u00a0<\/p>\n<p class=\"p1\" style=\"text-align: center;\"><span class=\"s1\">Patrz\u0105c z zaskoczeniem, montujesz g\u0142ow\u0119 i prosisz osob\u0119 z publiczno\u015bci, aby poci\u0105gn\u0119\u0142a j\u0105, <\/span><\/p>\n<p class=\"p1\" style=\"text-align: center;\"><span class=\"s1\">aby sprawdzi\u0107, czy jest prawid\u0142owo zamocowana. Po potwierdzeniu ponownie oddaj jej <\/span><\/p>\n<p class=\"p1\" style=\"text-align: center;\"><span class=\"s1\">m\u0142otek i popro\u015b j\u0105 o uderzenie w rekwizyt. Gdy pr\u00f3buje to zrobi\u0107, g\u0142owa zn\u00f3w spada.<\/span><\/p>\n<p class=\"p1\" style=\"text-align: center;\">\u00a0<\/p>\n<p class=\"p1\" style=\"text-align: center;\"><strong><span class=\"s1\">To doskona\u0142y spos\u00f3b na salwy \u015bmiechu!<\/span><\/strong><\/p>\n","protected":false},"excerpt":{"rendered":"<p style=\"text-align: center;\"><strong>M\u0142otek-gag kt\u00f3ry z pewno\u015bci\u0105 wywo\u0142a salwy \u015bmiechu<\/strong><\/p>\n<p style=\"text-align: center;\"><strong>w\u015br\u00f3d publiczno\u015bci!<\/strong><\/p>\n","protected":false},"featured_media":11049,"comment_status":"closed","ping_status":"open","template":"","meta":[],"product_brand":[],"product_cat":[18],"product_tag":[],"class_list":{"0":"post-11048","1":"product","2":"type-product","3":"status-publish","4":"has-post-thumbnail","6":"product_cat-iluzja-dla-dzieci","8":"first","9":"instock","10":"purchasable","11":"product-type-simple"},"_links":{"self":[{"href":"https:\/\/magiiik.netstory.com.pl\/index.php?rest_route=\/wp\/v2\/product\/11048","targetHints":{"allow":["GET"]}}],"collection":[{"href":"https:\/\/magiiik.netstory.com.pl\/index.php?rest_route=\/wp\/v2\/product"}],"about":[{"href":"https:\/\/magiiik.netstory.com.pl\/index.php?rest_route=\/wp\/v2\/types\/product"}],"replies":[{"embeddable":true,"href":"https:\/\/magiiik.netstory.com.pl\/index.php?rest_route=%2Fwp%2Fv2%2Fcomments&post=11048"}],"wp:featuredmedia":[{"embeddable":true,"href":"https:\/\/magiiik.netstory.com.pl\/index.php?rest_route=\/wp\/v2\/media\/11049"}],"wp:attachment":[{"href":"https:\/\/magiiik.netstory.com.pl\/index.php?rest_route=%2Fwp%2Fv2%2Fmedia&parent=11048"}],"wp:term":[{"taxonomy":"product_brand","embeddable":true,"href":"https:\/\/magiiik.netstory.com.pl\/index.php?rest_route=%2Fwp%2Fv2%2Fproduct_brand&post=11048"},{"taxonomy":"product_cat","embeddable":true,"href":"https:\/\/magiiik.netstory.com.pl\/index.php?rest_route=%2Fwp%2Fv2%2Fproduct_cat&post=11048"},{"taxonomy":"product_tag","embeddable":true,"href":"https:\/\/magiiik.netstory.com.pl\/index.php?rest_route=%2Fwp%2Fv2%2Fproduct_tag&post=11048"}],"curies":[{"name":"wp","href":"https:\/\/api.w.org\/{rel}","templated":true}]}}