{"id":11044,"date":"2025-09-19T13:47:02","date_gmt":"2025-09-19T11:47:02","guid":{"rendered":"https:\/\/magiiik.netstory.com.pl\/produkt\/arckey-by-taiwan-ben\/"},"modified":"2025-09-19T13:47:03","modified_gmt":"2025-09-19T11:47:03","slug":"arckey-by-taiwan-ben","status":"publish","type":"product","link":"https:\/\/magiiik.netstory.com.pl\/?product=arckey-by-taiwan-ben","title":{"rendered":"ArcKey by Taiwan Ben"},"content":{"rendered":"<p class=\"p1\" style=\"text-align: center;\"><span class=\"s1\">Wszystko sprowadza si\u0119 do stylu.<\/span><\/p>\n<p class=\"p1\" style=\"text-align: center;\"><span class=\"s1\">Ca\u0142kowicie nowy ArcKey od Taiwan Ben jest najlepszym narz\u0119dziem do gi\u0119cia kluczy.<\/span><\/p>\n<p class=\"p1\" style=\"text-align: center;\"><span class=\"s1\">Ca\u0142y efekt mo\u017cna wykona\u0107 w d\u0142oni widza!<\/span><\/p>\n<p class=\"p2\" style=\"text-align: center;\">\u00a0<\/p>\n<p class=\"p1\" style=\"text-align: center;\"><span class=\"s1\">Klasyczny efekt gi\u0119cia kluczy mo\u017cna teraz wykonywa\u0107 za pomoc\u0105 realistycznie wygl\u0105daj\u0105cego kluczyka do samochodu.<\/span><\/p>\n<p class=\"p1\" style=\"text-align: center;\"><span class=\"s1\">Trzymaj go na breloczku i wykonuj w dowolnym momencie. <\/span><\/p>\n<p class=\"p1\" style=\"text-align: center;\"><strong><span class=\"s1\">Ma\u0142y rekwizyt &#8211; pot\u0119\u017cna dawka magii!<\/span><\/strong><\/p>\n<p class=\"p1\" style=\"text-align: center;\">\u00a0<\/p>\n<p class=\"p1\" style=\"text-align: center;\"><strong><span class=\"s1\">Gdy trzymasz w r\u0119ku ten bardzo wysokiej jako\u015bci rekwizyt, natychmiast zauwa\u017cysz dba\u0142o\u015b\u0107 o szczeg\u00f3\u0142y.<\/span><\/strong><\/p>\n<p class=\"p1\" style=\"text-align: center;\"><strong><span class=\"s1\">Sztuczka wysokiej jako\u015bci<\/span><\/strong><\/p>\n<p class=\"p1\" style=\"text-align: center;\"><strong><span class=\"s1\">Szczeg\u00f3\u0142owy samouczek wideo<\/span><\/strong><\/p>\n<p class=\"p1\" style=\"text-align: center;\"><strong><span class=\"s1\">100%\u00a0worker!<\/span><\/strong><\/p>\n<p class=\"p1\" style=\"text-align: center;\"><strong><span class=\"s1\">W cenie bezp\u0142atny jeden breloczek<\/span><\/strong><\/p>\n<p class=\"p1\" style=\"text-align: center;\"><strong><span class=\"s1\">Zawiera sze\u015b\u0107 rodzaj\u00f3w insygni\u00f3w (Audi, BMW, Toyota, Honda, VW, BENZ)<\/span><\/strong><\/p>\n<p class=\"p2\" style=\"text-align: center;\">\u00a0<\/p>\n<p class=\"p1\" style=\"text-align: center;\"><strong><span class=\"s1\">Uwielbiam t\u0119 niesamowit\u0105, mentaln\u0105, samozaginaj\u0105c\u0105 si\u0119 magi\u0119 kluczy samochodowych, wygl\u0105da jak filmowy efekt specjalny &#8211; Louis Yan<\/span><\/strong><\/p>\n<p class=\"p1\" style=\"text-align: center;\">\u00a0<\/p>\n<p style=\"text-align: center;\"><iframe loading=\"lazy\" src=\"https:\/\/www.youtube.com\/embed\/CKgWq2-KFjE\" width=\"560\" height=\"315\" frameborder=\"0\" allowfullscreen=\"allowfullscreen\"><\/iframe><\/p>\n","protected":false},"excerpt":{"rendered":"<p style=\"text-align: center;\"><strong>Praktyczny rekwizyt do gi\u0119cia kluczy.\u00a0<\/strong><\/p>\n<p style=\"text-align: center;\"><strong>Ca\u0142y efekt zginania klucza mo\u017cna wykona\u0107 w d\u0142oni widza!<\/strong><\/p>\n","protected":false},"featured_media":11045,"comment_status":"closed","ping_status":"open","template":"","meta":[],"product_brand":[],"product_cat":[34],"product_tag":[],"class_list":{"0":"post-11044","1":"product","2":"type-product","3":"status-publish","4":"has-post-thumbnail","6":"product_cat-mikro-iluzja-close-up-inne","8":"first","9":"instock","10":"purchasable","11":"product-type-simple"},"_links":{"self":[{"href":"https:\/\/magiiik.netstory.com.pl\/index.php?rest_route=\/wp\/v2\/product\/11044","targetHints":{"allow":["GET"]}}],"collection":[{"href":"https:\/\/magiiik.netstory.com.pl\/index.php?rest_route=\/wp\/v2\/product"}],"about":[{"href":"https:\/\/magiiik.netstory.com.pl\/index.php?rest_route=\/wp\/v2\/types\/product"}],"replies":[{"embeddable":true,"href":"https:\/\/magiiik.netstory.com.pl\/index.php?rest_route=%2Fwp%2Fv2%2Fcomments&post=11044"}],"wp:featuredmedia":[{"embeddable":true,"href":"https:\/\/magiiik.netstory.com.pl\/index.php?rest_route=\/wp\/v2\/media\/11045"}],"wp:attachment":[{"href":"https:\/\/magiiik.netstory.com.pl\/index.php?rest_route=%2Fwp%2Fv2%2Fmedia&parent=11044"}],"wp:term":[{"taxonomy":"product_brand","embeddable":true,"href":"https:\/\/magiiik.netstory.com.pl\/index.php?rest_route=%2Fwp%2Fv2%2Fproduct_brand&post=11044"},{"taxonomy":"product_cat","embeddable":true,"href":"https:\/\/magiiik.netstory.com.pl\/index.php?rest_route=%2Fwp%2Fv2%2Fproduct_cat&post=11044"},{"taxonomy":"product_tag","embeddable":true,"href":"https:\/\/magiiik.netstory.com.pl\/index.php?rest_route=%2Fwp%2Fv2%2Fproduct_tag&post=11044"}],"curies":[{"name":"wp","href":"https:\/\/api.w.org\/{rel}","templated":true}]}}