{"id":11036,"date":"2025-09-19T13:46:19","date_gmt":"2025-09-19T11:46:19","guid":{"rendered":"https:\/\/magiiik.netstory.com.pl\/produkt\/sztuka-iluzji-dla-kazdego-vol-1\/"},"modified":"2025-09-19T13:46:52","modified_gmt":"2025-09-19T11:46:52","slug":"sztuka-iluzji-dla-kazdego-vol-1","status":"publish","type":"product","link":"https:\/\/magiiik.netstory.com.pl\/?product=sztuka-iluzji-dla-kazdego-vol-1","title":{"rendered":"SZTUKA ILUZJI DLA KA\u017bDEGO &#8211; VOL. 1"},"content":{"rendered":"<div style=\"text-align: center;\"><strong>Ucz si\u0119 efekt\u00f3w magicznych od<\/strong><\/div>\n<div style=\"text-align: center;\"><strong>Iluzjonisty Damiana Ko\u015b\u0107<\/strong><\/div>\n<div style=\"text-align: center;\"><strong>2-krotnego mistrza Polski<\/strong><\/div>\n<div style=\"text-align: center;\"><strong>Jedynego iluzjonist\u0119 wpisanego<\/strong><\/div>\n<div style=\"text-align: center;\"><strong>do Encyklopedii Osobisto\u015bci Rzeczypospolitej Polskiej<\/strong><\/div>\n<div style=\"text-align: center;\"><strong>2-krotnie nagrodzonego za Wysoki Poziom Artystyczny<\/strong><\/div>\n<div>\u00a0<\/div>\n<div style=\"text-align: center;\">\u00a0<\/div>\n<div style=\"text-align: center;\"><strong>Efekty magiczne do nauki zar\u00f3wno dla dzieci jak i dla doros\u0142ych !<\/strong><\/div>\n<div style=\"text-align: center;\">\u00a0<\/div>\n<div style=\"text-align: center;\"><strong>Zawarte s\u0105 w nim efekty, kt\u00f3re sam &#8211; jako profesjonalny iluzjonista &#8211; nadal u\u017cywam w swoim repertuarze<\/strong><\/div>\n<div style=\"text-align: center;\"><strong>podczas pokaz\u00f3w. To godzinne DVD nauczy Ci\u0119:<\/strong><\/div>\n<div style=\"text-align: center;\">\u00a0<\/div>\n<div style=\"text-align: center;\">&#8211; Jak wyci\u0105ga\u0107 dowolne przedmioty z telefonu<\/div>\n<div style=\"text-align: center;\">&#8211; Jak sprawi\u0107 by znikn\u0119\u0142a moneta<\/div>\n<div style=\"text-align: center;\">&#8211; Jak sprawi\u0107 by karta wybrana przez widza<\/div>\n<div style=\"text-align: center;\">\u00a0 \u00a0sama wysun\u0119\u0142a si\u0119 z talii kart<\/div>\n<div style=\"text-align: center;\">&#8211; Przedziurawi\u0107 banknot widza i sprawi\u0107 by nadal by\u0142 ca\u0142y<\/div>\n<div style=\"text-align: center;\">&#8211; Jak sprawi\u0107 przy przeci\u0119ta sznur\u00f3wka po jednym\u00a0<\/div>\n<div style=\"text-align: center;\">\u00a0 dmuchni\u0119ciu by\u0142a z powrotem ca\u0142a<\/div>\n<div style=\"text-align: center;\">&#8211; Jak sprawi\u0107 by zwyk\u0142e monety po\u017cyczone od widza<\/div>\n<div style=\"text-align: center;\">\u00a0 sta\u0142y si\u0119 monetami magnetycznymi<\/div>\n<div style=\"text-align: center;\">\u00a0<\/div>\n<div style=\"text-align: center;\">I WIELE WI\u0118CEJ!<\/div>\n<div style=\"text-align: center;\">\u00a0<\/div>\n<div style=\"text-align: center;\">Wszystkie sekrety zosta\u0142y wyja\u015bnione krok po kroku i bardzo dok\u0142adnie, ze zwr\u00f3ceniem uwagi nawet<\/div>\n<div style=\"text-align: center;\">na najmniejsze detale. Sztuki przedstawione na tym DVD nie wymagaj\u0105 od Ciebie super zdolno\u015bci manualnych,<\/div>\n<div style=\"text-align: center;\">natomiast s\u0105 sztuczkami niezwykle widowiskowymi.<\/div>\n<div style=\"text-align: center;\">\u00a0<\/div>\n<div style=\"text-align: center;\"><strong>CZAS TRWANIA: 01:06:33<\/strong><\/div>\n<div style=\"text-align: center;\">\u00a0<\/div>\n<div style=\"text-align: center;\"><strong>UWAGA! PRODUKT PRZEZNACZONY DLA DZIECI POWY\u017bEJ 5 ROKU \u017bYCIA!<\/strong><\/div>\n","protected":false},"excerpt":{"rendered":"<div style=\"text-align: center;\"><strong>Ucz si\u0119 efekt\u00f3w magicznych od<\/strong><\/div>\n<div style=\"text-align: center;\"><strong>Iluzjonisty Damiana Ko\u015b\u0107<\/strong><\/div>\n<div style=\"text-align: center;\"><strong>2-krotnego mistrza Polski<\/strong><\/div>\n<div style=\"text-align: center;\"><strong>Iluzjonist\u0119 wpisanego<\/strong><\/div>\n<div style=\"text-align: center;\"><strong>do Encyklopedii Osobisto\u015bci Rzeczypospolitej Polskiej<\/strong><\/div>\n<div style=\"text-align: center;\"><strong>2-krotnie nagrodzonego za Wysoki Poziom Artystyczny<\/strong><\/div>\n","protected":false},"featured_media":11037,"comment_status":"closed","ping_status":"open","template":"","meta":[],"product_brand":[],"product_cat":[30],"product_tag":[],"class_list":{"0":"post-11036","1":"product","2":"type-product","3":"status-publish","4":"has-post-thumbnail","6":"product_cat-ksiazki-dvd-download","8":"first","9":"instock","10":"purchasable","11":"product-type-simple"},"_links":{"self":[{"href":"https:\/\/magiiik.netstory.com.pl\/index.php?rest_route=\/wp\/v2\/product\/11036","targetHints":{"allow":["GET"]}}],"collection":[{"href":"https:\/\/magiiik.netstory.com.pl\/index.php?rest_route=\/wp\/v2\/product"}],"about":[{"href":"https:\/\/magiiik.netstory.com.pl\/index.php?rest_route=\/wp\/v2\/types\/product"}],"replies":[{"embeddable":true,"href":"https:\/\/magiiik.netstory.com.pl\/index.php?rest_route=%2Fwp%2Fv2%2Fcomments&post=11036"}],"wp:featuredmedia":[{"embeddable":true,"href":"https:\/\/magiiik.netstory.com.pl\/index.php?rest_route=\/wp\/v2\/media\/11037"}],"wp:attachment":[{"href":"https:\/\/magiiik.netstory.com.pl\/index.php?rest_route=%2Fwp%2Fv2%2Fmedia&parent=11036"}],"wp:term":[{"taxonomy":"product_brand","embeddable":true,"href":"https:\/\/magiiik.netstory.com.pl\/index.php?rest_route=%2Fwp%2Fv2%2Fproduct_brand&post=11036"},{"taxonomy":"product_cat","embeddable":true,"href":"https:\/\/magiiik.netstory.com.pl\/index.php?rest_route=%2Fwp%2Fv2%2Fproduct_cat&post=11036"},{"taxonomy":"product_tag","embeddable":true,"href":"https:\/\/magiiik.netstory.com.pl\/index.php?rest_route=%2Fwp%2Fv2%2Fproduct_tag&post=11036"}],"curies":[{"name":"wp","href":"https:\/\/api.w.org\/{rel}","templated":true}]}}