{"id":11031,"date":"2025-09-19T13:46:19","date_gmt":"2025-09-19T11:46:19","guid":{"rendered":"https:\/\/magiiik.netstory.com.pl\/produkt\/yu-hojin-manipulation-cards-pro-white-karty-do-manipulacji\/"},"modified":"2025-09-19T13:46:46","modified_gmt":"2025-09-19T11:46:46","slug":"yu-hojin-manipulation-cards-pro-white-karty-do-manipulacji","status":"publish","type":"product","link":"https:\/\/magiiik.netstory.com.pl\/?product=yu-hojin-manipulation-cards-pro-white-karty-do-manipulacji","title":{"rendered":"Yu Hojin Manipulation Cards PRO (White) &#8211; Karty do manipulacji"},"content":{"rendered":"<p class=\"p1\" style=\"text-align: center;\"><strong><span class=\"s1\">100% r\u0119cznie robione!<\/span><\/strong><\/p>\n<p class=\"p2\" style=\"text-align: center;\">\u00a0<\/p>\n<p class=\"p3\" style=\"text-align: center;\"><strong><span class=\"s1\">Arcydzie\u0142o samego Yu Hojina, karty manipulacji, kt\u00f3rych u\u017cywa do swojego s\u0142ynnego aktu FISM!<\/span><\/strong><\/p>\n<p class=\"p2\" style=\"text-align: center;\">\u00a0<\/p>\n<p class=\"p3\" style=\"text-align: center;\"><span class=\"s1\">Karty manipulacji YU HOJIN PRO maj\u0105 inne funkcje ni\u017c oryginalne karty manipulacji YU HOJIN.<\/span><\/p>\n<p class=\"p2\" style=\"text-align: center;\">\u00a0<\/p>\n<p class=\"p3\" style=\"text-align: center;\"><span class=\"s1\">Przez ostatnie kilka lat Yu Hojin wk\u0142ada\u0142 wiele wysi\u0142ku w YU HOJIN Manipulation Cards PRO, aby <\/span><\/p>\n<p class=\"p3\" style=\"text-align: center;\"><span class=\"s1\">uczyni\u0107 je bardziej innowacyjnymi. Pod wzgl\u0119dem trudnych problem\u00f3w, jakich do\u015bwiadczy\u0142 przy u\u017cyciu <\/span><\/p>\n<p class=\"p3\" style=\"text-align: center;\"><span class=\"s1\">i<\/span><span class=\"s1\">nnych kart do manipulacji, ulepszy\u0142 i wprowadzi\u0142 innowacje dzi\u0119ki swojej nowej karcie manipulacji Yu Hojin Pro!<\/span><\/p>\n<p class=\"p2\" style=\"text-align: center;\">\u00a0<\/p>\n<p class=\"p3\" style=\"text-align: center;\"><span class=\"s1\">&#8211; Wytrzyma\u0142o\u015b\u0107 &#8211; kart nie da si\u0119 podrze\u0107<\/span><\/p>\n<p class=\"p3\" style=\"text-align: center;\"><span class=\"s1\">&#8211; Karty zachowuj\u0105 sw\u00f3j w\u0142asny kszta\u0142t, nawet je\u015bli s\u0105 przez chwil\u0119 zgi\u0119te lub przyci\u015bni\u0119te.<\/span><\/p>\n<p class=\"p3\" style=\"text-align: center;\"><span class=\"s1\">&#8211; Elastyczno\u015b\u0107 &#8211; karty nigdy nie trac\u0105 elastyczno\u015bci.<\/span><\/p>\n<p class=\"p3\" style=\"text-align: center;\"><span class=\"s1\">&#8211; Je\u015bli karty zabrudz\u0105 si\u0119 przez d\u0142ugi czas, mo\u017cesz je umy\u0107 wod\u0105.<\/span><\/p>\n<p class=\"p3\" style=\"text-align: center;\"><span class=\"s1\">&#8211; Oryginalna czarna grafika mo\u017ce by\u0107 u\u017cywana na wiele r\u00f3\u017cnych sposob\u00f3w. To pozwala bardzo naturalnie pokaza\u0107 rewers kart.<\/span><\/p>\n<p class=\"p3\" style=\"text-align: center;\"><span class=\"s1\">&#8211; S\u0105 wodoodporne, wilgo\u0107 i deszcz nie b\u0119d\u0105 mia\u0142y wp\u0142ywu na twoje programy lub \u0107wiczenia. Ponadto znacznie u\u0142atwia nak\u0142adanie proszku do wachlowania.<\/span><\/p>\n<p class=\"p3\" style=\"text-align: center;\"><span class=\"s1\">&#8211; Karty manipulacyjne YU HOJIN PRO s\u0105 cie\u0144sze ni\u017c jakiekolwiek inne karty manipulacyjne, co u\u0142atwia wykonywanie dowolnych technik. Pomimo cienko\u015bci karty s\u0105 bardzo elastyczne i trwa\u0142e.<\/span><\/p>\n<p class=\"p3\" style=\"text-align: center;\"><span class=\"s1\">&#8211; S\u0105 w 100% r\u0119cznie wykonane przez ekspert\u00f3w przy u\u017cyciu specjalnych materia\u0142\u00f3w, kt\u00f3rych odkrycie zaj\u0119\u0142o lata.<\/span><\/p>\n<p class=\"p2\" style=\"text-align: center;\">\u00a0<\/p>\n<p class=\"p3\" style=\"text-align: center;\"><span class=\"s1\">Zwyk\u0142e karty manipulacyjne YU HOJIN PRO obejmuj\u0105: 52 karty, kart\u0119 instrukcji i kart\u0119 z kodem QR.<\/span><\/p>\n","protected":false},"excerpt":{"rendered":"<p style=\"text-align: center;\"><strong>w\u00a0 100% r\u0119cznie wykonane karty do manipulacji<\/strong><\/p>\n<p style=\"text-align: center;\"><strong>W razie zabrudze\u0144 mo\u017cna my\u0107 wod\u0105 &#8211; wodoodporne<\/strong><\/p>\n<p style=\"text-align: center;\"><strong>Nie trac\u0105 elastyczno\u015bci<\/strong><\/p>\n<p style=\"text-align: center;\"><strong>Karty zachowuj\u0105 sw\u00f3j w\u0142asny kszta\u0142t &#8211; nawet je\u015bli s\u0105 przez chwil\u0119 zgi\u0119te<\/strong><\/p>\n","protected":false},"featured_media":11032,"comment_status":"closed","ping_status":"open","template":"","meta":[],"product_brand":[],"product_cat":[71],"product_tag":[],"class_list":{"0":"post-11031","1":"product","2":"type-product","3":"status-publish","4":"has-post-thumbnail","6":"product_cat-iluzja-sceniczna-manipulacje","8":"first","9":"instock","10":"purchasable","11":"product-type-simple"},"_links":{"self":[{"href":"https:\/\/magiiik.netstory.com.pl\/index.php?rest_route=\/wp\/v2\/product\/11031","targetHints":{"allow":["GET"]}}],"collection":[{"href":"https:\/\/magiiik.netstory.com.pl\/index.php?rest_route=\/wp\/v2\/product"}],"about":[{"href":"https:\/\/magiiik.netstory.com.pl\/index.php?rest_route=\/wp\/v2\/types\/product"}],"replies":[{"embeddable":true,"href":"https:\/\/magiiik.netstory.com.pl\/index.php?rest_route=%2Fwp%2Fv2%2Fcomments&post=11031"}],"wp:featuredmedia":[{"embeddable":true,"href":"https:\/\/magiiik.netstory.com.pl\/index.php?rest_route=\/wp\/v2\/media\/11032"}],"wp:attachment":[{"href":"https:\/\/magiiik.netstory.com.pl\/index.php?rest_route=%2Fwp%2Fv2%2Fmedia&parent=11031"}],"wp:term":[{"taxonomy":"product_brand","embeddable":true,"href":"https:\/\/magiiik.netstory.com.pl\/index.php?rest_route=%2Fwp%2Fv2%2Fproduct_brand&post=11031"},{"taxonomy":"product_cat","embeddable":true,"href":"https:\/\/magiiik.netstory.com.pl\/index.php?rest_route=%2Fwp%2Fv2%2Fproduct_cat&post=11031"},{"taxonomy":"product_tag","embeddable":true,"href":"https:\/\/magiiik.netstory.com.pl\/index.php?rest_route=%2Fwp%2Fv2%2Fproduct_tag&post=11031"}],"curies":[{"name":"wp","href":"https:\/\/api.w.org\/{rel}","templated":true}]}}