{"id":11029,"date":"2025-09-19T13:46:19","date_gmt":"2025-09-19T11:46:19","guid":{"rendered":"https:\/\/magiiik.netstory.com.pl\/produkt\/piszczalka-srednia-2-voice\/"},"modified":"2025-09-19T13:46:45","modified_gmt":"2025-09-19T11:46:45","slug":"piszczalka-srednia-2-voice","status":"publish","type":"product","link":"https:\/\/magiiik.netstory.com.pl\/?product=piszczalka-srednia-2-voice","title":{"rendered":"Piszcza\u0142ka \u015arednia &#8211; 2 voice"},"content":{"rendered":"<p style=\"text-align: center;\"><strong>Piszcza\u0142ka \u015arednia &#8211; 2 voice<\/strong><\/p>\n<p style=\"text-align: center;\"><strong>D\u0142ugo\u015b\u0107 &#8211; ok. 3 cm<\/strong><\/p>\n<p style=\"text-align: center;\"><strong>Piszcza\u0142ki o podw\u00f3jnym pisku (oznaczone 2 voice)<\/strong><\/p>\n<p style=\"text-align: center;\"><strong>piszcz\u0105 podw\u00f3jnie.<\/strong><\/p>\n","protected":false},"excerpt":{"rendered":"<p style=\"text-align: center;\"><strong>Piszcza\u0142ka \u015arednia &#8211; 2 voice<\/strong><\/p>\n","protected":false},"featured_media":11030,"comment_status":"closed","ping_status":"open","template":"","meta":[],"product_brand":[],"product_cat":[52],"product_tag":[],"class_list":{"0":"post-11029","1":"product","2":"type-product","3":"status-publish","4":"has-post-thumbnail","6":"product_cat-akcesoria-gagi-zarty","8":"first","9":"instock","10":"purchasable","11":"product-type-simple"},"_links":{"self":[{"href":"https:\/\/magiiik.netstory.com.pl\/index.php?rest_route=\/wp\/v2\/product\/11029","targetHints":{"allow":["GET"]}}],"collection":[{"href":"https:\/\/magiiik.netstory.com.pl\/index.php?rest_route=\/wp\/v2\/product"}],"about":[{"href":"https:\/\/magiiik.netstory.com.pl\/index.php?rest_route=\/wp\/v2\/types\/product"}],"replies":[{"embeddable":true,"href":"https:\/\/magiiik.netstory.com.pl\/index.php?rest_route=%2Fwp%2Fv2%2Fcomments&post=11029"}],"wp:featuredmedia":[{"embeddable":true,"href":"https:\/\/magiiik.netstory.com.pl\/index.php?rest_route=\/wp\/v2\/media\/11030"}],"wp:attachment":[{"href":"https:\/\/magiiik.netstory.com.pl\/index.php?rest_route=%2Fwp%2Fv2%2Fmedia&parent=11029"}],"wp:term":[{"taxonomy":"product_brand","embeddable":true,"href":"https:\/\/magiiik.netstory.com.pl\/index.php?rest_route=%2Fwp%2Fv2%2Fproduct_brand&post=11029"},{"taxonomy":"product_cat","embeddable":true,"href":"https:\/\/magiiik.netstory.com.pl\/index.php?rest_route=%2Fwp%2Fv2%2Fproduct_cat&post=11029"},{"taxonomy":"product_tag","embeddable":true,"href":"https:\/\/magiiik.netstory.com.pl\/index.php?rest_route=%2Fwp%2Fv2%2Fproduct_tag&post=11029"}],"curies":[{"name":"wp","href":"https:\/\/api.w.org\/{rel}","templated":true}]}}