{"id":11025,"date":"2025-09-19T13:46:19","date_gmt":"2025-09-19T11:46:19","guid":{"rendered":"https:\/\/magiiik.netstory.com.pl\/produkt\/piszczalka-akordeon-srednia-2-voice\/"},"modified":"2025-09-19T13:46:40","modified_gmt":"2025-09-19T11:46:40","slug":"piszczalka-akordeon-srednia-2-voice","status":"publish","type":"product","link":"https:\/\/magiiik.netstory.com.pl\/?product=piszczalka-akordeon-srednia-2-voice","title":{"rendered":"Piszcza\u0142ka Akordeon \u015arednia &#8211; 2 voice"},"content":{"rendered":"<p style=\"text-align: center;\"><strong>\u015aredniej wielko\u015bci piszcza\u0142ka jest idealna do magii komediowej i wyst\u0119p\u00f3w dla dzieci. <\/strong><\/p>\n<p style=\"text-align: center;\"><strong>W\u0142\u0105cz to do swojej nast\u0119pnej rutyny! Piskacze o podw\u00f3jnym g\u0142osie wydaj\u0105 d\u017awi\u0119k zar\u00f3wno <\/strong><\/p>\n<p style=\"text-align: center;\"><strong>po naci\u015bni\u0119ciu, jak i po zwolnieniu. Squeaker D\u0142ugo\u015b\u0107 oko\u0142o 6,5 cm<\/strong><\/p>\n","protected":false},"excerpt":{"rendered":"<p style=\"text-align: center;\"><strong>Piszcza\u0142ka \u015arednia (6,5cm)<\/strong><\/p>\n<p style=\"text-align: center;\"><strong>Double Voice<\/strong><\/p>\n","protected":false},"featured_media":11026,"comment_status":"closed","ping_status":"open","template":"","meta":[],"product_brand":[],"product_cat":[52],"product_tag":[],"class_list":{"0":"post-11025","1":"product","2":"type-product","3":"status-publish","4":"has-post-thumbnail","6":"product_cat-akcesoria-gagi-zarty","8":"first","9":"instock","10":"purchasable","11":"product-type-simple"},"_links":{"self":[{"href":"https:\/\/magiiik.netstory.com.pl\/index.php?rest_route=\/wp\/v2\/product\/11025","targetHints":{"allow":["GET"]}}],"collection":[{"href":"https:\/\/magiiik.netstory.com.pl\/index.php?rest_route=\/wp\/v2\/product"}],"about":[{"href":"https:\/\/magiiik.netstory.com.pl\/index.php?rest_route=\/wp\/v2\/types\/product"}],"replies":[{"embeddable":true,"href":"https:\/\/magiiik.netstory.com.pl\/index.php?rest_route=%2Fwp%2Fv2%2Fcomments&post=11025"}],"wp:featuredmedia":[{"embeddable":true,"href":"https:\/\/magiiik.netstory.com.pl\/index.php?rest_route=\/wp\/v2\/media\/11026"}],"wp:attachment":[{"href":"https:\/\/magiiik.netstory.com.pl\/index.php?rest_route=%2Fwp%2Fv2%2Fmedia&parent=11025"}],"wp:term":[{"taxonomy":"product_brand","embeddable":true,"href":"https:\/\/magiiik.netstory.com.pl\/index.php?rest_route=%2Fwp%2Fv2%2Fproduct_brand&post=11025"},{"taxonomy":"product_cat","embeddable":true,"href":"https:\/\/magiiik.netstory.com.pl\/index.php?rest_route=%2Fwp%2Fv2%2Fproduct_cat&post=11025"},{"taxonomy":"product_tag","embeddable":true,"href":"https:\/\/magiiik.netstory.com.pl\/index.php?rest_route=%2Fwp%2Fv2%2Fproduct_tag&post=11025"}],"curies":[{"name":"wp","href":"https:\/\/api.w.org\/{rel}","templated":true}]}}