{"id":11013,"date":"2025-09-19T13:46:19","date_gmt":"2025-09-19T11:46:19","guid":{"rendered":"https:\/\/magiiik.netstory.com.pl\/produkt\/flash-paper-papier-blyskowy-szybko-spalajacy\/"},"modified":"2025-09-19T13:46:31","modified_gmt":"2025-09-19T11:46:31","slug":"flash-paper-papier-blyskowy-szybko-spalajacy","status":"publish","type":"product","link":"https:\/\/magiiik.netstory.com.pl\/?product=flash-paper-papier-blyskowy-szybko-spalajacy","title":{"rendered":"Flash Paper \/ Papier b\u0142yskowy &#8211; Szybko spalaj\u0105cy"},"content":{"rendered":"<p style=\"text-align: center;\"><strong>Flash papier idealny do znikania, pojawiania i przemiany drobnych przedmiot\u00f3w &#8211; szybko pal\u0105cy.<\/strong><\/p>\n<p style=\"text-align: center;\"><strong>TYLKO DLA OS\u00d3B POWY\u017bEJ 18 ROKU \u017bYCIA!<\/strong><\/p>\n","protected":false},"excerpt":{"rendered":"<p style=\"text-align: center;\"><strong>W paczce cztery kartki w rozmiarze 8&#8243; x 9&#8243;<\/strong><\/p>\n","protected":false},"featured_media":11014,"comment_status":"closed","ping_status":"open","template":"","meta":[],"product_brand":[],"product_cat":[23],"product_tag":[],"class_list":{"0":"post-11013","1":"product","2":"type-product","3":"status-publish","4":"has-post-thumbnail","6":"product_cat-ogien-produkty-flash","8":"first","9":"instock","10":"purchasable","11":"product-type-simple"},"_links":{"self":[{"href":"https:\/\/magiiik.netstory.com.pl\/index.php?rest_route=\/wp\/v2\/product\/11013","targetHints":{"allow":["GET"]}}],"collection":[{"href":"https:\/\/magiiik.netstory.com.pl\/index.php?rest_route=\/wp\/v2\/product"}],"about":[{"href":"https:\/\/magiiik.netstory.com.pl\/index.php?rest_route=\/wp\/v2\/types\/product"}],"replies":[{"embeddable":true,"href":"https:\/\/magiiik.netstory.com.pl\/index.php?rest_route=%2Fwp%2Fv2%2Fcomments&post=11013"}],"wp:featuredmedia":[{"embeddable":true,"href":"https:\/\/magiiik.netstory.com.pl\/index.php?rest_route=\/wp\/v2\/media\/11014"}],"wp:attachment":[{"href":"https:\/\/magiiik.netstory.com.pl\/index.php?rest_route=%2Fwp%2Fv2%2Fmedia&parent=11013"}],"wp:term":[{"taxonomy":"product_brand","embeddable":true,"href":"https:\/\/magiiik.netstory.com.pl\/index.php?rest_route=%2Fwp%2Fv2%2Fproduct_brand&post=11013"},{"taxonomy":"product_cat","embeddable":true,"href":"https:\/\/magiiik.netstory.com.pl\/index.php?rest_route=%2Fwp%2Fv2%2Fproduct_cat&post=11013"},{"taxonomy":"product_tag","embeddable":true,"href":"https:\/\/magiiik.netstory.com.pl\/index.php?rest_route=%2Fwp%2Fv2%2Fproduct_tag&post=11013"}],"curies":[{"name":"wp","href":"https:\/\/api.w.org\/{rel}","templated":true}]}}