{"id":11008,"date":"2025-09-19T13:46:19","date_gmt":"2025-09-19T11:46:19","guid":{"rendered":"https:\/\/magiiik.netstory.com.pl\/produkt\/emagine-red-by-sebastian-calbry\/"},"modified":"2025-09-19T13:46:28","modified_gmt":"2025-09-19T11:46:28","slug":"emagine-red-by-sebastian-calbry","status":"publish","type":"product","link":"https:\/\/magiiik.netstory.com.pl\/?product=emagine-red-by-sebastian-calbry","title":{"rendered":"Emagine Red by Sebastian Calbry"},"content":{"rendered":"<p class=\"p1\" style=\"text-align: center;\"><span class=\"s1\">Emagine to wizualny efekt z atramentem o wielu zastosowaniach.<\/span><\/p>\n<p class=\"p1\" style=\"text-align: center;\"><span class=\"s1\">Wszechstronny gimmick, kt\u00f3ry pozwoli ci na natychmiastowe zmiany, pojawienia si\u0119 i znikni\u0119cia.<\/span><\/p>\n<p class=\"p1\" style=\"text-align: center;\"><span class=\"s1\">U\u017cyj Emagine, aby ujawni\u0107 prognoz\u0119, sprawi\u0107, by pojawi\u0142a si\u0119 przepowiednia,<\/span><\/p>\n<p class=\"p1\" style=\"text-align: center;\"><span class=\"s1\"> lub przeskoczy\u0142o s\u0142owo z jednej karty na drug\u0105.<\/span><\/p>\n<p class=\"p1\" style=\"text-align: center;\"><strong><span class=\"s1\">LINK DO FILMU:<\/span><\/strong><\/p>\n<p class=\"p1\" style=\"text-align: center;\"><span class=\"s1\"><a href=\"https:\/\/magiiik.netstory.com.pl\/47\">https:\/\/www.youtube.com\/watch?v=vl0UXsIPuyM<\/a><\/span><\/p>\n","protected":false},"excerpt":{"rendered":"<p class=\"p1\" style=\"text-align: center;\"><strong><span class=\"s1\">U\u017cyj Emagine, aby ujawni\u0107 prognoz\u0119, sprawi\u0107, by pojawi\u0142a si\u0119 przepowiednia,<\/span><\/strong><\/p>\n<p class=\"p1\" style=\"text-align: center;\"><strong><span class=\"s1\">lub przeskoczy\u0142o s\u0142owo z jednej karty na drug\u0105.<\/span><\/strong><\/p>\n","protected":false},"featured_media":11009,"comment_status":"closed","ping_status":"open","template":"","meta":[],"product_brand":[],"product_cat":[41],"product_tag":[],"class_list":{"0":"post-11008","1":"product","2":"type-product","3":"status-publish","4":"has-post-thumbnail","6":"product_cat-mikro-iluzja-close-up-efekty-z-kartami","8":"first","9":"instock","10":"purchasable","11":"product-type-simple"},"_links":{"self":[{"href":"https:\/\/magiiik.netstory.com.pl\/index.php?rest_route=\/wp\/v2\/product\/11008","targetHints":{"allow":["GET"]}}],"collection":[{"href":"https:\/\/magiiik.netstory.com.pl\/index.php?rest_route=\/wp\/v2\/product"}],"about":[{"href":"https:\/\/magiiik.netstory.com.pl\/index.php?rest_route=\/wp\/v2\/types\/product"}],"replies":[{"embeddable":true,"href":"https:\/\/magiiik.netstory.com.pl\/index.php?rest_route=%2Fwp%2Fv2%2Fcomments&post=11008"}],"wp:featuredmedia":[{"embeddable":true,"href":"https:\/\/magiiik.netstory.com.pl\/index.php?rest_route=\/wp\/v2\/media\/11009"}],"wp:attachment":[{"href":"https:\/\/magiiik.netstory.com.pl\/index.php?rest_route=%2Fwp%2Fv2%2Fmedia&parent=11008"}],"wp:term":[{"taxonomy":"product_brand","embeddable":true,"href":"https:\/\/magiiik.netstory.com.pl\/index.php?rest_route=%2Fwp%2Fv2%2Fproduct_brand&post=11008"},{"taxonomy":"product_cat","embeddable":true,"href":"https:\/\/magiiik.netstory.com.pl\/index.php?rest_route=%2Fwp%2Fv2%2Fproduct_cat&post=11008"},{"taxonomy":"product_tag","embeddable":true,"href":"https:\/\/magiiik.netstory.com.pl\/index.php?rest_route=%2Fwp%2Fv2%2Fproduct_tag&post=11008"}],"curies":[{"name":"wp","href":"https:\/\/api.w.org\/{rel}","templated":true}]}}