{"id":11000,"date":"2025-09-19T13:46:19","date_gmt":"2025-09-19T11:46:19","guid":{"rendered":"https:\/\/magiiik.netstory.com.pl\/produkt\/magic-light-bulb\/"},"modified":"2025-09-19T13:46:25","modified_gmt":"2025-09-19T11:46:25","slug":"magic-light-bulb","status":"publish","type":"product","link":"https:\/\/magiiik.netstory.com.pl\/?product=magic-light-bulb","title":{"rendered":"Magic Light Bulb"},"content":{"rendered":"<p style=\"text-align: center;\"><strong>Poka\u017c szklan\u0105 \u017car\u00f3wk\u0119 w pe\u0142nym rozmiarze. <\/strong><\/p>\n<p style=\"text-align: center;\"><strong>Wkr\u0119\u0107 go w pi\u0119\u015b\u0107 i zapali si\u0119! Mo\u017cesz sprawi\u0107, by ta \u017car\u00f3wka \u015bwieci\u0142a,<\/strong><\/p>\n<p style=\"text-align: center;\"><strong> zawsze i wsz\u0119dzie bez pomocy przewod\u00f3w elektrycznych.\u00a0<\/strong><\/p>\n","protected":false},"excerpt":{"rendered":"<p style=\"text-align: center;\"><strong>Samozapalaj\u0105ca si\u0119 \u017car\u00f3wka<\/strong><\/p>\n","protected":false},"featured_media":11001,"comment_status":"closed","ping_status":"open","template":"","meta":[],"product_brand":[],"product_cat":[34],"product_tag":[],"class_list":{"0":"post-11000","1":"product","2":"type-product","3":"status-publish","4":"has-post-thumbnail","6":"product_cat-mikro-iluzja-close-up-inne","8":"first","9":"instock","10":"purchasable","11":"product-type-simple"},"_links":{"self":[{"href":"https:\/\/magiiik.netstory.com.pl\/index.php?rest_route=\/wp\/v2\/product\/11000","targetHints":{"allow":["GET"]}}],"collection":[{"href":"https:\/\/magiiik.netstory.com.pl\/index.php?rest_route=\/wp\/v2\/product"}],"about":[{"href":"https:\/\/magiiik.netstory.com.pl\/index.php?rest_route=\/wp\/v2\/types\/product"}],"replies":[{"embeddable":true,"href":"https:\/\/magiiik.netstory.com.pl\/index.php?rest_route=%2Fwp%2Fv2%2Fcomments&post=11000"}],"wp:featuredmedia":[{"embeddable":true,"href":"https:\/\/magiiik.netstory.com.pl\/index.php?rest_route=\/wp\/v2\/media\/11001"}],"wp:attachment":[{"href":"https:\/\/magiiik.netstory.com.pl\/index.php?rest_route=%2Fwp%2Fv2%2Fmedia&parent=11000"}],"wp:term":[{"taxonomy":"product_brand","embeddable":true,"href":"https:\/\/magiiik.netstory.com.pl\/index.php?rest_route=%2Fwp%2Fv2%2Fproduct_brand&post=11000"},{"taxonomy":"product_cat","embeddable":true,"href":"https:\/\/magiiik.netstory.com.pl\/index.php?rest_route=%2Fwp%2Fv2%2Fproduct_cat&post=11000"},{"taxonomy":"product_tag","embeddable":true,"href":"https:\/\/magiiik.netstory.com.pl\/index.php?rest_route=%2Fwp%2Fv2%2Fproduct_tag&post=11000"}],"curies":[{"name":"wp","href":"https:\/\/api.w.org\/{rel}","templated":true}]}}