{"id":10994,"date":"2025-09-19T13:46:19","date_gmt":"2025-09-19T11:46:19","guid":{"rendered":"https:\/\/magiiik.netstory.com.pl\/produkt\/znikajaca-swieczka-czerwona\/"},"modified":"2025-09-19T13:46:23","modified_gmt":"2025-09-19T11:46:23","slug":"znikajaca-swieczka-czerwona","status":"publish","type":"product","link":"https:\/\/magiiik.netstory.com.pl\/?product=znikajaca-swieczka-czerwona","title":{"rendered":"Znikaj\u0105ca \u015bwieczka (czerwona)"},"content":{"rendered":"<p style=\"text-align: center;\">Dzi\u0119ki znikaj\u0105cej \u015bwieczce mo\u017cesz wykona\u0107 wiele efekt\u00f3w, takich jak:<\/p>\n<p style=\"text-align: center;\">&#8211; Znikanie<\/p>\n<p style=\"text-align: center;\">&#8211; Pojawianie<\/p>\n<p style=\"text-align: center;\">&#8211; Transformacja w chusteczk\u0119<\/p>\n<p style=\"text-align: center;\">\u015awieczka w kolorze czerwonym<\/p>\n","protected":false},"excerpt":{"rendered":"<p style=\"text-align: center;\"><strong>Znikaj\u0105ca \u015bwieczka (czerwona)<\/strong><\/p>\n","protected":false},"featured_media":10995,"comment_status":"closed","ping_status":"open","template":"","meta":[],"product_brand":[],"product_cat":[71],"product_tag":[],"class_list":{"0":"post-10994","1":"product","2":"type-product","3":"status-publish","4":"has-post-thumbnail","6":"product_cat-iluzja-sceniczna-manipulacje","8":"first","9":"instock","10":"purchasable","11":"product-type-simple"},"_links":{"self":[{"href":"https:\/\/magiiik.netstory.com.pl\/index.php?rest_route=\/wp\/v2\/product\/10994","targetHints":{"allow":["GET"]}}],"collection":[{"href":"https:\/\/magiiik.netstory.com.pl\/index.php?rest_route=\/wp\/v2\/product"}],"about":[{"href":"https:\/\/magiiik.netstory.com.pl\/index.php?rest_route=\/wp\/v2\/types\/product"}],"replies":[{"embeddable":true,"href":"https:\/\/magiiik.netstory.com.pl\/index.php?rest_route=%2Fwp%2Fv2%2Fcomments&post=10994"}],"wp:featuredmedia":[{"embeddable":true,"href":"https:\/\/magiiik.netstory.com.pl\/index.php?rest_route=\/wp\/v2\/media\/10995"}],"wp:attachment":[{"href":"https:\/\/magiiik.netstory.com.pl\/index.php?rest_route=%2Fwp%2Fv2%2Fmedia&parent=10994"}],"wp:term":[{"taxonomy":"product_brand","embeddable":true,"href":"https:\/\/magiiik.netstory.com.pl\/index.php?rest_route=%2Fwp%2Fv2%2Fproduct_brand&post=10994"},{"taxonomy":"product_cat","embeddable":true,"href":"https:\/\/magiiik.netstory.com.pl\/index.php?rest_route=%2Fwp%2Fv2%2Fproduct_cat&post=10994"},{"taxonomy":"product_tag","embeddable":true,"href":"https:\/\/magiiik.netstory.com.pl\/index.php?rest_route=%2Fwp%2Fv2%2Fproduct_tag&post=10994"}],"curies":[{"name":"wp","href":"https:\/\/api.w.org\/{rel}","templated":true}]}}