{"id":10989,"date":"2025-09-19T13:46:19","date_gmt":"2025-09-19T11:46:19","guid":{"rendered":"https:\/\/magiiik.netstory.com.pl\/produkt\/medium-by-hugo-valenzuela\/"},"modified":"2025-09-19T13:46:19","modified_gmt":"2025-09-19T11:46:19","slug":"medium-by-hugo-valenzuela","status":"publish","type":"product","link":"https:\/\/magiiik.netstory.com.pl\/?product=medium-by-hugo-valenzuela","title":{"rendered":"MEDIUM by Hugo Valenzuela"},"content":{"rendered":"<p class=\"p1\" style=\"text-align: center;\"><span class=\"s1\">We wszystko co jest niewidoczne dla oka, cz\u0119sto trudno uwierzy\u0107. Z tego powodu wielu ludzi wci\u0105\u017c kwestionuje istnienie duch\u00f3w i energii\u2026\u201d<\/span><\/p>\n<p class=\"p1\" style=\"text-align: center;\"><span class=\"s1\">Podczas wyst\u0119pu powiedz powy\u017csze, a mo\u017ce: \u201eDuchy nie pokazuj\u0105 si\u0119, gdzie jest du\u017co \u015bwiat\u0142a\u201d. <\/span><\/p>\n<p class=\"p1\" style=\"text-align: center;\"><span class=\"s1\">Mo\u017cesz o\u015bwietli\u0107 scen\u0119 za pomoc\u0105 \u015bwiec, a nawet \u015bwiat\u0142a emitowanego przez ekrany telefon\u00f3w kom\u00f3rkowych, tworz\u0105c jeszcze wi\u0119cej tajemnic.<\/span><\/p>\n<p class=\"p1\" style=\"text-align: center;\"><span class=\"s1\">Dzi\u0119ki tak kreatywnej prezentacji MEDIUM mo\u017ce powodowa\u0107 dreszcze w\u015br\u00f3d odbiorc\u00f3w.<\/span><\/p>\n<p class=\"p1\" style=\"text-align: center;\"><span class=\"s1\">Efekt: na twoj\u0105 r\u0119k\u0119 k\u0142adziony jest ma\u0142y przedmiot. Dzi\u0119ki Twojej koncentracji i twoich widz\u00f3w obiekt powoli i wyra\u017anie<\/span><\/p>\n<p class=\"p1\" style=\"text-align: center;\"><span class=\"s1\"> przesuwa si\u0119 na bok &#8211; a czasem nawet przewraca si\u0119! Szczeg\u00f3lnie mocny, gdy zostanie umieszczony pod szk\u0142em podczas tej niesamowitej demonstracji! <\/span><\/p>\n<p class=\"p1\" style=\"text-align: center;\"><span class=\"s1\">MEDIUM pozwala to osi\u0105gn\u0105\u0107. Czy duch ujawnia swoj\u0105 obecno\u015b\u0107 poprzez przedmiot?<\/span><\/p>\n<p class=\"p1\" style=\"text-align: center;\"><span class=\"s1\">&#8211; Film m\u00f3wi sam za siebie &#8211; zobaczysz, jak pot\u0119\u017cnie to wygl\u0105da!<\/span><\/p>\n<p class=\"p1\" style=\"text-align: center;\"><span class=\"s1\">Ma\u0142e przedmioty, takie jak:<\/span><\/p>\n<p class=\"p2\" style=\"text-align: center;\">\u00a0<\/p>\n<p class=\"p1\" style=\"text-align: center;\"><span class=\"s1\">* Monety<\/span><\/p>\n<p class=\"p1\" style=\"text-align: center;\"><span class=\"s1\">* Kawa\u0142ki kart ze s\u0142owami na nich zapisanymi<\/span><\/p>\n<p class=\"p1\" style=\"text-align: center;\"><span class=\"s1\">* Relikwiarze &#8211; przedmiot mo\u017ce zosta\u0107 przykryty szk\u0142em podczas tego niemo\u017cliwego efektu!<\/span><\/p>\n<p class=\"p1\" style=\"text-align: center;\"><span class=\"s1\">* Prognozy na papierze<\/span><\/p>\n<p class=\"p1\" style=\"text-align: center;\">\u00a0<\/p>\n<p class=\"p1\" style=\"text-align: center;\"><span class=\"s1\">Obiekty mo\u017cna po\u017cyczy\u0107 i podpisa\u0107.<\/span><\/p>\n<p class=\"p1\" style=\"text-align: center;\"><span class=\"s1\">MEDIUM obejmuje gimmick i obja\u015bniaj\u0105ce wideo online.<\/span><\/p>\n<p class=\"p1\" style=\"text-align: center;\"><span class=\"s1\">Film poka\u017ce, jak przygotowa\u0107 sztuczk\u0119 i r\u00f3\u017cne metody wykonania dla ka\u017cdej sytuacji.<\/span><\/p>\n<p class=\"p1\" style=\"text-align: center;\"><span class=\"s1\">MEDIUM to nie tylko magiczny efekt. Skutek, jaki wywo\u0142uje, mo\u017ce poddawa\u0107 w w\u0105tpliwo\u015b\u0107 dawne przekonania ludzi, dlatego powiniene\u015b stara\u0107 si\u0119 stosowa\u0107 je odpowiedzialnie.<\/span><\/p>\n<p class=\"p1\" style=\"text-align: center;\">\u00a0<\/p>\n<p class=\"p1\" style=\"text-align: center;\"><span class=\"s1\">LINK DO FILMU:<\/span><\/p>\n<p class=\"p1\" style=\"text-align: center;\"><span class=\"s1\"><a href=\"https:\/\/magiiik.netstory.com.pl\/43\">https:\/\/www.youtube.com\/watch?v=9iJ2GgunLBc<\/a><\/span><\/p>\n","protected":false},"excerpt":{"rendered":"<p style=\"text-align: center;\"><strong>Po\u017cyczane i podpisane przedmioty<\/strong><\/p>\n<p style=\"text-align: center;\"><strong>podnosz\u0105 si\u0119 za pomoc\u0105 si\u0142y umys\u0142u<\/strong><\/p>\n<p style=\"text-align: center;\"><strong>na Twojej d\u0142oni<\/strong><\/p>\n","protected":false},"featured_media":10990,"comment_status":"closed","ping_status":"open","template":"","meta":[],"product_brand":[],"product_cat":[34],"product_tag":[],"class_list":{"0":"post-10989","1":"product","2":"type-product","3":"status-publish","4":"has-post-thumbnail","6":"product_cat-mikro-iluzja-close-up-inne","8":"first","9":"instock","10":"purchasable","11":"product-type-simple"},"_links":{"self":[{"href":"https:\/\/magiiik.netstory.com.pl\/index.php?rest_route=\/wp\/v2\/product\/10989","targetHints":{"allow":["GET"]}}],"collection":[{"href":"https:\/\/magiiik.netstory.com.pl\/index.php?rest_route=\/wp\/v2\/product"}],"about":[{"href":"https:\/\/magiiik.netstory.com.pl\/index.php?rest_route=\/wp\/v2\/types\/product"}],"replies":[{"embeddable":true,"href":"https:\/\/magiiik.netstory.com.pl\/index.php?rest_route=%2Fwp%2Fv2%2Fcomments&post=10989"}],"wp:featuredmedia":[{"embeddable":true,"href":"https:\/\/magiiik.netstory.com.pl\/index.php?rest_route=\/wp\/v2\/media\/10990"}],"wp:attachment":[{"href":"https:\/\/magiiik.netstory.com.pl\/index.php?rest_route=%2Fwp%2Fv2%2Fmedia&parent=10989"}],"wp:term":[{"taxonomy":"product_brand","embeddable":true,"href":"https:\/\/magiiik.netstory.com.pl\/index.php?rest_route=%2Fwp%2Fv2%2Fproduct_brand&post=10989"},{"taxonomy":"product_cat","embeddable":true,"href":"https:\/\/magiiik.netstory.com.pl\/index.php?rest_route=%2Fwp%2Fv2%2Fproduct_cat&post=10989"},{"taxonomy":"product_tag","embeddable":true,"href":"https:\/\/magiiik.netstory.com.pl\/index.php?rest_route=%2Fwp%2Fv2%2Fproduct_tag&post=10989"}],"curies":[{"name":"wp","href":"https:\/\/api.w.org\/{rel}","templated":true}]}}