{"id":10985,"date":"2025-09-19T13:45:30","date_gmt":"2025-09-19T11:45:30","guid":{"rendered":"https:\/\/magiiik.netstory.com.pl\/produkt\/elf-electronic-light-flash-by-cigma-magic\/"},"modified":"2025-09-19T13:46:09","modified_gmt":"2025-09-19T11:46:09","slug":"elf-electronic-light-flash-by-cigma-magic","status":"publish","type":"product","link":"https:\/\/magiiik.netstory.com.pl\/?product=elf-electronic-light-flash-by-cigma-magic","title":{"rendered":"ELF (Electronic Light Flash) by CIGMA Magic"},"content":{"rendered":"<p class=\"p1\" style=\"text-align: center;\"><span class=\"s1\">ELF, miniaturowy flasher z du\u017cym o\u015bwietleniem, ostrze\u017ce twoj\u0105 publiczno\u015b\u0107 przed wp\u0142ywem nast\u0119puj\u0105cych efekt\u00f3w. <\/span><\/p>\n<p class=\"p1\" style=\"text-align: center;\"><span class=\"s1\">ELF, stworzony jako ga\u0142\u0105\u017a systemu Cloud 9, ma wsp\u00f3lny otw\u00f3r na wtyczk\u0119 w chmurze 9. Dzi\u0119ki temu oba produkty <\/span><\/p>\n<p class=\"p1\" style=\"text-align: center;\"><span class=\"s1\">mog\u0105 by\u0107 uruchamiane przez wsp\u00f3lne prze\u0142\u0105czniki. Po zainstalowaniu dodatkowych pin\u00f3w, ELF przewy\u017csza <\/span><\/p>\n<p class=\"p1\" style=\"text-align: center;\"><span class=\"s1\">liczebnie wszystkie pozosta\u0142e flashery, poniewa\u017c kilka z nich mo\u017cna po\u0142\u0105czy\u0107 razem w jednym rz\u0119dzie, aby <\/span><\/p>\n<p class=\"p1\" style=\"text-align: center;\"><span class=\"s1\">strzeli\u0107 niezwykle jasny atak. ELF mo\u017ce by\u0107 silniejszy, gdy jest wyposa\u017cony w Zestaw EAC w systemie Cloud 9. <\/span><\/p>\n<p class=\"p1\" style=\"text-align: center;\"><span class=\"s1\">Cztery spersonalizowane prze\u0142\u0105czniki dzia\u0142aj\u0105ce na r\u00f3\u017cnych zasadach s\u0105 zawarte w EAC, czekaj\u0105c na uzbrojenie i u\u017cycie.<\/span><\/p>\n","protected":false},"excerpt":{"rendered":"<p style=\"text-align: center;\"><strong>Praktyczny flasher, z wieloma r\u00f3\u017cnymi<\/strong><\/p>\n<p style=\"text-align: center;\"><strong>mo\u017cliwo\u015bciami u\u017cycia i pod\u0142\u0105czenia i po\u0142\u0105czenia<\/strong><\/p>\n<p style=\"text-align: center;\"><strong>z innymi urz\u0105dzeniami. Cztery r\u00f3\u017cne prze\u0142\u0105czniki.<\/strong><\/p>\n","protected":false},"featured_media":10986,"comment_status":"closed","ping_status":"open","template":"","meta":[],"product_brand":[],"product_cat":[71],"product_tag":[],"class_list":{"0":"post-10985","1":"product","2":"type-product","3":"status-publish","4":"has-post-thumbnail","6":"product_cat-iluzja-sceniczna-manipulacje","8":"first","9":"instock","10":"purchasable","11":"product-type-simple"},"_links":{"self":[{"href":"https:\/\/magiiik.netstory.com.pl\/index.php?rest_route=\/wp\/v2\/product\/10985","targetHints":{"allow":["GET"]}}],"collection":[{"href":"https:\/\/magiiik.netstory.com.pl\/index.php?rest_route=\/wp\/v2\/product"}],"about":[{"href":"https:\/\/magiiik.netstory.com.pl\/index.php?rest_route=\/wp\/v2\/types\/product"}],"replies":[{"embeddable":true,"href":"https:\/\/magiiik.netstory.com.pl\/index.php?rest_route=%2Fwp%2Fv2%2Fcomments&post=10985"}],"wp:featuredmedia":[{"embeddable":true,"href":"https:\/\/magiiik.netstory.com.pl\/index.php?rest_route=\/wp\/v2\/media\/10986"}],"wp:attachment":[{"href":"https:\/\/magiiik.netstory.com.pl\/index.php?rest_route=%2Fwp%2Fv2%2Fmedia&parent=10985"}],"wp:term":[{"taxonomy":"product_brand","embeddable":true,"href":"https:\/\/magiiik.netstory.com.pl\/index.php?rest_route=%2Fwp%2Fv2%2Fproduct_brand&post=10985"},{"taxonomy":"product_cat","embeddable":true,"href":"https:\/\/magiiik.netstory.com.pl\/index.php?rest_route=%2Fwp%2Fv2%2Fproduct_cat&post=10985"},{"taxonomy":"product_tag","embeddable":true,"href":"https:\/\/magiiik.netstory.com.pl\/index.php?rest_route=%2Fwp%2Fv2%2Fproduct_tag&post=10985"}],"curies":[{"name":"wp","href":"https:\/\/api.w.org\/{rel}","templated":true}]}}