{"id":10977,"date":"2025-09-19T13:45:30","date_gmt":"2025-09-19T11:45:30","guid":{"rendered":"https:\/\/magiiik.netstory.com.pl\/produkt\/twister-by-jay-sankey\/"},"modified":"2025-09-19T13:46:05","modified_gmt":"2025-09-19T11:46:05","slug":"twister-by-jay-sankey","status":"publish","type":"product","link":"https:\/\/magiiik.netstory.com.pl\/?product=twister-by-jay-sankey","title":{"rendered":"Twister by Jay Sankey"},"content":{"rendered":"<p class=\"p1\" style=\"text-align: center;\"><span class=\"s1\">W przeciwie\u0144stwie do wi\u0119kszo\u015bci operacji gi\u0119cia na klucz, w przypadku TWISTER w\u0142a\u015bnie sprawdzony klucz pozostaje w widoku, nie tylko przed i po gi\u0119ciu, ale nawet PODCZAS gi\u0119cia! Publiczno\u015b\u0107 mo\u017ce ZOBACZY\u0106 zagi\u0119cie klucza bez \u017cadnej os\u0142ony, a nast\u0119pnie mo\u017cesz natychmiast go odda\u0107, bez podmiany !!<\/span><\/p>\n<p class=\"p2\" style=\"text-align: center;\">\u00a0<\/p>\n<p class=\"p1\" style=\"text-align: center;\"><span class=\"s1\">Widz mo\u017ce podpisa\u0107 klucz swoimi inicja\u0142ami! Nawet bardziej szalony, widz mo\u017ce faktycznie chwyci\u0107 g\u0142ow\u0119 klucza i OBR\u00d3CI\u0106 go o pe\u0142ne 90 stopni! I znowu, mo\u017cesz to odda\u0107 natychmiast, bez podmieniania!<\/span><\/p>\n<p class=\"p2\" style=\"text-align: center;\">\u00a0<\/p>\n<p class=\"p1\" style=\"text-align: center;\"><strong><span class=\"s1\">TWISTER jest wyposa\u017cony w specjalnie obrabiany chwyt i ekscytuj\u0105c\u0105 pe\u0142nowymiarow\u0105 instrukta\u017cow\u0105 p\u0142yt\u0119 DVD z kilkoma r\u00f3\u017cnymi funkcjami, w tym:<\/span><\/strong><\/p>\n<p class=\"p1\" style=\"text-align: center;\"><strong><span class=\"s1\">Twisted Twist<\/span><\/strong><\/p>\n<p class=\"p1\" style=\"text-align: center;\"><strong><span class=\"s1\">Skr\u0119t paznokci<\/span><\/strong><\/p>\n<p class=\"p1\" style=\"text-align: center;\"><strong><span class=\"s1\">Prezentacja Mike&#8217;a Skutta<\/span><\/strong><\/p>\n<p class=\"p1\" style=\"text-align: center;\"><strong><span class=\"s1\">Prze\u0142\u0105cznik jednor\u0119czny<\/span><\/strong><\/p>\n<p class=\"p1\" style=\"text-align: center;\"><strong><span class=\"s1\">The Spectator Twist<\/span><\/strong><\/p>\n<p class=\"p1\" style=\"text-align: center;\"><strong><span class=\"s1\">Nauczysz si\u0119 nawet kilku sposob\u00f3w odginania klucza !!!<\/span><\/strong><\/p>\n<p class=\"p1\" style=\"text-align: center;\"><span class=\"s1\">Ponadto, poniewa\u017c TWISTER ma ten sam wz\u00f3r klucza, co nasz najlepiej sprzedaj\u0105cy si\u0119 efekt KILLER KEY, oba stanowi\u0105 wyj\u0105tkow\u0105 kombinacj\u0119!<\/span><\/p>\n<p class=\"p2\" style=\"text-align: center;\">\u00a0<\/p>\n<p class=\"p1\" style=\"text-align: center;\"><span class=\"s1\">\u201ePrzez lata wykonywa\u0142em kilka r\u00f3\u017cnych zgi\u0119tych kluczy i czynno\u015bci w rzeczywistych warunkach, ale wci\u0105\u017c wracam do Twister. Jest to bardzo praktyczne, niezwykle \u0142atwe i szalone wizualnie!\u201d<\/span><\/p>\n<p class=\"p1\" style=\"text-align: center;\"><span class=\"s1\">&#8211; Jay Sankey<\/span><\/p>\n<p class=\"p2\" style=\"text-align: center;\">\u00a0<\/p>\n<p class=\"p1\" style=\"text-align: center;\"><span class=\"s1\">Oparty na rutynie gi\u0119cia \u0142y\u017cek Jay, stworzonej ponad dziesi\u0119\u0107 lat temu, TWISTER jest kluczowym zginaczem \u201ez r\u00f3\u017cnic\u0105\u201d.<\/span><\/p>\n<p class=\"p1\" style=\"text-align: center;\"><span class=\"s1\">LINK DO FILMU:<\/span><\/p>\n<p class=\"p1\" style=\"text-align: center;\"><span class=\"s1\"><a href=\"https:\/\/magiiik.netstory.com.pl\/40\">https:\/\/www.youtube.com\/watch?v=Qr7P7SI_8rE<\/a><\/span><\/p>\n","protected":false},"excerpt":{"rendered":"<p style=\"text-align: center;\"><strong>Ekstrymalnie wizualny, super praktyczny, \u0142atwy<\/strong><\/p>\n<p style=\"text-align: center;\"><strong>spos\u00f3b na zginanie klucza!<\/strong><\/p>\n","protected":false},"featured_media":10978,"comment_status":"closed","ping_status":"open","template":"","meta":[],"product_brand":[],"product_cat":[34],"product_tag":[],"class_list":{"0":"post-10977","1":"product","2":"type-product","3":"status-publish","4":"has-post-thumbnail","6":"product_cat-mikro-iluzja-close-up-inne","8":"first","9":"instock","10":"purchasable","11":"product-type-simple"},"_links":{"self":[{"href":"https:\/\/magiiik.netstory.com.pl\/index.php?rest_route=\/wp\/v2\/product\/10977","targetHints":{"allow":["GET"]}}],"collection":[{"href":"https:\/\/magiiik.netstory.com.pl\/index.php?rest_route=\/wp\/v2\/product"}],"about":[{"href":"https:\/\/magiiik.netstory.com.pl\/index.php?rest_route=\/wp\/v2\/types\/product"}],"replies":[{"embeddable":true,"href":"https:\/\/magiiik.netstory.com.pl\/index.php?rest_route=%2Fwp%2Fv2%2Fcomments&post=10977"}],"wp:featuredmedia":[{"embeddable":true,"href":"https:\/\/magiiik.netstory.com.pl\/index.php?rest_route=\/wp\/v2\/media\/10978"}],"wp:attachment":[{"href":"https:\/\/magiiik.netstory.com.pl\/index.php?rest_route=%2Fwp%2Fv2%2Fmedia&parent=10977"}],"wp:term":[{"taxonomy":"product_brand","embeddable":true,"href":"https:\/\/magiiik.netstory.com.pl\/index.php?rest_route=%2Fwp%2Fv2%2Fproduct_brand&post=10977"},{"taxonomy":"product_cat","embeddable":true,"href":"https:\/\/magiiik.netstory.com.pl\/index.php?rest_route=%2Fwp%2Fv2%2Fproduct_cat&post=10977"},{"taxonomy":"product_tag","embeddable":true,"href":"https:\/\/magiiik.netstory.com.pl\/index.php?rest_route=%2Fwp%2Fv2%2Fproduct_tag&post=10977"}],"curies":[{"name":"wp","href":"https:\/\/api.w.org\/{rel}","templated":true}]}}