{"id":10969,"date":"2025-09-19T13:45:30","date_gmt":"2025-09-19T11:45:30","guid":{"rendered":"https:\/\/magiiik.netstory.com.pl\/produkt\/neomix-by-jim-krenz\/"},"modified":"2025-09-19T13:45:55","modified_gmt":"2025-09-19T11:45:55","slug":"neomix-by-jim-krenz","status":"publish","type":"product","link":"https:\/\/magiiik.netstory.com.pl\/?product=neomix-by-jim-krenz","title":{"rendered":"NeoMix by Jim Krenz"},"content":{"rendered":"<p class=\"p1\" style=\"text-align: center;\"><span class=\"s1\">Jim Krenz zdoby\u0142 upragnion\u0105 nagrod\u0119 MVP Fechtera w roku, w kt\u00f3rym zadebiutowa\u0142 z NeoMix. Dla tych, kt\u00f3rzy nie wiedz\u0105, oznacza to, \u017ce Jim (i NeoMix) zostali wybrani MVP przez 300 najlepszych artyst\u00f3w na \u015bwiecie. <\/span><\/p>\n<p class=\"p1\" style=\"text-align: center;\"><span class=\"s1\">Czym jest NeoMix?<\/span><\/p>\n<p class=\"p2\" style=\"text-align: center;\">NeoMix to tr\u00f3jfazowy olej i woda, jakiego jeszcze nie widzia\u0142e\u015b. Pierwsze dwie fazy s\u0105 zadziwiaj\u0105ce i czyste (i, na szcz\u0119\u015bcie, nieruchome!).<\/p>\n<p class=\"p2\" style=\"text-align: center;\">Ale to trzeci etap, sprawi, \u017ce publika nie zapomni tego efektu przez d\u0142ugi czas. Po zademonstrowaniu, w jaki spos\u00f3b czerwone i czarne<\/p>\n<p class=\"p2\" style=\"text-align: center;\">karty oddzielaj\u0105 si\u0119 magicznie, potrz\u0105sasz paczk\u0105 kart mi\u0119dzy d\u0142o\u0144mi i ujawniasz, \u017ce WSZYSTKIE ZNACZKI KART MIESZAJ\u0104 SI\u0118 NA KARTACH!<\/p>\n<p class=\"p2\" style=\"text-align: center;\">Tworzysz, za pomoc\u0105 magii, pakiet b\u0142\u0119dnie wydrukowanych, dziwacznych i wizualnie zatrzymuj\u0105cych \u201eniemo\u017cliwych\u201d kart, kt\u00f3rych Twoi widzowie nigdy nie zapomn\u0105.<\/p>\n<p class=\"p2\" style=\"text-align: center;\">\u00a0<\/p>\n<p class=\"p1\" style=\"text-align: center;\"><span class=\"s1\">To jedna z tych sztuczek, kt\u00f3rych nie da si\u0119 opisa\u0107<span class=\"Apple-converted-space\">\u00a0 <\/span>poprzez tekst. Zr\u00f3b sobie przys\u0142ug\u0119 i obejrzyj zwiastun do ko\u0144ca &#8230; <\/span><\/p>\n<p class=\"p1\" style=\"text-align: center;\"><strong><span class=\"s1\">oszuka\u0142o to niekt\u00f3rych z najlepszych magik\u00f3w na \u015bwiecie!<\/span><\/strong><\/p>\n<p class=\"p2\" style=\"text-align: center;\">\u00a0<\/p>\n<p class=\"p1\" style=\"text-align: center;\"><strong><span class=\"s1\">\u201eMam wiele metod na olej i wod\u0119, ale wersja Jima, NeoMix, osi\u0105gn\u0119\u0142a doskona\u0142o\u015b\u0107!\u201d<\/span><\/strong><\/p>\n<p class=\"p1\" style=\"text-align: center;\"><span class=\"s1\">&#8211; Juan Tamariz<\/span><\/p>\n<p class=\"p2\" style=\"text-align: center;\">\u00a0<\/p>\n<p class=\"p1\" style=\"text-align: center;\"><strong><span class=\"s1\">\u201ePrzez lata Jim Krenz tworzy\u0142 kulminacje wielu klasycznych efekt\u00f3w magicznych. NeoMix mo\u017ce by\u0107 najbardziej wizualny, najbardziej zaskakuj\u0105cy, a jednocze\u015bnie najbardziej odpowiedni, ko\u0144cz\u0105cy si\u0119 na oleju i wodzie, jaki mo\u017cna sobie wyobrazi\u0107.<\/span><\/strong><\/p>\n<p class=\"p1\" style=\"text-align: center;\"><span class=\"s1\">&#8211; Simon Aronson<\/span><\/p>\n<p class=\"p2\" style=\"text-align: center;\">\u00a0<\/p>\n<p class=\"p1\" style=\"text-align: center;\"><strong><span class=\"s1\">\u201eNie ma wp\u0142ywu na to, \u017ce sp\u0119dza\u0142em wi\u0119cej czasu na zmienianiu. Wariacje Jima to takie, kt\u00f3re doda\u0142bym do mojego repertuaru\u201d.<\/span><\/strong><\/p>\n<p class=\"p1\" style=\"text-align: center;\"><span class=\"s1\">&#8211; David Solomon<\/span><\/p>\n<p class=\"p2\" style=\"text-align: center;\">\u00a0<\/p>\n<p class=\"p1\" style=\"text-align: center;\"><strong><span class=\"s1\">\u201eNeoMix ma wszystkie cechy, kt\u00f3re tworz\u0105 \u015bwietn\u0105 sztuczk\u0119 pakietow\u0105: zwodnicz\u0105, wci\u0105gaj\u0105c\u0105 i niezwykle atrakcyjn\u0105 zako\u0144czenie poza rytmem\u201d.<\/span><\/strong><\/p>\n<p class=\"p1\" style=\"text-align: center;\"><span class=\"s1\">&#8211; Simon Aronson<\/span><\/p>\n<p class=\"p1\" style=\"text-align: center;\"><span class=\"s1\">\u00a0<\/span><\/p>\n<p class=\"p1\" style=\"text-align: center;\"><span class=\"s1\">LINK DO FILMU:<br \/><\/span><\/p>\n<p class=\"p1\" style=\"text-align: center;\"><span class=\"s1\"><a href=\"https:\/\/magiiik.netstory.com.pl\/37\">https:\/\/www.youtube.com\/watch?v=rbZxADqfxvU<\/a><\/span><\/p>\n","protected":false},"excerpt":{"rendered":"<p style=\"text-align: center;\"><strong>Efekt ,,Olej i Woda&#8221; w mega wizualnym wydaniu, genialny w prostocie<\/strong><\/p>\n<p style=\"text-align: center;\"><strong>oraz z niezwykle zaskakuj\u0105cym fina\u0142em!<\/strong><\/p>\n","protected":false},"featured_media":10970,"comment_status":"closed","ping_status":"open","template":"","meta":[],"product_brand":[],"product_cat":[41],"product_tag":[],"class_list":{"0":"post-10969","1":"product","2":"type-product","3":"status-publish","4":"has-post-thumbnail","6":"product_cat-mikro-iluzja-close-up-efekty-z-kartami","8":"first","9":"instock","10":"purchasable","11":"product-type-simple"},"_links":{"self":[{"href":"https:\/\/magiiik.netstory.com.pl\/index.php?rest_route=\/wp\/v2\/product\/10969","targetHints":{"allow":["GET"]}}],"collection":[{"href":"https:\/\/magiiik.netstory.com.pl\/index.php?rest_route=\/wp\/v2\/product"}],"about":[{"href":"https:\/\/magiiik.netstory.com.pl\/index.php?rest_route=\/wp\/v2\/types\/product"}],"replies":[{"embeddable":true,"href":"https:\/\/magiiik.netstory.com.pl\/index.php?rest_route=%2Fwp%2Fv2%2Fcomments&post=10969"}],"wp:featuredmedia":[{"embeddable":true,"href":"https:\/\/magiiik.netstory.com.pl\/index.php?rest_route=\/wp\/v2\/media\/10970"}],"wp:attachment":[{"href":"https:\/\/magiiik.netstory.com.pl\/index.php?rest_route=%2Fwp%2Fv2%2Fmedia&parent=10969"}],"wp:term":[{"taxonomy":"product_brand","embeddable":true,"href":"https:\/\/magiiik.netstory.com.pl\/index.php?rest_route=%2Fwp%2Fv2%2Fproduct_brand&post=10969"},{"taxonomy":"product_cat","embeddable":true,"href":"https:\/\/magiiik.netstory.com.pl\/index.php?rest_route=%2Fwp%2Fv2%2Fproduct_cat&post=10969"},{"taxonomy":"product_tag","embeddable":true,"href":"https:\/\/magiiik.netstory.com.pl\/index.php?rest_route=%2Fwp%2Fv2%2Fproduct_tag&post=10969"}],"curies":[{"name":"wp","href":"https:\/\/api.w.org\/{rel}","templated":true}]}}