{"id":10963,"date":"2025-09-19T13:45:30","date_gmt":"2025-09-19T11:45:30","guid":{"rendered":"https:\/\/magiiik.netstory.com.pl\/produkt\/tap-transpo-by-smagic-productions\/"},"modified":"2025-09-19T13:45:50","modified_gmt":"2025-09-19T11:45:50","slug":"tap-transpo-by-smagic-productions","status":"publish","type":"product","link":"https:\/\/magiiik.netstory.com.pl\/?product=tap-transpo-by-smagic-productions","title":{"rendered":"Tap Transpo by Smagic Productions"},"content":{"rendered":"<p class=\"p1\" style=\"text-align: center;\"><span class=\"s1\">Nowoczesny i elegancki akcent klasycznego efektu. Podpisana karta widza i twoja ulubiona karta s\u0105 umieszczone w dw\u00f3ch osobnych czarnych kopertach. Ka\u017cda koperta ma wyci\u0119te krystalicznie czyste okno, dzi\u0119ki czemu karta jest widoczna przez ca\u0142y czas.<\/span><\/p>\n<p class=\"p2\" style=\"text-align: center;\">\u00a0<\/p>\n<p class=\"p1\" style=\"text-align: center;\"><span class=\"s1\">Koperta z kart\u0105 widza jest umieszczona na d\u0142oni. Trzymasz kopert\u0119 zawieraj\u0105cej twoj\u0105 kart\u0119. Potem zaczyna si\u0119 magia. Lekko stukasz kopertami o siebie i\u2026 Natychmiast i wizualnie dwie podpisane karty zmieni\u0142y magicznie miejsca, podczas gdy ty i widz nadal trzymacie koperty w d\u0142oniach!<\/span><\/p>\n<p class=\"p1\" style=\"text-align: center;\"><strong><span class=\"s1\">Niezwykle wizualny, bez ukrywania si\u0119 i zas\u0142aniania.<\/span><\/strong><\/p>\n<p class=\"p1\" style=\"text-align: center;\"><strong><span class=\"s1\">Mo\u017cesz to prezentowa\u0107 b\u0119d\u0105c ca\u0142kowicie otoczonym.<\/span><\/strong><\/p>\n<p class=\"p1\" style=\"text-align: center;\"><strong><span class=\"s1\">Obie karty s\u0105 widoczne i ca\u0142y czas s\u0105 odkryte. <\/span><\/strong><\/p>\n<p class=\"p1\" style=\"text-align: center;\"><strong><span class=\"s1\">\u0141atwy w konfiguracji i wykonaniu.<\/span><\/strong><\/p>\n<p class=\"p1\" style=\"text-align: center;\"><strong><span class=\"s1\">Magia dzieje si\u0119 w r\u0119kach widza.<\/span><\/strong><\/p>\n<p class=\"p1\" style=\"text-align: center;\"><strong><span class=\"s1\">Natychmiastowy reset.<\/span><\/strong><\/p>\n<p class=\"p2\" style=\"text-align: center;\">\u00a0<\/p>\n<p class=\"p1\" style=\"text-align: center;\"><span class=\"s1\">Ile efekt\u00f3w transpozycji kart mo\u017ce pochwali\u0107 si\u0119 wszystkimi powy\u017cszymi cechami?<\/span><\/p>\n<p class=\"p1\" style=\"text-align: center;\"><span class=\"s1\">Tap Transpo to jeden z najlepszych!<\/span><\/p>\n<p class=\"p1\" style=\"text-align: center;\"><strong><span class=\"s1\">LINK DO WIDEO:<\/span><\/strong><\/p>\n<p class=\"p1\" style=\"text-align: center;\"><strong><span class=\"s1\"><a href=\"https:\/\/magiiik.netstory.com.pl\/35\">https:\/\/www.youtube.com\/watch?v=33KPN05jXs8<\/a><\/span><\/strong><\/p>\n","protected":false},"excerpt":{"rendered":"<p style=\"text-align: center;\"><strong>Niezwykle wizualna zamiana kart miejscami, kt\u00f3ra<\/strong><\/p>\n<p style=\"text-align: center;\"><strong>dodatkowo dzieje si\u0119 w d\u0142oni widza!<\/strong><\/p>\n","protected":false},"featured_media":10964,"comment_status":"closed","ping_status":"open","template":"","meta":[],"product_brand":[],"product_cat":[41],"product_tag":[],"class_list":{"0":"post-10963","1":"product","2":"type-product","3":"status-publish","4":"has-post-thumbnail","6":"product_cat-mikro-iluzja-close-up-efekty-z-kartami","8":"first","9":"instock","10":"purchasable","11":"product-type-simple"},"_links":{"self":[{"href":"https:\/\/magiiik.netstory.com.pl\/index.php?rest_route=\/wp\/v2\/product\/10963","targetHints":{"allow":["GET"]}}],"collection":[{"href":"https:\/\/magiiik.netstory.com.pl\/index.php?rest_route=\/wp\/v2\/product"}],"about":[{"href":"https:\/\/magiiik.netstory.com.pl\/index.php?rest_route=\/wp\/v2\/types\/product"}],"replies":[{"embeddable":true,"href":"https:\/\/magiiik.netstory.com.pl\/index.php?rest_route=%2Fwp%2Fv2%2Fcomments&post=10963"}],"wp:featuredmedia":[{"embeddable":true,"href":"https:\/\/magiiik.netstory.com.pl\/index.php?rest_route=\/wp\/v2\/media\/10964"}],"wp:attachment":[{"href":"https:\/\/magiiik.netstory.com.pl\/index.php?rest_route=%2Fwp%2Fv2%2Fmedia&parent=10963"}],"wp:term":[{"taxonomy":"product_brand","embeddable":true,"href":"https:\/\/magiiik.netstory.com.pl\/index.php?rest_route=%2Fwp%2Fv2%2Fproduct_brand&post=10963"},{"taxonomy":"product_cat","embeddable":true,"href":"https:\/\/magiiik.netstory.com.pl\/index.php?rest_route=%2Fwp%2Fv2%2Fproduct_cat&post=10963"},{"taxonomy":"product_tag","embeddable":true,"href":"https:\/\/magiiik.netstory.com.pl\/index.php?rest_route=%2Fwp%2Fv2%2Fproduct_tag&post=10963"}],"curies":[{"name":"wp","href":"https:\/\/api.w.org\/{rel}","templated":true}]}}