{"id":10961,"date":"2025-09-19T13:45:30","date_gmt":"2025-09-19T11:45:30","guid":{"rendered":"https:\/\/magiiik.netstory.com.pl\/produkt\/deflect-by-skulkor\/"},"modified":"2025-09-19T13:45:49","modified_gmt":"2025-09-19T11:45:49","slug":"deflect-by-skulkor","status":"publish","type":"product","link":"https:\/\/magiiik.netstory.com.pl\/?product=deflect-by-skulkor","title":{"rendered":"Deflect by Skulkor"},"content":{"rendered":"<p class=\"p1\" style=\"text-align: center;\"><span class=\"s1\">Deflect jest przeno\u015bny i nie wp\u0142ywa na codzienne korzystanie z kart. Wykonawca rysuje co\u015b folii ochraniaj\u0105cej tali\u0119 kart i\u2026 na oczach widz\u00f3w pismo si\u0119 zmienia! <\/span><\/p>\n<p class=\"p1\" style=\"text-align: center;\"><span class=\"s1\">Ponadto pisanie lub oznaczanie jest w pe\u0142ni konfigurowalne, a tak\u017ce mo\u017ce by\u0107 NATYCHMIAST resetowane po ka\u017cdym wyst\u0119pie.<\/span><\/p>\n<p class=\"p2\" style=\"text-align: center;\">\u00a0<\/p>\n<p class=\"p1\" style=\"text-align: center;\"><span class=\"s1\">DEFLECT jest zawsze gotowy do u\u017cycia, kiedy tylko chcesz!<\/span><\/p>\n<p class=\"p2\" style=\"text-align: center;\">\u00a0<\/p>\n<p class=\"p1\" style=\"text-align: center;\"><span class=\"s1\">Wizualna magia<\/span><\/p>\n<p class=\"p1\" style=\"text-align: center;\"><span class=\"s1\">W pe\u0142ni konfigurowalny<\/span><\/p>\n<p class=\"p1\" style=\"text-align: center;\"><span class=\"s1\">Objawienie utworzone przed widzem, zmienione i natychmiast usuni\u0119te<\/span><\/p>\n<p class=\"p1\" style=\"text-align: center;\"><span class=\"s1\">LINK DO FILMU:<\/span><\/p>\n<p class=\"p1\" style=\"text-align: center;\"><span class=\"s1\"><a href=\"https:\/\/magiiik.netstory.com.pl\/34\">https:\/\/www.youtube.com\/watch?v=32ZE90vTMSk<\/a><\/span><\/p>\n","protected":false},"excerpt":{"rendered":"<p style=\"text-align: center;\"><strong>Efekt, w kt\u00f3rym nic nie m\u00f3wi\u0105ce linie<\/strong><\/p>\n<p style=\"text-align: center;\"><strong>zmieniaj\u0105 si\u0119 w przygotowan\u0105 przez Ciebie przepowiedni\u0119,<\/strong><\/p>\n<p style=\"text-align: center;\"><strong>a nast\u0119pnie wszystko znika!<\/strong><\/p>\n<p style=\"text-align: center;\"><strong>Ca\u0142a magia dzieje si\u0119 na pude\u0142ku od kart!<\/strong><\/p>\n","protected":false},"featured_media":10962,"comment_status":"closed","ping_status":"open","template":"","meta":[],"product_brand":[],"product_cat":[41],"product_tag":[],"class_list":{"0":"post-10961","1":"product","2":"type-product","3":"status-publish","4":"has-post-thumbnail","6":"product_cat-mikro-iluzja-close-up-efekty-z-kartami","8":"first","9":"instock","10":"purchasable","11":"product-type-simple"},"_links":{"self":[{"href":"https:\/\/magiiik.netstory.com.pl\/index.php?rest_route=\/wp\/v2\/product\/10961","targetHints":{"allow":["GET"]}}],"collection":[{"href":"https:\/\/magiiik.netstory.com.pl\/index.php?rest_route=\/wp\/v2\/product"}],"about":[{"href":"https:\/\/magiiik.netstory.com.pl\/index.php?rest_route=\/wp\/v2\/types\/product"}],"replies":[{"embeddable":true,"href":"https:\/\/magiiik.netstory.com.pl\/index.php?rest_route=%2Fwp%2Fv2%2Fcomments&post=10961"}],"wp:featuredmedia":[{"embeddable":true,"href":"https:\/\/magiiik.netstory.com.pl\/index.php?rest_route=\/wp\/v2\/media\/10962"}],"wp:attachment":[{"href":"https:\/\/magiiik.netstory.com.pl\/index.php?rest_route=%2Fwp%2Fv2%2Fmedia&parent=10961"}],"wp:term":[{"taxonomy":"product_brand","embeddable":true,"href":"https:\/\/magiiik.netstory.com.pl\/index.php?rest_route=%2Fwp%2Fv2%2Fproduct_brand&post=10961"},{"taxonomy":"product_cat","embeddable":true,"href":"https:\/\/magiiik.netstory.com.pl\/index.php?rest_route=%2Fwp%2Fv2%2Fproduct_cat&post=10961"},{"taxonomy":"product_tag","embeddable":true,"href":"https:\/\/magiiik.netstory.com.pl\/index.php?rest_route=%2Fwp%2Fv2%2Fproduct_tag&post=10961"}],"curies":[{"name":"wp","href":"https:\/\/api.w.org\/{rel}","templated":true}]}}