{"id":10959,"date":"2025-09-19T13:45:30","date_gmt":"2025-09-19T11:45:30","guid":{"rendered":"https:\/\/magiiik.netstory.com.pl\/produkt\/phantom-by-peter-eggink\/"},"modified":"2025-09-19T13:45:48","modified_gmt":"2025-09-19T11:45:48","slug":"phantom-by-peter-eggink","status":"publish","type":"product","link":"https:\/\/magiiik.netstory.com.pl\/?product=phantom-by-peter-eggink","title":{"rendered":"Phantom by Peter Eggink"},"content":{"rendered":"<p class=\"p1\" style=\"text-align: center;\"><span class=\"s1\">Zawsze b\u0105d\u017a got\u00f3w zadziwi\u0107 swoich widz\u00f3w\u2026<\/span><\/p>\n<p class=\"p1\" style=\"text-align: center;\"><span class=\"s1\">\u201ePhantom\u201d to specjalnie zaprojektowany gimmick, kt\u00f3ry mo\u017cesz zabra\u0107 ze sob\u0105 wsz\u0119dzie. Ta nowa tajna bro\u0144 umo\u017cliwia <\/span><\/p>\n<p class=\"p1\" style=\"text-align: center;\"><span class=\"s1\">wykonywanie zab\u00f3jczych efekt\u00f3w, takich jak \u201eNawiedzona talia\u201d i \u201eKarta wysuwaj\u0105ca si\u0119 z talii\u201d, jak nigdy dot\u0105d. <\/span><\/p>\n<p class=\"p1\" style=\"text-align: center;\"><span class=\"s1\">U\u017cywaj KA\u017bDEJ talii,<span class=\"Apple-converted-space\">\u00a0 <\/span>W DOWOLNYM czasie, w DOWOLNYM miejscu, BEZ wymy\u015blnych kart, zr\u0119czno\u015bci itp. Dokonuj autentycznych cud\u00f3w na miejscu, <\/span><\/p>\n<p class=\"p1\" style=\"text-align: center;\"><span class=\"s1\">korzystaj\u0105c z PO\u017bYCZONYCH przedmiot\u00f3w! Pokochasz ten gimmick!<\/span><\/p>\n<p class=\"p2\" style=\"text-align: center;\">\u00a0<\/p>\n<p class=\"p1\" style=\"text-align: center;\"><span class=\"s1\">Ca\u0142y gimmick posiada te\u017c zastosowanie w innych efektach magicznych, jak np. Samoodkr\u0119caj\u0105ca si\u0119 zakr\u0119tka od butelki!<\/span><\/p>\n<p class=\"p1\" style=\"text-align: center;\">\u00a0<\/p>\n<p class=\"p1\" style=\"text-align: center;\"><span class=\"s1\">Sztuczka jest niewidoczna dla oka widza i jest dziecinnie \u0142atwa do zrobienia!<\/span><\/p>\n<p class=\"p2\" style=\"text-align: center;\">\u00a0<\/p>\n<p class=\"p1\" style=\"text-align: center;\"><span class=\"s1\">Kluczowe punkty:<\/span><\/p>\n<p class=\"p1\" style=\"text-align: center;\"><span class=\"s1\">Bez \u017cy\u0142ek!<\/span><\/p>\n<p class=\"p1\" style=\"text-align: center;\"><span class=\"s1\">Bez Loops!<\/span><\/p>\n<p class=\"p1\" style=\"text-align: center;\"><span class=\"s1\">Nie wymaga zr\u0119czno\u015bci!<\/span><\/p>\n<p class=\"p1\" style=\"text-align: center;\"><span class=\"s1\">Bez magnes\u00f3w!<\/span><\/p>\n<p class=\"p1\" style=\"text-align: center;\"><span class=\"s1\">Przedmioty mog\u0105 by\u0107 po\u017cyczone<\/span><\/p>\n<p class=\"p1\" style=\"text-align: center;\"><span class=\"s1\">ZAWSZE gotowy do pracy!<\/span><\/p>\n<p class=\"p1\" style=\"text-align: center;\"><span class=\"s1\">Natychmiastowy reset!<\/span><\/p>\n<p class=\"p1\" style=\"text-align: center;\"><span class=\"s1\">Niezwykle dobrze wykonany gimmick!<\/span><\/p>\n<p class=\"p2\" style=\"text-align: center;\">\u00a0<\/p>\n<p class=\"p1\" style=\"text-align: center;\"><span class=\"s1\">W zestawie znajduje si\u0119 specjalny gimmick \u201ePhantom\u201d wraz z instrukta\u017cowym filmem w jako\u015bci HD, prezentuj\u0105cym r\u00f3\u017cne procedury, pomys\u0142y i wskaz\u00f3wki dotycz\u0105ce wykonywania efektu.<\/span><\/p>\n<p class=\"p1\" style=\"text-align: center;\"><span class=\"s1\">LINK DO FILMU:<\/span><\/p>\n<p class=\"p1\" style=\"text-align: center;\"><span class=\"s1\"><a href=\"https:\/\/magiiik.netstory.com.pl\/33\">https:\/\/www.youtube.com\/watch?v=t2zF2lr57DI<\/a><\/span><\/p>\n","protected":false},"excerpt":{"rendered":"<p style=\"text-align: center;\"><strong>Rewolucyjny gimmick do takich efekt\u00f3w jak Rising Card Deck<\/strong><\/p>\n<p style=\"text-align: center;\"><strong>czy Haunted deck &#8211; teraz zrobienie ich to dziecinna igraszka!<\/strong><\/p>\n<p style=\"text-align: center;\"><strong>Bez \u017cy\u0142ek, bez magnes\u00f3w, szybki reset, przedmioty mog\u0105 by\u0107 po\u017cyczone!<\/strong><\/p>\n","protected":false},"featured_media":10960,"comment_status":"closed","ping_status":"open","template":"","meta":[],"product_brand":[],"product_cat":[41],"product_tag":[],"class_list":{"0":"post-10959","1":"product","2":"type-product","3":"status-publish","4":"has-post-thumbnail","6":"product_cat-mikro-iluzja-close-up-efekty-z-kartami","8":"first","9":"instock","10":"purchasable","11":"product-type-simple"},"_links":{"self":[{"href":"https:\/\/magiiik.netstory.com.pl\/index.php?rest_route=\/wp\/v2\/product\/10959","targetHints":{"allow":["GET"]}}],"collection":[{"href":"https:\/\/magiiik.netstory.com.pl\/index.php?rest_route=\/wp\/v2\/product"}],"about":[{"href":"https:\/\/magiiik.netstory.com.pl\/index.php?rest_route=\/wp\/v2\/types\/product"}],"replies":[{"embeddable":true,"href":"https:\/\/magiiik.netstory.com.pl\/index.php?rest_route=%2Fwp%2Fv2%2Fcomments&post=10959"}],"wp:featuredmedia":[{"embeddable":true,"href":"https:\/\/magiiik.netstory.com.pl\/index.php?rest_route=\/wp\/v2\/media\/10960"}],"wp:attachment":[{"href":"https:\/\/magiiik.netstory.com.pl\/index.php?rest_route=%2Fwp%2Fv2%2Fmedia&parent=10959"}],"wp:term":[{"taxonomy":"product_brand","embeddable":true,"href":"https:\/\/magiiik.netstory.com.pl\/index.php?rest_route=%2Fwp%2Fv2%2Fproduct_brand&post=10959"},{"taxonomy":"product_cat","embeddable":true,"href":"https:\/\/magiiik.netstory.com.pl\/index.php?rest_route=%2Fwp%2Fv2%2Fproduct_cat&post=10959"},{"taxonomy":"product_tag","embeddable":true,"href":"https:\/\/magiiik.netstory.com.pl\/index.php?rest_route=%2Fwp%2Fv2%2Fproduct_tag&post=10959"}],"curies":[{"name":"wp","href":"https:\/\/api.w.org\/{rel}","templated":true}]}}