{"id":10955,"date":"2025-09-19T13:45:30","date_gmt":"2025-09-19T11:45:30","guid":{"rendered":"https:\/\/magiiik.netstory.com.pl\/produkt\/octopalm-zel-antygrawitacyjny\/"},"modified":"2025-09-19T13:45:45","modified_gmt":"2025-09-19T11:45:45","slug":"octopalm-zel-antygrawitacyjny","status":"publish","type":"product","link":"https:\/\/magiiik.netstory.com.pl\/?product=octopalm-zel-antygrawitacyjny","title":{"rendered":"OCTOPALM: \u017cel antygrawitacyjny"},"content":{"rendered":"<p class=\"p1\" style=\"text-align: center;\"><span class=\"s1\">W dw\u00f3ch r\u0119kach mo\u017cesz wykonywa\u0107 to co zaj\u0119\u0142oby ich osiem!<\/span><\/p>\n<p class=\"p2\" style=\"text-align: center;\">\u00a0<\/p>\n<p class=\"p1\" style=\"text-align: center;\"><span class=\"s1\">Octopalm: \u017cel antygrawitacyjny to nowy spos\u00f3b przyklejania na sk\u00f3rze ka\u017cdego lekkiego przedmiotu bez lepkich pozosta\u0142o\u015bci. <\/span><\/p>\n<p class=\"p1\" style=\"text-align: center;\"><span class=\"s1\">Nigdy wi\u0119cej podw\u00f3jnej ta\u015bmy klej\u0105cej. Nigdy wi\u0119cej kropek kleju. Nigdy wi\u0119cej lepkich klej\u00f3w. Nigdy wi\u0119cej kleistego wosku.<\/span><\/p>\n<p class=\"p2\" style=\"text-align: center;\">\u00a0<\/p>\n<p class=\"p1\" style=\"text-align: center;\"><span class=\"s1\">Octopalm to najbardziej rewolucyjny klej od wosku maga. Jest to ca\u0142kowicie nowy projekt chemiczny, kt\u00f3ry po zastosowaniu <\/span><\/p>\n<p class=\"p1\" style=\"text-align: center;\"><span class=\"s1\">w ma\u0142ych dawkach na sk\u00f3r\u0119, mo\u017ce da\u0107 ci zdolno\u015bci dotyku gekona, przyczepiaj\u0105c ma\u0142e przedmioty do d\u0142oni, ramienia, palc\u00f3w, a nawet czo\u0142a. <\/span><\/p>\n<p class=\"p1\" style=\"text-align: center;\"><span class=\"s1\">Przedmioty chc\u0105 si\u0119 do Ciebie przylgn\u0105\u0107. Brak lepkich pozosta\u0142o\u015bci oznacza, \u017ce masz swobod\u0119 wytwarzania, znikania i zmieniania ma\u0142ych przedmiot\u00f3w do woli, jak nigdy dot\u0105d.<\/span><\/p>\n<p class=\"p2\" style=\"text-align: center;\">\u00a0<\/p>\n<p class=\"p1\" style=\"text-align: center;\"><strong><span class=\"s1\">Czy kiedykolwiek chcia\u0142e\u015b, aby twoja sk\u00f3ra by\u0142a magnetyczna na cokolwiek? <\/span><\/strong><\/p>\n<p class=\"p1\" style=\"text-align: center;\"><strong><span class=\"s1\">Teraz to mo\u017cliwe<\/span><\/strong><\/p>\n<p class=\"p1\" style=\"text-align: center;\"><strong><span class=\"s1\">Czy kiedykolwiek chcia\u0142e\u015b szybko ukry\u0107 monet\u0119 na odwrocie d\u0142oni?<\/span><\/strong><\/p>\n<p class=\"p1\" style=\"text-align: center;\"><strong><span class=\"s1\">Nie b\u0119dziesz mia\u0142 z tym pproblemu.<\/span><\/strong><\/p>\n<p class=\"p2\" style=\"text-align: center;\">\u00a0<\/p>\n<p class=\"p1\" style=\"text-align: center;\"><span class=\"s1\">Dotknij sk\u00f3ry, a b\u0119dzie g\u0142adka. Wci\u015bnij do niego monet\u0119, kt\u00f3ra po\u0142\u0105czy si\u0119 z twoj\u0105 r\u0119k\u0105 jak super klej. Zdejmij monet\u0119, aby nie pozostawia\u0107 lepkich resztek. Zastosowania s\u0105 nieograniczone.<\/span><\/p>\n<p class=\"p1\" style=\"text-align: center;\"><span class=\"s1\">N<strong>owy, nigdy wcze\u015bniej nie widziany przedmiot u\u017cytkowy<\/strong><\/span><\/p>\n<p class=\"p1\" style=\"text-align: center;\"><strong><span class=\"s1\">Po na\u0142o\u017ceniu na sk\u00f3r\u0119 przylega prawie do ka\u017cdego ma\u0142ego przedmiotu<\/span><\/strong><\/p>\n<p class=\"p1\" style=\"text-align: center;\"><strong><span class=\"s1\">Zapewnia gecko zdolno\u015b\u0107 wykonywania niemo\u017cliwych sztuczek<\/span><\/strong><\/p>\n<p class=\"p1\" style=\"text-align: center;\"><strong><span class=\"s1\">Pozostawia sk\u00f3r\u0119 g\u0142adk\u0105<\/span><\/strong><\/p>\n<p class=\"p1\" style=\"text-align: center;\"><strong><span class=\"s1\">Tysi\u0105ce zastosowa\u0144 &#8211; mo\u017cliwo\u015bci s\u0105 ogromne<\/span><\/strong><\/p>\n<p class=\"p1\" style=\"text-align: center;\"><strong><span class=\"s1\">Znacznie przewy\u017csza kleje do sk\u00f3ry, takie jak wosk, kropki kleju, ta\u015bma z podw\u00f3jnym klejem<\/span><\/strong><\/p>\n<p class=\"p1\" style=\"text-align: center;\"><strong><span class=\"s1\">\u0141atwy w aplikacji<\/span><\/strong><\/p>\n<p class=\"p1\" style=\"text-align: center;\"><strong><span class=\"s1\">D\u0142ugotrwa\u0142e &#8211; dzia\u0142a przez d\u0142ugi czas<\/span><\/strong><\/p>\n<p class=\"p1\" style=\"text-align: center;\"><strong><span class=\"s1\">Zawiera 90-minutowy film instrukta\u017cowy z wieloma sztuczkami, procedurami, wskaz\u00f3wkami i pomys\u0142ami na wydajno\u015b\u0107<\/span><\/strong><\/p>\n<p class=\"p2\" style=\"text-align: center;\">\u00a0<\/p>\n<p class=\"p1\" style=\"text-align: center;\"><span class=\"s1\">\u201eTen \u017cel jest fenomenalny! Octopalm mo\u017ce pom\u00f3c na wiele sposob\u00f3w! To, co mo\u017cesz zrobi\u0107 z Octopalmem, zale\u017cy od twojej wyobra\u017ani. Jestem za tym, dwa kciuki do g\u00f3ry!\u201d<\/span><\/p>\n<p class=\"p1\" style=\"text-align: center;\"><span class=\"s1\">&#8211; Casshan Wallace<\/span><\/p>\n<p class=\"p1\" style=\"text-align: center;\"><span class=\"s1\">\u00a0<\/span><\/p>\n<p class=\"p1\" style=\"text-align: center;\"><span class=\"s1\">LINK DO FILMU:<\/span><\/p>\n<p class=\"p1\" style=\"text-align: center;\"><span class=\"s1\"><a href=\"https:\/\/magiiik.netstory.com.pl\/32\">https:\/\/www.youtube.com\/watch?v=4v3ZZKz8oxc<\/a><\/span><\/p>\n","protected":false},"excerpt":{"rendered":"<p style=\"text-align: center;\"><strong>\u017bel, kt\u00f3ry pozwala na przyci\u0105ganie do siebie ma\u0142ych przedmiot\u00f3w<\/strong><\/p>\n<p style=\"text-align: center;\"><strong>Ogromne mo\u017cliwo\u015bci zastosowania!<\/strong><\/p>\n","protected":false},"featured_media":10956,"comment_status":"closed","ping_status":"open","template":"","meta":[],"product_brand":[],"product_cat":[60],"product_tag":[],"class_list":{"0":"post-10955","1":"product","2":"type-product","3":"status-publish","4":"has-post-thumbnail","6":"product_cat-akcesoria-zele-pudry-snowstorm-refile-i-inne","8":"first","9":"instock","10":"purchasable","11":"product-type-simple"},"_links":{"self":[{"href":"https:\/\/magiiik.netstory.com.pl\/index.php?rest_route=\/wp\/v2\/product\/10955","targetHints":{"allow":["GET"]}}],"collection":[{"href":"https:\/\/magiiik.netstory.com.pl\/index.php?rest_route=\/wp\/v2\/product"}],"about":[{"href":"https:\/\/magiiik.netstory.com.pl\/index.php?rest_route=\/wp\/v2\/types\/product"}],"replies":[{"embeddable":true,"href":"https:\/\/magiiik.netstory.com.pl\/index.php?rest_route=%2Fwp%2Fv2%2Fcomments&post=10955"}],"wp:featuredmedia":[{"embeddable":true,"href":"https:\/\/magiiik.netstory.com.pl\/index.php?rest_route=\/wp\/v2\/media\/10956"}],"wp:attachment":[{"href":"https:\/\/magiiik.netstory.com.pl\/index.php?rest_route=%2Fwp%2Fv2%2Fmedia&parent=10955"}],"wp:term":[{"taxonomy":"product_brand","embeddable":true,"href":"https:\/\/magiiik.netstory.com.pl\/index.php?rest_route=%2Fwp%2Fv2%2Fproduct_brand&post=10955"},{"taxonomy":"product_cat","embeddable":true,"href":"https:\/\/magiiik.netstory.com.pl\/index.php?rest_route=%2Fwp%2Fv2%2Fproduct_cat&post=10955"},{"taxonomy":"product_tag","embeddable":true,"href":"https:\/\/magiiik.netstory.com.pl\/index.php?rest_route=%2Fwp%2Fv2%2Fproduct_tag&post=10955"}],"curies":[{"name":"wp","href":"https:\/\/api.w.org\/{rel}","templated":true}]}}