{"id":10953,"date":"2025-09-19T13:45:30","date_gmt":"2025-09-19T11:45:30","guid":{"rendered":"https:\/\/magiiik.netstory.com.pl\/produkt\/signs\/"},"modified":"2025-09-19T13:45:44","modified_gmt":"2025-09-19T11:45:44","slug":"signs","status":"publish","type":"product","link":"https:\/\/magiiik.netstory.com.pl\/?product=signs","title":{"rendered":"SIGNS"},"content":{"rendered":"<p class=\"p1\" style=\"text-align: center;\"><span class=\"s1\">Dekoduj tera\u017aniejszo\u015b\u0107, aby przewidzie\u0107 przysz\u0142o\u015b\u0107<\/span><\/p>\n<p class=\"p2\" style=\"text-align: center;\">\u00a0<\/p>\n<p class=\"p1\" style=\"text-align: center;\"><span class=\"s1\">WYOBRA\u0179 SOBIE: Magik pokazuje trzy wizyt\u00f3wki z wypisanymi na nich prognozami. Te prognozy s\u0105 jakimi\u015b pomazanymi liniami, wi\u0119c og\u0142asza, \u017ce nauczy trzech widz\u00f3w, jak je czyta\u0107. <\/span><\/p>\n<p class=\"p1\" style=\"text-align: center;\"><span class=\"s1\">Aby to zrobi\u0107, szepcze co\u015b do ka\u017cdego z nich. Widzowie podpisuj\u0105 prognozy. Jeden z widz\u00f3w wymienia przewidywane karty i pasuj\u0105 do wybranych kart.<\/span><\/p>\n<p class=\"p1\" style=\"text-align: center;\"><span class=\"s1\"> Na koniec magik wyja\u015bnia, jak odczyta\u0107 znaki. Kiedy k\u0142adzie podpisane wizyt\u00f3wki nad zapalon\u0105 \u015bwiec\u0105, pomazane <\/span><\/p>\n<p class=\"p1\" style=\"text-align: center;\"><span class=\"s1\">linie wizualnie zmieniaj\u0105 si\u0119 w nazwy trzech wybranych kart. Mo\u017cesz poda\u0107 trzy wizyt\u00f3wki jako pami\u0105tk\u0119.<\/span><\/p>\n<p class=\"p2\" style=\"text-align: center;\">\u00a0<\/p>\n<p class=\"p1\" style=\"text-align: center;\"><span class=\"s1\">MIRACULOUS TRIPLE PREDICTION<\/span><\/p>\n<p class=\"p1\" style=\"text-align: center;\"><span class=\"s1\">Bez kart z gaffem, bez znak\u00f3w, u\u017cywaj swojej zwyk\u0142ej talii<\/span><\/p>\n<p class=\"p1\" style=\"text-align: center;\"><span class=\"s1\">Widzowie zawsze obs\u0142uguj\u0105 pok\u0142ad<\/span><\/p>\n<p class=\"p1\" style=\"text-align: center;\"><span class=\"s1\">Prognozy s\u0105 zapisywane przed rozpocz\u0119ciem programu<\/span><\/p>\n<p class=\"p1\" style=\"text-align: center;\"><span class=\"s1\">Prognozy podpisuj\u0105 widzowie<\/span><\/p>\n<p class=\"p1\" style=\"text-align: center;\"><span class=\"s1\">Prognozy s\u0105 zawsze w r\u0119kach widz\u00f3w<\/span><\/p>\n<p class=\"p1\" style=\"text-align: center;\"><span class=\"s1\">Bez si\u0142y psychologicznej<\/span><\/p>\n<p class=\"p1\" style=\"text-align: center;\"><span class=\"s1\">Dokonuj\u0105c selekcji, widzowie przestaj\u0105 si\u0119 zajmowa\u0107, kiedy chc\u0105<\/span><\/p>\n<p class=\"p1\" style=\"text-align: center;\"><span class=\"s1\">Niewiarygodny punkt kulminacyjny<\/span><\/p>\n<p class=\"p1\" style=\"text-align: center;\"><span class=\"s1\">Premia: Wersja z ODNOWION\u0104 tali\u0105 kart<\/span><\/p>\n<p class=\"p1\" style=\"text-align: center;\"><span class=\"s1\">\u00a0<\/span><\/p>\n<p class=\"p1\" style=\"text-align: center;\"><span class=\"s1\">LINK DO FILMU:<\/span><\/p>\n<p class=\"p1\" style=\"text-align: center;\"><span class=\"s1\"><a href=\"https:\/\/magiiik.netstory.com.pl\/31\">https:\/\/www.youtube.com\/watch?v=m7qEibq_oHc<\/a><\/span><\/p>\n","protected":false},"excerpt":{"rendered":"<p style=\"text-align: center;\"><strong>Efekt, w kt\u00f3rym na pomazanej kartce pojawia si\u0119 przepowiednia<\/strong><\/p>\n","protected":false},"featured_media":10954,"comment_status":"closed","ping_status":"open","template":"","meta":[],"product_brand":[],"product_cat":[24],"product_tag":[],"class_list":{"0":"post-10953","1":"product","2":"type-product","3":"status-publish","4":"has-post-thumbnail","6":"product_cat-mentalizm","8":"first","9":"instock","10":"purchasable","11":"product-type-simple"},"_links":{"self":[{"href":"https:\/\/magiiik.netstory.com.pl\/index.php?rest_route=\/wp\/v2\/product\/10953","targetHints":{"allow":["GET"]}}],"collection":[{"href":"https:\/\/magiiik.netstory.com.pl\/index.php?rest_route=\/wp\/v2\/product"}],"about":[{"href":"https:\/\/magiiik.netstory.com.pl\/index.php?rest_route=\/wp\/v2\/types\/product"}],"replies":[{"embeddable":true,"href":"https:\/\/magiiik.netstory.com.pl\/index.php?rest_route=%2Fwp%2Fv2%2Fcomments&post=10953"}],"wp:featuredmedia":[{"embeddable":true,"href":"https:\/\/magiiik.netstory.com.pl\/index.php?rest_route=\/wp\/v2\/media\/10954"}],"wp:attachment":[{"href":"https:\/\/magiiik.netstory.com.pl\/index.php?rest_route=%2Fwp%2Fv2%2Fmedia&parent=10953"}],"wp:term":[{"taxonomy":"product_brand","embeddable":true,"href":"https:\/\/magiiik.netstory.com.pl\/index.php?rest_route=%2Fwp%2Fv2%2Fproduct_brand&post=10953"},{"taxonomy":"product_cat","embeddable":true,"href":"https:\/\/magiiik.netstory.com.pl\/index.php?rest_route=%2Fwp%2Fv2%2Fproduct_cat&post=10953"},{"taxonomy":"product_tag","embeddable":true,"href":"https:\/\/magiiik.netstory.com.pl\/index.php?rest_route=%2Fwp%2Fv2%2Fproduct_tag&post=10953"}],"curies":[{"name":"wp","href":"https:\/\/api.w.org\/{rel}","templated":true}]}}