{"id":10947,"date":"2025-09-19T13:45:30","date_gmt":"2025-09-19T11:45:30","guid":{"rendered":"https:\/\/magiiik.netstory.com.pl\/produkt\/silent-assistant-by-sansminds\/"},"modified":"2025-09-19T13:45:40","modified_gmt":"2025-09-19T11:45:40","slug":"silent-assistant-by-sansminds","status":"publish","type":"product","link":"https:\/\/magiiik.netstory.com.pl\/?product=silent-assistant-by-sansminds","title":{"rendered":"Silent Assistant by SansMinds"},"content":{"rendered":"<p class=\"p1\" style=\"text-align: center;\"><span class=\"s1\">Wszyscy marz\u0105 o tym, aby ukryty ninja wykona\u0142 za nich brudn\u0105 robot\u0119. Cichy i skuteczny. C\u00f3\u017c, SansMinds by\u0142 zaj\u0119ty prac\u0105 nad urz\u0105dzeniem, kt\u00f3re\u2026 zast\u0119puje ninja!<\/span><\/p>\n<p class=\"p2\" style=\"text-align: center;\">\u00a0<\/p>\n<p class=\"p1\" style=\"text-align: center;\"><span class=\"s1\">Przedstawiamy Silent Assistant! Przebieg\u0142e urz\u0105dzenie, kt\u00f3re osi\u0105ga wszystkie efekty pier\u015bcienia PK, z dodatkow\u0105 korzy\u015bci\u0105 <\/span><\/p>\n<p class=\"p1\" style=\"text-align: center;\"><span class=\"s1\">polegaj\u0105c\u0105 na zwodniczo\u015bci dla ludzkiego oka. To urz\u0105dzenie nie tylko ukrywa si\u0119 w zasi\u0119gu wzroku, ale tak\u017ce t\u0142umi ha\u0142as i eliminuje<\/span><\/p>\n<p class=\"p1\" style=\"text-align: center;\"><span class=\"s1\"> dzwonki podczas wyst\u0119p\u00f3w na \u017cywo. Silent Assistant rozwi\u0105zuje dwa kluczowe czynniki tradycyjnych pier\u015bcieni <\/span><\/p>\n<p class=\"p1\" style=\"text-align: center;\"><span class=\"s1\">magnetycznych, otwieraj\u0105c nowy \u015bwiat mo\u017cliwo\u015bci! Znikanie, transformacje i wiele wi\u0119cej w zasi\u0119gu r\u0119ki! <\/span><\/p>\n<p class=\"p1\" style=\"text-align: center;\"><span class=\"s1\">Obejrzyj zwiastun i zobacz niesamowite efekty, kt\u00f3re pomog\u0105 Ci osi\u0105gn\u0105\u0107!<\/span><\/p>\n<p class=\"p1\" style=\"text-align: center;\"><strong><span class=\"s1\">Co zyskujesz dzi\u0119ki Silent Assistant:<\/span><\/strong><\/p>\n<p class=\"p1\" style=\"text-align: center;\"><span class=\"s1\">1 kompletny zestaw systemu Silent Assistant<\/span><\/p>\n<p class=\"p1\" style=\"text-align: center;\"><span class=\"s1\">Ponad 1 godzina instrukcji online, w tym 5 procedur i 9 aplikacji<\/span><\/p>\n<p class=\"p1\" style=\"text-align: center;\"><span class=\"s1\">Urz\u0105dzenie ukryte na widoku. Idealny do wszystkich \u015brodowisk pracy.<\/span><\/p>\n<p class=\"p1\" style=\"text-align: center;\">\u00a0<\/p>\n<p class=\"p1\" style=\"text-align: center;\"><strong><span class=\"s1\">LINK DO FILMU:<\/span><\/strong><\/p>\n<p class=\"p1\" style=\"text-align: center;\"><strong><span class=\"s1\"><a href=\"https:\/\/magiiik.netstory.com.pl\/30\">https:\/\/www.youtube.com\/watch?v=11xve0fI524<\/a><\/span><\/strong><\/p>\n","protected":false},"excerpt":{"rendered":"<p style=\"text-align: center;\"><strong>Niezwyk\u0142e urz\u0105dzenie do znikania i transformacji<\/strong><\/p>\n","protected":false},"featured_media":10948,"comment_status":"closed","ping_status":"open","template":"","meta":[],"product_brand":[],"product_cat":[37],"product_tag":[],"class_list":{"0":"post-10947","1":"product","2":"type-product","3":"status-publish","4":"has-post-thumbnail","6":"product_cat-mikro-iluzja-close-up-monety","8":"first","9":"instock","10":"purchasable","11":"product-type-simple"},"_links":{"self":[{"href":"https:\/\/magiiik.netstory.com.pl\/index.php?rest_route=\/wp\/v2\/product\/10947","targetHints":{"allow":["GET"]}}],"collection":[{"href":"https:\/\/magiiik.netstory.com.pl\/index.php?rest_route=\/wp\/v2\/product"}],"about":[{"href":"https:\/\/magiiik.netstory.com.pl\/index.php?rest_route=\/wp\/v2\/types\/product"}],"replies":[{"embeddable":true,"href":"https:\/\/magiiik.netstory.com.pl\/index.php?rest_route=%2Fwp%2Fv2%2Fcomments&post=10947"}],"wp:featuredmedia":[{"embeddable":true,"href":"https:\/\/magiiik.netstory.com.pl\/index.php?rest_route=\/wp\/v2\/media\/10948"}],"wp:attachment":[{"href":"https:\/\/magiiik.netstory.com.pl\/index.php?rest_route=%2Fwp%2Fv2%2Fmedia&parent=10947"}],"wp:term":[{"taxonomy":"product_brand","embeddable":true,"href":"https:\/\/magiiik.netstory.com.pl\/index.php?rest_route=%2Fwp%2Fv2%2Fproduct_brand&post=10947"},{"taxonomy":"product_cat","embeddable":true,"href":"https:\/\/magiiik.netstory.com.pl\/index.php?rest_route=%2Fwp%2Fv2%2Fproduct_cat&post=10947"},{"taxonomy":"product_tag","embeddable":true,"href":"https:\/\/magiiik.netstory.com.pl\/index.php?rest_route=%2Fwp%2Fv2%2Fproduct_tag&post=10947"}],"curies":[{"name":"wp","href":"https:\/\/api.w.org\/{rel}","templated":true}]}}