{"id":10943,"date":"2025-09-19T13:45:30","date_gmt":"2025-09-19T11:45:30","guid":{"rendered":"https:\/\/magiiik.netstory.com.pl\/produkt\/rd-regular-cube-by-henry-harrius\/"},"modified":"2025-09-19T13:45:35","modified_gmt":"2025-09-19T11:45:35","slug":"rd-regular-cube-by-henry-harrius","status":"publish","type":"product","link":"https:\/\/magiiik.netstory.com.pl\/?product=rd-regular-cube-by-henry-harrius","title":{"rendered":"RD Regular Cube by Henry Harrius"},"content":{"rendered":"<p class=\"p1\" style=\"text-align: center;\"><span class=\"s1\">Zwyk\u0142a Kostka RD jest ju\u017c dost\u0119pna i jest to pierwsza Kostka Rubika zaprojektowana przez magik\u00f3w, szczeg\u00f3lnie dla magik\u00f3w.<\/span><\/p>\n<p class=\"p2\" style=\"text-align: center;\">\u00a0<\/p>\n<p class=\"p1\" style=\"text-align: center;\"><span class=\"s1\">Porzu\u0107 te dro\u017csze, a czasem niechlujne kostki. RD Regular Cube mo\u017cna ca\u0142kowicie dostosowa\u0107 do w\u0142asnych potrzeb i mog\u0105 si\u0119 pochwali\u0107:<\/span><\/p>\n<p class=\"p2\" style=\"text-align: center;\">\u00a0<\/p>\n<p class=\"p1\" style=\"text-align: center;\"><span class=\"s1\">&#8211; Cichy ruch<\/span><\/p>\n<p class=\"p1\" style=\"text-align: center;\"><span class=\"s1\">&#8211; Zaostrzenie lub poluzowanie dla odczucia, kt\u00f3re lubisz<\/span><\/p>\n<p class=\"p1\" style=\"text-align: center;\"><span class=\"s1\">&#8211; Zdejmowane panele boczne<\/span><\/p>\n<p class=\"p1\" style=\"text-align: center;\"><span class=\"s1\">&#8211; Naklejki, kt\u00f3re pasuj\u0105 do oryginalnego kszta\u0142tu i koloru Rubika<\/span><\/p>\n<p class=\"p1\" style=\"text-align: center;\"><span class=\"s1\">&#8211; Ni\u017csza cena ni\u017c kostka pr\u0119dko\u015bci<\/span><\/p>\n<p class=\"p1\" style=\"text-align: center;\"><span class=\"s1\">Wszystko to nie wymaga smarowania, co oznacza, \u017ce olej nie zostanie przeniesiony na twoje r\u0119ce, ubrania lub karty.<\/span><\/p>\n<p class=\"p1\" style=\"text-align: center;\"><span class=\"s1\">Ta kostka jest gotowa na kolejn\u0105 magiczn\u0105 rutyn\u0119 i doskonale \u0142\u0105czy si\u0119 ze snem Rubika, aby uzyska\u0107 wi\u0119cej mocy i wi\u0119cej mo\u017cliwo\u015bci twojej magii. Po tym wszystkim, na co czekasz? Kup RD RD Cube ju\u017c dzi\u015b!<\/span><\/p>\n","protected":false},"excerpt":{"rendered":"<p style=\"text-align: center;\">Kostka rubika zaprojektowana przez iluzjonist\u00f3w, dla iluzjonist\u00f3w<\/p>\n","protected":false},"featured_media":10944,"comment_status":"closed","ping_status":"open","template":"","meta":[],"product_brand":[],"product_cat":[34],"product_tag":[],"class_list":{"0":"post-10943","1":"product","2":"type-product","3":"status-publish","4":"has-post-thumbnail","6":"product_cat-mikro-iluzja-close-up-inne","8":"first","9":"instock","10":"purchasable","11":"product-type-simple"},"_links":{"self":[{"href":"https:\/\/magiiik.netstory.com.pl\/index.php?rest_route=\/wp\/v2\/product\/10943","targetHints":{"allow":["GET"]}}],"collection":[{"href":"https:\/\/magiiik.netstory.com.pl\/index.php?rest_route=\/wp\/v2\/product"}],"about":[{"href":"https:\/\/magiiik.netstory.com.pl\/index.php?rest_route=\/wp\/v2\/types\/product"}],"replies":[{"embeddable":true,"href":"https:\/\/magiiik.netstory.com.pl\/index.php?rest_route=%2Fwp%2Fv2%2Fcomments&post=10943"}],"wp:featuredmedia":[{"embeddable":true,"href":"https:\/\/magiiik.netstory.com.pl\/index.php?rest_route=\/wp\/v2\/media\/10944"}],"wp:attachment":[{"href":"https:\/\/magiiik.netstory.com.pl\/index.php?rest_route=%2Fwp%2Fv2%2Fmedia&parent=10943"}],"wp:term":[{"taxonomy":"product_brand","embeddable":true,"href":"https:\/\/magiiik.netstory.com.pl\/index.php?rest_route=%2Fwp%2Fv2%2Fproduct_brand&post=10943"},{"taxonomy":"product_cat","embeddable":true,"href":"https:\/\/magiiik.netstory.com.pl\/index.php?rest_route=%2Fwp%2Fv2%2Fproduct_cat&post=10943"},{"taxonomy":"product_tag","embeddable":true,"href":"https:\/\/magiiik.netstory.com.pl\/index.php?rest_route=%2Fwp%2Fv2%2Fproduct_tag&post=10943"}],"curies":[{"name":"wp","href":"https:\/\/api.w.org\/{rel}","templated":true}]}}