{"id":10939,"date":"2025-09-19T13:45:30","date_gmt":"2025-09-19T11:45:30","guid":{"rendered":"https:\/\/magiiik.netstory.com.pl\/produkt\/trinity-wallet-by-matthew-wright\/"},"modified":"2025-09-19T13:45:33","modified_gmt":"2025-09-19T11:45:33","slug":"trinity-wallet-by-matthew-wright","status":"publish","type":"product","link":"https:\/\/magiiik.netstory.com.pl\/?product=trinity-wallet-by-matthew-wright","title":{"rendered":"Trinity Wallet by Matthew Wright"},"content":{"rendered":"<p class=\"p1\" style=\"text-align: center;\"><span class=\"s1\">Niesamowity, uniwersalny portfel.<\/span><\/p>\n<p class=\"p1\" style=\"text-align: center;\"><span class=\"s1\">Po ogromnym sukcesie kompletnego, wyprzedanego portfela Fourseen i limitowanego portfela Vadera, Marvelous-FX <\/span><\/p>\n<p class=\"p1\" style=\"text-align: center;\"><span class=\"s1\">powraca z trzecim wydaniem z serii niesamowitych portfeli u\u017cytkowych magik\u00f3w &#8230; portfela Trinity.<\/span><\/p>\n<p class=\"p2\" style=\"text-align: center;\">\u00a0<\/p>\n<p class=\"p1\" style=\"text-align: center;\"><span class=\"s1\">W portfelu wbudowane s\u0105 trzy ukryte funkcje, kt\u00f3re mo\u017cna \u0142\u0105czy\u0107, aby uzyska\u0107 ca\u0142kowicie unikalne efekty i<\/span><\/p>\n<p class=\"p1\" style=\"text-align: center;\"><span class=\"s1\"> procedury, kt\u00f3rych nigdy wcze\u015bniej nie widzia\u0142a magiczna spo\u0142eczno\u015b\u0107.<\/span><\/p>\n<p class=\"p1\" style=\"text-align: center;\">\u00a0<\/p>\n<p class=\"p1\" style=\"text-align: center;\"><span class=\"s1\">Karta do portfela &#8230; wewn\u0105trz koperty &#8230; spinacza do wizyt\u00f3wki.<\/span><\/p>\n<p class=\"p1\" style=\"text-align: center;\"><span class=\"s1\">PEEKowanie &#8230; ca\u0142kowicie ukryte i zamkni\u0119te przed ciekawskimi oczami.<\/span><\/p>\n<p class=\"p1\" style=\"text-align: center;\"><span class=\"s1\">Gimmick do lewitacji &#8230; lewituj banknoty, wizyt\u00f3wki, przepowiednie prosto ze swojego portfela.<\/span><\/p>\n<p class=\"p2\" style=\"text-align: center;\">\u00a0<\/p>\n<p class=\"p1\" style=\"text-align: center;\"><span class=\"s1\">Po\u0142\u0105cz wszystkie efekty portfela naraz! Urz\u0105dzenie stale gotowe do pracy..,<\/span><\/p>\n<p class=\"p2\" style=\"text-align: center;\">\u00a0<\/p>\n<p class=\"p1\" style=\"text-align: center;\"><span class=\"s1\">Do tego dochodzi dodatkowa funkcja pisania , kt\u00f3ra pozwala zerkn\u0105\u0107 na informacje, potajemnie powieli\u0107 je, a nast\u0119pnie za\u0142adowa\u0107 bezpo\u015brednio do koperty bez podejrzanych ruch\u00f3w<\/span><\/p>\n<p class=\"p2\" style=\"text-align: center;\">\u00a0<\/p>\n<p class=\"p1\" style=\"text-align: center;\"><span class=\"s1\">Do portfela do\u0142\u0105czono ponad dwie godziny instrukcji i procedur do pobrania, kt\u00f3re obejmuj\u0105 materia\u0142y odpowiednie dla wszystkich poziom\u00f3w umiej\u0119tno\u015bci. Funkcj\u0119 \u201eCard to Wallet\u201d mo\u017cna wykona\u0107 jako przeniesion\u0105 kart\u0119 do portfela w kieszeni lub przez pozostawienie portfela na otwartej przestrzeni i za\u0142adowanie go bez konieczno\u015bci trzymania karty.<\/span><\/p>\n<p class=\"p2\" style=\"text-align: center;\">\u00a0<\/p>\n<p class=\"p1\" style=\"text-align: center;\"><span class=\"s1\">Koperty dostarczone z portfelem nadaj\u0105 si\u0119 do wielokrotnego u\u017cytku, wi\u0119c nie ma potrzeby stosowania drogich wk\u0142ad\u00f3w.<\/span><\/p>\n<p class=\"p2\" style=\"text-align: center;\">\u00a0<\/p>\n<p class=\"p1\" style=\"text-align: center;\"><span class=\"s1\">Resetowanie zajmuje kilka sekund i w razie potrzeby mo\u017cna je wykona\u0107 bezpo\u015brednio przed widzem. P\u0142ywaj\u0105cy chwyt zosta\u0142 zaadaptowany z bestsellerowego chwyta Horizon Matthew i zosta\u0142 ulepszony, aby umo\u017cliwi\u0107 natychmiastowe po\u0142\u0105czenie. Nitka jest umieszczona w samym portfelu i mo\u017cna j\u0105 bezpiecznie przenosi\u0107 bez obawy o pl\u0105tanie si\u0119 lub z\u0142amanie, dzi\u0119ki czemu jeste\u015b gotowy do u\u017cycia w dowolnym momencie.<\/span><\/p>\n<p class=\"p2\" style=\"text-align: center;\">Ni\u0107 u\u017cywana z portfelem Trinity zosta\u0142 specjalnie pozyskana i jest jednym z najsilniejszych dost\u0119pnych nici, co daje pewno\u015b\u0107 dzia\u0142ania z obaw\u0105 przed zerwaniem.<\/p>\n<p class=\"p1\" style=\"text-align: center;\"><span class=\"s1\">Funkcja Peek jest prosta, szybka, logiczna i dobrze zabezpieczona, zapewniaj\u0105c pewno\u015b\u0107 dzia\u0142ania w ka\u017cdych warunkach pracy.<\/span><\/p>\n<p class=\"p2\" style=\"text-align: center;\">\u00a0<\/p>\n<p class=\"p1\" style=\"text-align: center;\"><span class=\"s1\">Portfel Trinity idealnie pasuje do ka\u017cdej kieszeni spodni &#8230; z ty\u0142u lub z przodu i jest wykonany z najwy\u017cszej jako\u015bci sk\u00f3ry.<\/span><\/p>\n<p class=\"p2\" style=\"text-align: center;\">\u00a0<\/p>\n<p class=\"p1\" style=\"text-align: center;\"><span class=\"s1\">Portfel Trinity jest wyposa\u017cony w portfel, koperty wielokrotnego u\u017cytku Tyvek, ulepszony chwyt horyzontalny, 20 m cudownej nici oraz ponad 2 godziny instrukcji i procedur.<\/span><\/p>\n<p class=\"p1\" style=\"text-align: center;\"><span class=\"s1\">\u00a0<\/span><\/p>\n<p class=\"p1\" style=\"text-align: center;\"><strong><span class=\"s1\">LINK DO FILMU:<\/span><\/strong><\/p>\n<p class=\"p1\" style=\"text-align: center;\"><span class=\"s1\"><a href=\"https:\/\/magiiik.netstory.com.pl\/29\">https:\/\/www.youtube.com\/watch?v=Tb1IcRETKnY<\/a><\/span><\/p>\n","protected":false},"excerpt":{"rendered":"<p style=\"text-align: center;\"><strong>Niesamowity portfel, daj\u0105cy nam wiele mo\u017cliwo\u015bci !<\/strong><\/p>\n","protected":false},"featured_media":10940,"comment_status":"closed","ping_status":"open","template":"","meta":[],"product_brand":[],"product_cat":[34],"product_tag":[],"class_list":{"0":"post-10939","1":"product","2":"type-product","3":"status-publish","4":"has-post-thumbnail","6":"product_cat-mikro-iluzja-close-up-inne","8":"first","9":"instock","10":"purchasable","11":"product-type-simple"},"_links":{"self":[{"href":"https:\/\/magiiik.netstory.com.pl\/index.php?rest_route=\/wp\/v2\/product\/10939","targetHints":{"allow":["GET"]}}],"collection":[{"href":"https:\/\/magiiik.netstory.com.pl\/index.php?rest_route=\/wp\/v2\/product"}],"about":[{"href":"https:\/\/magiiik.netstory.com.pl\/index.php?rest_route=\/wp\/v2\/types\/product"}],"replies":[{"embeddable":true,"href":"https:\/\/magiiik.netstory.com.pl\/index.php?rest_route=%2Fwp%2Fv2%2Fcomments&post=10939"}],"wp:featuredmedia":[{"embeddable":true,"href":"https:\/\/magiiik.netstory.com.pl\/index.php?rest_route=\/wp\/v2\/media\/10940"}],"wp:attachment":[{"href":"https:\/\/magiiik.netstory.com.pl\/index.php?rest_route=%2Fwp%2Fv2%2Fmedia&parent=10939"}],"wp:term":[{"taxonomy":"product_brand","embeddable":true,"href":"https:\/\/magiiik.netstory.com.pl\/index.php?rest_route=%2Fwp%2Fv2%2Fproduct_brand&post=10939"},{"taxonomy":"product_cat","embeddable":true,"href":"https:\/\/magiiik.netstory.com.pl\/index.php?rest_route=%2Fwp%2Fv2%2Fproduct_cat&post=10939"},{"taxonomy":"product_tag","embeddable":true,"href":"https:\/\/magiiik.netstory.com.pl\/index.php?rest_route=%2Fwp%2Fv2%2Fproduct_tag&post=10939"}],"curies":[{"name":"wp","href":"https:\/\/api.w.org\/{rel}","templated":true}]}}