{"id":10937,"date":"2025-09-19T13:45:30","date_gmt":"2025-09-19T11:45:30","guid":{"rendered":"https:\/\/magiiik.netstory.com.pl\/produkt\/medallion-by-mystique-factory\/"},"modified":"2025-09-19T13:45:31","modified_gmt":"2025-09-19T11:45:31","slug":"medallion-by-mystique-factory","status":"publish","type":"product","link":"https:\/\/magiiik.netstory.com.pl\/?product=medallion-by-mystique-factory","title":{"rendered":"Medallion by Mystique Factory"},"content":{"rendered":"<p class=\"p1\" style=\"text-align: center;\"><span class=\"s1\">Zawieszka z litej stali zmienia si\u0119 w d\u0142oni widza!<\/span><\/p>\n<p class=\"p1\" style=\"text-align: center;\"><span class=\"s1\">Dw\u00f3ch widz\u00f3w wybiera dwie karty, po jednej ka\u017cdej. Wyci\u0105gasz medalion i wygrawerowan\u0105 na nim kart\u0119. <\/span><\/p>\n<p class=\"p1\" style=\"text-align: center;\"><span class=\"s1\">Po odwr\u00f3ceniu jest to prognoza karty pasuj\u0105cej do karty pierwszego widza. Wr\u0119czasz medalion drugiemu widzowi. <\/span><\/p>\n<p class=\"p1\" style=\"text-align: center;\"><span class=\"s1\">Teraz nadchodzi hard core! Gdy poprosisz drugiego widza, aby pomy\u015bla\u0142 o swojej karcie, medalion zmienia si\u0119 na kart\u0119 drugiego widza.<\/span><\/p>\n<p class=\"p1\" style=\"text-align: center;\"><span class=\"s1\">DVD zawiera wiele procedur zawartych w fantastycznym pomy\u015ble Andrew Gerarda!<\/span><\/p>\n<p class=\"p1\" style=\"text-align: center;\"><span class=\"s1\">Medalion ma precyzyjnie wykonany chwyt, kt\u00f3ry przetrwa ca\u0142e \u017cycie.<\/span><\/p>\n<p class=\"p1\" style=\"text-align: center;\"><span class=\"s1\">Sztuczk\u0119 mo\u017cna bada\u0107 przed efektem i po nim.<\/span><\/p>\n<p class=\"p1\" style=\"text-align: center;\"><span class=\"s1\">Natychmiastowy reset<\/span><\/p>\n<p class=\"p1\" style=\"text-align: center;\"><span class=\"s1\">Proste do zrobienia<\/span><\/p>\n<p class=\"p1\" style=\"text-align: center;\"><span class=\"s1\"><strong>LINK DO FILMU:<\/strong><\/span><\/p>\n<p class=\"p3\" style=\"text-align: center;\">\u00a0<\/p>\n<p class=\"p4\" style=\"text-align: center;\"><span class=\"s2\"><a href=\"https:\/\/magiiik.netstory.com.pl\/28\">https:\/\/www.youtube.com\/watch?v=yggNm5H2rvI<\/a><\/span><\/p>\n<pre id=\"tw-target-text\" class=\"tw-data-text tw-text-large tw-ta\" dir=\"ltr\" data-placeholder=\"T\u0142umaczenie\"><span lang=\"pl\" tabindex=\"0\">\u00a0<\/span><\/pre>\n","protected":false},"excerpt":{"rendered":"<p style=\"text-align: center;\">Mia\u017cd\u017c\u0105cy efekt, kt\u00f3rego magia dzieje si\u0119 w d\u0142oniach widz\u00f3w.<\/p>\n","protected":false},"featured_media":10938,"comment_status":"closed","ping_status":"open","template":"","meta":[],"product_brand":[],"product_cat":[41],"product_tag":[],"class_list":{"0":"post-10937","1":"product","2":"type-product","3":"status-publish","4":"has-post-thumbnail","6":"product_cat-mikro-iluzja-close-up-efekty-z-kartami","8":"first","9":"instock","10":"purchasable","11":"product-type-simple"},"_links":{"self":[{"href":"https:\/\/magiiik.netstory.com.pl\/index.php?rest_route=\/wp\/v2\/product\/10937","targetHints":{"allow":["GET"]}}],"collection":[{"href":"https:\/\/magiiik.netstory.com.pl\/index.php?rest_route=\/wp\/v2\/product"}],"about":[{"href":"https:\/\/magiiik.netstory.com.pl\/index.php?rest_route=\/wp\/v2\/types\/product"}],"replies":[{"embeddable":true,"href":"https:\/\/magiiik.netstory.com.pl\/index.php?rest_route=%2Fwp%2Fv2%2Fcomments&post=10937"}],"wp:featuredmedia":[{"embeddable":true,"href":"https:\/\/magiiik.netstory.com.pl\/index.php?rest_route=\/wp\/v2\/media\/10938"}],"wp:attachment":[{"href":"https:\/\/magiiik.netstory.com.pl\/index.php?rest_route=%2Fwp%2Fv2%2Fmedia&parent=10937"}],"wp:term":[{"taxonomy":"product_brand","embeddable":true,"href":"https:\/\/magiiik.netstory.com.pl\/index.php?rest_route=%2Fwp%2Fv2%2Fproduct_brand&post=10937"},{"taxonomy":"product_cat","embeddable":true,"href":"https:\/\/magiiik.netstory.com.pl\/index.php?rest_route=%2Fwp%2Fv2%2Fproduct_cat&post=10937"},{"taxonomy":"product_tag","embeddable":true,"href":"https:\/\/magiiik.netstory.com.pl\/index.php?rest_route=%2Fwp%2Fv2%2Fproduct_tag&post=10937"}],"curies":[{"name":"wp","href":"https:\/\/api.w.org\/{rel}","templated":true}]}}