{"id":10931,"date":"2025-09-19T13:45:07","date_gmt":"2025-09-19T11:45:07","guid":{"rendered":"https:\/\/magiiik.netstory.com.pl\/produkt\/golden-key\/"},"modified":"2025-09-19T13:45:23","modified_gmt":"2025-09-19T11:45:23","slug":"golden-key","status":"publish","type":"product","link":"https:\/\/magiiik.netstory.com.pl\/?product=golden-key","title":{"rendered":"Golden Key"},"content":{"rendered":"<p style=\"text-align: center;\">Klucz, kt\u00f3ry wygina si\u0119 w naszych d\u0142oniach.<\/p>\n<p style=\"text-align: center;\">Po wszystkim mo\u017cemy odda\u0107 go do sprawdzenia.<\/p>\n<p style=\"text-align: center;\">\u0141atwy w wykonaniu!<\/p>\n<p style=\"text-align: center;\">Link do filmu:<\/p>\n<p style=\"text-align: center;\"><a href=\"https:\/\/magiiik.netstory.com.pl\/25\">https:\/\/www.youtube.com\/watch?v=wvhb74rRsj0<\/a><\/p>\n","protected":false},"excerpt":{"rendered":"<p>Wyginaj\u0105cy si\u0119 klucz<\/p>\n","protected":false},"featured_media":10932,"comment_status":"closed","ping_status":"open","template":"","meta":[],"product_brand":[],"product_cat":[34],"product_tag":[],"class_list":{"0":"post-10931","1":"product","2":"type-product","3":"status-publish","4":"has-post-thumbnail","6":"product_cat-mikro-iluzja-close-up-inne","8":"first","9":"instock","10":"purchasable","11":"product-type-simple"},"_links":{"self":[{"href":"https:\/\/magiiik.netstory.com.pl\/index.php?rest_route=\/wp\/v2\/product\/10931","targetHints":{"allow":["GET"]}}],"collection":[{"href":"https:\/\/magiiik.netstory.com.pl\/index.php?rest_route=\/wp\/v2\/product"}],"about":[{"href":"https:\/\/magiiik.netstory.com.pl\/index.php?rest_route=\/wp\/v2\/types\/product"}],"replies":[{"embeddable":true,"href":"https:\/\/magiiik.netstory.com.pl\/index.php?rest_route=%2Fwp%2Fv2%2Fcomments&post=10931"}],"wp:featuredmedia":[{"embeddable":true,"href":"https:\/\/magiiik.netstory.com.pl\/index.php?rest_route=\/wp\/v2\/media\/10932"}],"wp:attachment":[{"href":"https:\/\/magiiik.netstory.com.pl\/index.php?rest_route=%2Fwp%2Fv2%2Fmedia&parent=10931"}],"wp:term":[{"taxonomy":"product_brand","embeddable":true,"href":"https:\/\/magiiik.netstory.com.pl\/index.php?rest_route=%2Fwp%2Fv2%2Fproduct_brand&post=10931"},{"taxonomy":"product_cat","embeddable":true,"href":"https:\/\/magiiik.netstory.com.pl\/index.php?rest_route=%2Fwp%2Fv2%2Fproduct_cat&post=10931"},{"taxonomy":"product_tag","embeddable":true,"href":"https:\/\/magiiik.netstory.com.pl\/index.php?rest_route=%2Fwp%2Fv2%2Fproduct_tag&post=10931"}],"curies":[{"name":"wp","href":"https:\/\/api.w.org\/{rel}","templated":true}]}}