{"id":10929,"date":"2025-09-19T13:45:07","date_gmt":"2025-09-19T11:45:07","guid":{"rendered":"https:\/\/magiiik.netstory.com.pl\/produkt\/rising-card-deck-niebieskie\/"},"modified":"2025-09-19T13:45:22","modified_gmt":"2025-09-19T11:45:22","slug":"rising-card-deck-niebieskie","status":"publish","type":"product","link":"https:\/\/magiiik.netstory.com.pl\/?product=rising-card-deck-niebieskie","title":{"rendered":"Rising Card Deck (Niebieskie)"},"content":{"rendered":"<pre id=\"tw-target-text\" class=\"tw-data-text tw-text-large tw-ta\" dir=\"ltr\" data-placeholder=\"T\u0142umaczenie\"><span lang=\"pl\" tabindex=\"0\">Widz swobodnie wybiera dowoln\u0105 kart\u0119 z talii, a nast\u0119pnie zapami\u0119tuje j\u0105 i odk\u0142ada do talii. Talia mo\u017ce nast\u0119pnie zosta\u0107 prze\u0142o\u017cona przez widza, zanim <br \/>zostanie wzi\u0119ta przez iluzjonist\u0119 lub umieszczona w szklance lub oparta o inny przedmiot. Pozornie na rozkaz, <br \/>dowolnie wybrana karta obserwatora wysuwa si\u0119 z talii!<\/span><\/pre>\n","protected":false},"excerpt":{"rendered":"<p>Wysuwaj\u0105ca si\u0119 karta z talii.<\/p>\n","protected":false},"featured_media":10930,"comment_status":"closed","ping_status":"open","template":"","meta":[],"product_brand":[],"product_cat":[41],"product_tag":[],"class_list":{"0":"post-10929","1":"product","2":"type-product","3":"status-publish","4":"has-post-thumbnail","6":"product_cat-mikro-iluzja-close-up-efekty-z-kartami","8":"first","9":"instock","10":"purchasable","11":"product-type-simple"},"_links":{"self":[{"href":"https:\/\/magiiik.netstory.com.pl\/index.php?rest_route=\/wp\/v2\/product\/10929","targetHints":{"allow":["GET"]}}],"collection":[{"href":"https:\/\/magiiik.netstory.com.pl\/index.php?rest_route=\/wp\/v2\/product"}],"about":[{"href":"https:\/\/magiiik.netstory.com.pl\/index.php?rest_route=\/wp\/v2\/types\/product"}],"replies":[{"embeddable":true,"href":"https:\/\/magiiik.netstory.com.pl\/index.php?rest_route=%2Fwp%2Fv2%2Fcomments&post=10929"}],"wp:featuredmedia":[{"embeddable":true,"href":"https:\/\/magiiik.netstory.com.pl\/index.php?rest_route=\/wp\/v2\/media\/10930"}],"wp:attachment":[{"href":"https:\/\/magiiik.netstory.com.pl\/index.php?rest_route=%2Fwp%2Fv2%2Fmedia&parent=10929"}],"wp:term":[{"taxonomy":"product_brand","embeddable":true,"href":"https:\/\/magiiik.netstory.com.pl\/index.php?rest_route=%2Fwp%2Fv2%2Fproduct_brand&post=10929"},{"taxonomy":"product_cat","embeddable":true,"href":"https:\/\/magiiik.netstory.com.pl\/index.php?rest_route=%2Fwp%2Fv2%2Fproduct_cat&post=10929"},{"taxonomy":"product_tag","embeddable":true,"href":"https:\/\/magiiik.netstory.com.pl\/index.php?rest_route=%2Fwp%2Fv2%2Fproduct_tag&post=10929"}],"curies":[{"name":"wp","href":"https:\/\/api.w.org\/{rel}","templated":true}]}}