{"id":10917,"date":"2025-09-19T13:45:07","date_gmt":"2025-09-19T11:45:07","guid":{"rendered":"https:\/\/magiiik.netstory.com.pl\/produkt\/scissor-holder-by-jerry-oconnell\/"},"modified":"2025-09-19T13:45:19","modified_gmt":"2025-09-19T11:45:19","slug":"scissor-holder-by-jerry-oconnell","status":"publish","type":"product","link":"https:\/\/magiiik.netstory.com.pl\/?product=scissor-holder-by-jerry-oconnell","title":{"rendered":"Scissor Holder by Jerry O&#8217;Connell"},"content":{"rendered":"<div class=\"_1i6a\">\n<div class=\"_4po3 _4poa\">\n<div class=\"_4po5\">\n<div class=\"_4po8\">\n<div class=\"_4po9\">\n<div>\n<div class=\"_4tdt _ua0\">\n<div class=\"_ua2\">\n<div class=\"_4tdv\">\n<div class=\"_5wd4 _1nc6\">\n<div class=\"._1dlq _h8t\">\n<div id=\"js_b7x\" class=\"_5wd9 direction_ltr clearfix\" data-tooltip-content=\"01:48\" data-hover=\"tooltip\" data-tooltip-position=\"right\">\n<div class=\"_1e-x _n4o\">\n<div class=\"_3_bl\">\n<div class=\"_5w1r _3_om _5wdf\">\n<div class=\"_4gx_\">\n<div class=\"_1aa6\">\n<div class=\"\" style=\"text-align: center;\"><span class=\"_5yl5\">Uchwyt no\u017cycowy Jerry O&#8217;Connell, to idealne rozwi\u0105zanie do noszenia i ochrony no\u017cyczek, r\u0119cznie wykonane z najwy\u017cszej jako\u015bci sk\u00f3ry, <\/span><\/div>\n<div class=\"\" style=\"text-align: center;\"><span class=\"_5yl5\">ten uchwyt ochroni twoje no\u017cyczki i utrzyma je w czysto\u015bci, gdy ich nie u\u017cywasz, zwolni miejsca na kieszeni. Futera\u0142 mie\u015bci wszystkie rozmiary<\/span><\/div>\n<div class=\"\" style=\"text-align: center;\"><span class=\"_5yl5\">no\u017cyczek i jest \u015bwietnym sposobem na dodanie profesjonalnego akcentu do wykonania. <\/span><\/div>\n<div class=\"\" style=\"text-align: center;\"><span class=\"_5yl5\">Ten futera\u0142 ma r\u00f3wnie\u017c zaczep<\/span>, kt\u00f3ry pozwala zawiesi\u0107\u00a0futera\u0142 na pasku.<\/div>\n<div class=\"\" style=\"text-align: center;\">\u00a0<\/div>\n<div class=\"\" style=\"text-align: center;\"><strong>OBEJRZYJ FILM:<\/strong><\/div>\n<div class=\"\" style=\"text-align: center;\"><a href=\"https:\/\/magiiik.netstory.com.pl\/24\">https:\/\/www.youtube.com\/watch?v=GqPEadcJtp0<\/a><\/div><\/div><\/div><\/div><\/div><\/div><\/div><\/div>\n<div class=\"_40qi\">\u00a0<\/div><\/div><\/div><\/div><\/div><\/div>\n<div class=\"_4gd0\">\u00a0<\/div>\n<div class=\"_4gd0\">\u00a0<\/div><\/div><\/div><\/div><\/div><\/div>\n<div class=\"fbNubFlyoutFooter\" data-testid=\"composer_root\">\u00a0<\/div>\n","protected":false},"excerpt":{"rendered":"<p>Uchwyt mna no\u017cyczki, kt\u00f3ry doda wygody i elegancji przy Twoim pokazie<\/p>\n","protected":false},"featured_media":10918,"comment_status":"closed","ping_status":"open","template":"","meta":[],"product_brand":[],"product_cat":[40],"product_tag":[],"class_list":{"0":"post-10917","1":"product","2":"type-product","3":"status-publish","4":"has-post-thumbnail","6":"product_cat-iluzja-sceniczna-sznury","8":"first","9":"instock","10":"purchasable","11":"product-type-simple"},"_links":{"self":[{"href":"https:\/\/magiiik.netstory.com.pl\/index.php?rest_route=\/wp\/v2\/product\/10917","targetHints":{"allow":["GET"]}}],"collection":[{"href":"https:\/\/magiiik.netstory.com.pl\/index.php?rest_route=\/wp\/v2\/product"}],"about":[{"href":"https:\/\/magiiik.netstory.com.pl\/index.php?rest_route=\/wp\/v2\/types\/product"}],"replies":[{"embeddable":true,"href":"https:\/\/magiiik.netstory.com.pl\/index.php?rest_route=%2Fwp%2Fv2%2Fcomments&post=10917"}],"wp:featuredmedia":[{"embeddable":true,"href":"https:\/\/magiiik.netstory.com.pl\/index.php?rest_route=\/wp\/v2\/media\/10918"}],"wp:attachment":[{"href":"https:\/\/magiiik.netstory.com.pl\/index.php?rest_route=%2Fwp%2Fv2%2Fmedia&parent=10917"}],"wp:term":[{"taxonomy":"product_brand","embeddable":true,"href":"https:\/\/magiiik.netstory.com.pl\/index.php?rest_route=%2Fwp%2Fv2%2Fproduct_brand&post=10917"},{"taxonomy":"product_cat","embeddable":true,"href":"https:\/\/magiiik.netstory.com.pl\/index.php?rest_route=%2Fwp%2Fv2%2Fproduct_cat&post=10917"},{"taxonomy":"product_tag","embeddable":true,"href":"https:\/\/magiiik.netstory.com.pl\/index.php?rest_route=%2Fwp%2Fv2%2Fproduct_tag&post=10917"}],"curies":[{"name":"wp","href":"https:\/\/api.w.org\/{rel}","templated":true}]}}