{"id":10901,"date":"2025-09-19T13:45:07","date_gmt":"2025-09-19T11:45:07","guid":{"rendered":"https:\/\/magiiik.netstory.com.pl\/produkt\/scratch-by-chad-long\/"},"modified":"2025-09-19T13:45:12","modified_gmt":"2025-09-19T11:45:12","slug":"scratch-by-chad-long","status":"publish","type":"product","link":"https:\/\/magiiik.netstory.com.pl\/?product=scratch-by-chad-long","title":{"rendered":"Scratch by Chad Long"},"content":{"rendered":"<p style=\"text-align: center;\"><strong>&#8222;Diaboliczny!&#8221; &#8211; Max Maven<\/strong><\/p>\n<p>\u00a0<\/p>\n<p>3\u00a0zab\u00f3jcze rutyny:<\/p>\n<p>&#8211; Zdrap niew\u0142a\u015bciw\u0105 kart\u0119 a pod zdrapk\u0105 pojaw przepowiedni\u0119!<\/p>\n<p>&#8211; Zdrap bilet lotto, aby ujawni\u0107 numer wybrany przez widza!<\/p>\n<p>&#8211; Zdrap pi\u0119ciodolarowy banknot na pi\u0119\u0107dziesi\u0105t!<\/p>\n<p>Bonusowe pomys\u0142y!\u00a0<\/p>\n<p>W zestawie\u00a0oko\u0142o 100\u00a0zdrapek\u00a0i DVD instrukta\u017cowe<\/p>\n<p style=\"text-align: center;\">OBEJRZYJ WIDEO:<\/p>\n<p style=\"text-align: center;\"><a href=\"https:\/\/magiiik.netstory.com.pl\/20\">https:\/\/www.youtube.com\/watch?v=2mEe7jm4y2A<\/a><\/p>\n","protected":false},"excerpt":{"rendered":"<p>Przepowiednie ukryte pod zdrapk\u0105 i wiele wi\u0119cej!<\/p>\n","protected":false},"featured_media":10902,"comment_status":"closed","ping_status":"open","template":"","meta":[],"product_brand":[],"product_cat":[41],"product_tag":[],"class_list":{"0":"post-10901","1":"product","2":"type-product","3":"status-publish","4":"has-post-thumbnail","6":"product_cat-mikro-iluzja-close-up-efekty-z-kartami","8":"first","9":"instock","10":"purchasable","11":"product-type-simple"},"_links":{"self":[{"href":"https:\/\/magiiik.netstory.com.pl\/index.php?rest_route=\/wp\/v2\/product\/10901","targetHints":{"allow":["GET"]}}],"collection":[{"href":"https:\/\/magiiik.netstory.com.pl\/index.php?rest_route=\/wp\/v2\/product"}],"about":[{"href":"https:\/\/magiiik.netstory.com.pl\/index.php?rest_route=\/wp\/v2\/types\/product"}],"replies":[{"embeddable":true,"href":"https:\/\/magiiik.netstory.com.pl\/index.php?rest_route=%2Fwp%2Fv2%2Fcomments&post=10901"}],"wp:featuredmedia":[{"embeddable":true,"href":"https:\/\/magiiik.netstory.com.pl\/index.php?rest_route=\/wp\/v2\/media\/10902"}],"wp:attachment":[{"href":"https:\/\/magiiik.netstory.com.pl\/index.php?rest_route=%2Fwp%2Fv2%2Fmedia&parent=10901"}],"wp:term":[{"taxonomy":"product_brand","embeddable":true,"href":"https:\/\/magiiik.netstory.com.pl\/index.php?rest_route=%2Fwp%2Fv2%2Fproduct_brand&post=10901"},{"taxonomy":"product_cat","embeddable":true,"href":"https:\/\/magiiik.netstory.com.pl\/index.php?rest_route=%2Fwp%2Fv2%2Fproduct_cat&post=10901"},{"taxonomy":"product_tag","embeddable":true,"href":"https:\/\/magiiik.netstory.com.pl\/index.php?rest_route=%2Fwp%2Fv2%2Fproduct_tag&post=10901"}],"curies":[{"name":"wp","href":"https:\/\/api.w.org\/{rel}","templated":true}]}}