{"id":10895,"date":"2025-09-19T13:45:07","date_gmt":"2025-09-19T11:45:07","guid":{"rendered":"https:\/\/magiiik.netstory.com.pl\/produkt\/psychic-escape\/"},"modified":"2025-09-19T13:45:09","modified_gmt":"2025-09-19T11:45:09","slug":"psychic-escape","status":"publish","type":"product","link":"https:\/\/magiiik.netstory.com.pl\/?product=psychic-escape","title":{"rendered":"Psychic Escape"},"content":{"rendered":"<p style=\"text-align: center;\">\u00a0<\/p>\n<p style=\"text-align: center;\">Pokazywanych\u00a0jest pi\u0119\u0107 kolorowych \u017ceton\u00f3w. Widz jest proszony o odwr\u00f3cenie\u00a0\u017ceton\u00f3w i wymieszanie ich, ukrywaj\u0105c r\u00f3\u017cne kolory.<\/p>\n<p style=\"text-align: center;\">Widz wybiera\u00a0\u017ceton i proszony jest o umieszczenie wszystkich\u00a0\u017ceton\u00f3w w pojemniku.<\/p>\n<p style=\"text-align: center;\">Pojemnik jest zapiecz\u0119towany, a sznurek biegnie przez \u015brodek.<\/p>\n<p style=\"text-align: center;\">W\u00a0magiczny spos\u00f3b wykonawca jest w stanie wydosta\u0107 wybrany\u00a0\u017ceton z szeregu\u00a0innych \u017ceton\u00f3w i wypa\u015b\u0107 z komory !<\/p>\n<p style=\"text-align: center;\">OBEJRZYJ FILM:<\/p>\n<p style=\"text-align: center;\"><a href=\"https:\/\/magiiik.netstory.com.pl\/18\">https:\/\/www.youtube.com\/watch?v=FSXmEoa5RFY<\/a><\/p>\n","protected":false},"excerpt":{"rendered":"<p style=\"text-align: center;\">Widz wybiera jeden z pi\u0119ciu kolorowych \u017ceton\u00f3w, a nast\u0119pnie<\/p>\n<p style=\"text-align: center;\">umieszcza je wszystkie w pude\u0142ku, kt\u00f3re jest zapiecz\u0119towane, a przez wszystkie\u00a0<\/p>\n<p style=\"text-align: center;\">\u017cetony przechodzi sznurek, kt\u00f3ry trzyma widz!<\/p>\n<p style=\"text-align: center;\">Iluzjonista bez trudu uwalnia \u017ceton, kt\u00f3ry wybra\u0142 widz!<\/p>\n<p style=\"text-align: center;\">\u00a0<\/p>\n","protected":false},"featured_media":10896,"comment_status":"closed","ping_status":"open","template":"","meta":[],"product_brand":[],"product_cat":[37],"product_tag":[],"class_list":{"0":"post-10895","1":"product","2":"type-product","3":"status-publish","4":"has-post-thumbnail","6":"product_cat-mikro-iluzja-close-up-monety","8":"first","9":"instock","10":"purchasable","11":"product-type-simple"},"_links":{"self":[{"href":"https:\/\/magiiik.netstory.com.pl\/index.php?rest_route=\/wp\/v2\/product\/10895","targetHints":{"allow":["GET"]}}],"collection":[{"href":"https:\/\/magiiik.netstory.com.pl\/index.php?rest_route=\/wp\/v2\/product"}],"about":[{"href":"https:\/\/magiiik.netstory.com.pl\/index.php?rest_route=\/wp\/v2\/types\/product"}],"replies":[{"embeddable":true,"href":"https:\/\/magiiik.netstory.com.pl\/index.php?rest_route=%2Fwp%2Fv2%2Fcomments&post=10895"}],"wp:featuredmedia":[{"embeddable":true,"href":"https:\/\/magiiik.netstory.com.pl\/index.php?rest_route=\/wp\/v2\/media\/10896"}],"wp:attachment":[{"href":"https:\/\/magiiik.netstory.com.pl\/index.php?rest_route=%2Fwp%2Fv2%2Fmedia&parent=10895"}],"wp:term":[{"taxonomy":"product_brand","embeddable":true,"href":"https:\/\/magiiik.netstory.com.pl\/index.php?rest_route=%2Fwp%2Fv2%2Fproduct_brand&post=10895"},{"taxonomy":"product_cat","embeddable":true,"href":"https:\/\/magiiik.netstory.com.pl\/index.php?rest_route=%2Fwp%2Fv2%2Fproduct_cat&post=10895"},{"taxonomy":"product_tag","embeddable":true,"href":"https:\/\/magiiik.netstory.com.pl\/index.php?rest_route=%2Fwp%2Fv2%2Fproduct_tag&post=10895"}],"curies":[{"name":"wp","href":"https:\/\/api.w.org\/{rel}","templated":true}]}}