{"id":10893,"date":"2025-09-19T13:45:07","date_gmt":"2025-09-19T11:45:07","guid":{"rendered":"https:\/\/magiiik.netstory.com.pl\/produkt\/mystic-chips\/"},"modified":"2025-09-19T13:45:09","modified_gmt":"2025-09-19T11:45:09","slug":"mystic-chips","status":"publish","type":"product","link":"https:\/\/magiiik.netstory.com.pl\/?product=mystic-chips","title":{"rendered":"Mystic Chips"},"content":{"rendered":"<p style=\"text-align: center;\">\u00a0<\/p>\n<p style=\"text-align: center;\">Kolorowy\u00a0\u017ceton jest umieszczany w zapiecz\u0119towanym pojemniku.<\/p>\n<p style=\"text-align: center;\">Nast\u0119pnie masz moc, aby zna\u0107 wybrany uk\u0142ad kolor\u00f3w<\/p>\n<p style=\"text-align: center;\">bez ogl\u0105dania tego co jest w \u015brodku! Absolutnie wspania\u0142e!<\/p>\n<p style=\"text-align: center;\">Zaprojektowany przez Rob Stiff Magic Makers<\/p>\n","protected":false},"excerpt":{"rendered":"<p style=\"text-align: center;\">Jeden z efekt\u00f3w mentalnych, w kt\u00f3rym jeste\u015b w stanie bez trudu<\/p>\n<p style=\"text-align: center;\">przewidzie\u0107 uk\u0142ad kolor\u00f3w wybranych przez widza.<\/p>\n<p style=\"text-align: center;\">Rekwizyt wykonany z wysokiej jako\u015bci materia\u0142\u00f3w!<\/p>\n","protected":false},"featured_media":10894,"comment_status":"closed","ping_status":"open","template":"","meta":[],"product_brand":[],"product_cat":[37],"product_tag":[],"class_list":{"0":"post-10893","1":"product","2":"type-product","3":"status-publish","4":"has-post-thumbnail","6":"product_cat-mikro-iluzja-close-up-monety","8":"first","9":"instock","10":"purchasable","11":"product-type-simple"},"_links":{"self":[{"href":"https:\/\/magiiik.netstory.com.pl\/index.php?rest_route=\/wp\/v2\/product\/10893","targetHints":{"allow":["GET"]}}],"collection":[{"href":"https:\/\/magiiik.netstory.com.pl\/index.php?rest_route=\/wp\/v2\/product"}],"about":[{"href":"https:\/\/magiiik.netstory.com.pl\/index.php?rest_route=\/wp\/v2\/types\/product"}],"replies":[{"embeddable":true,"href":"https:\/\/magiiik.netstory.com.pl\/index.php?rest_route=%2Fwp%2Fv2%2Fcomments&post=10893"}],"wp:featuredmedia":[{"embeddable":true,"href":"https:\/\/magiiik.netstory.com.pl\/index.php?rest_route=\/wp\/v2\/media\/10894"}],"wp:attachment":[{"href":"https:\/\/magiiik.netstory.com.pl\/index.php?rest_route=%2Fwp%2Fv2%2Fmedia&parent=10893"}],"wp:term":[{"taxonomy":"product_brand","embeddable":true,"href":"https:\/\/magiiik.netstory.com.pl\/index.php?rest_route=%2Fwp%2Fv2%2Fproduct_brand&post=10893"},{"taxonomy":"product_cat","embeddable":true,"href":"https:\/\/magiiik.netstory.com.pl\/index.php?rest_route=%2Fwp%2Fv2%2Fproduct_cat&post=10893"},{"taxonomy":"product_tag","embeddable":true,"href":"https:\/\/magiiik.netstory.com.pl\/index.php?rest_route=%2Fwp%2Fv2%2Fproduct_tag&post=10893"}],"curies":[{"name":"wp","href":"https:\/\/api.w.org\/{rel}","templated":true}]}}