{"id":10891,"date":"2025-09-19T13:45:07","date_gmt":"2025-09-19T11:45:07","guid":{"rendered":"https:\/\/magiiik.netstory.com.pl\/produkt\/color-deception\/"},"modified":"2025-09-19T13:45:08","modified_gmt":"2025-09-19T11:45:08","slug":"color-deception","status":"publish","type":"product","link":"https:\/\/magiiik.netstory.com.pl\/?product=color-deception","title":{"rendered":"Color Deception"},"content":{"rendered":"<p style=\"text-align: center;\">COLOR DECEPTION\u00a0jest naprawd\u0119 niesamowitym efektem!<\/p>\n<p style=\"text-align: center;\">Dwa czarno-bia\u0142e \u017cetony pokerowe (rozmiar p\u00f3\u0142 dolara) s\u0105 pokazywane z przodu iz ty\u0142u,<\/p>\n<p style=\"text-align: center;\">a nast\u0119pnie zmieniaj\u0105 si\u0119 w niesamowitych okoliczno\u015bciach, przechodz\u0105c od czerni i bieli do czterech r\u00f3\u017cnych kolor\u00f3w!<\/p>\n<p style=\"text-align: center;\">wszystko jest nast\u0119pnie rozdawane do badania.\u00a0COLOR DECEPTION wykonane s\u0105 ze stali nierdzewnej.<\/p>\n<p style=\"text-align: center;\"><strong>KONIECZNIE OBEJRZYJ WIDEO:<\/strong><\/p>\n<p style=\"text-align: center;\"><a href=\"https:\/\/magiiik.netstory.com.pl\/17\">https:\/\/www.youtube.com\/watch?v=Tp5xW6uOKl4<\/a><\/p>\n","protected":false},"excerpt":{"rendered":"<p>Niesamowita zmiana kolor\u00f3w! Dwa \u017cetony kt\u00f3re przechodz\u0105 od czerni i bieli po cztery r\u00f3\u017cne kolory!<\/p>\n","protected":false},"featured_media":10892,"comment_status":"closed","ping_status":"open","template":"","meta":[],"product_brand":[],"product_cat":[37],"product_tag":[],"class_list":{"0":"post-10891","1":"product","2":"type-product","3":"status-publish","4":"has-post-thumbnail","6":"product_cat-mikro-iluzja-close-up-monety","8":"first","9":"instock","10":"purchasable","11":"product-type-simple"},"_links":{"self":[{"href":"https:\/\/magiiik.netstory.com.pl\/index.php?rest_route=\/wp\/v2\/product\/10891","targetHints":{"allow":["GET"]}}],"collection":[{"href":"https:\/\/magiiik.netstory.com.pl\/index.php?rest_route=\/wp\/v2\/product"}],"about":[{"href":"https:\/\/magiiik.netstory.com.pl\/index.php?rest_route=\/wp\/v2\/types\/product"}],"replies":[{"embeddable":true,"href":"https:\/\/magiiik.netstory.com.pl\/index.php?rest_route=%2Fwp%2Fv2%2Fcomments&post=10891"}],"wp:featuredmedia":[{"embeddable":true,"href":"https:\/\/magiiik.netstory.com.pl\/index.php?rest_route=\/wp\/v2\/media\/10892"}],"wp:attachment":[{"href":"https:\/\/magiiik.netstory.com.pl\/index.php?rest_route=%2Fwp%2Fv2%2Fmedia&parent=10891"}],"wp:term":[{"taxonomy":"product_brand","embeddable":true,"href":"https:\/\/magiiik.netstory.com.pl\/index.php?rest_route=%2Fwp%2Fv2%2Fproduct_brand&post=10891"},{"taxonomy":"product_cat","embeddable":true,"href":"https:\/\/magiiik.netstory.com.pl\/index.php?rest_route=%2Fwp%2Fv2%2Fproduct_cat&post=10891"},{"taxonomy":"product_tag","embeddable":true,"href":"https:\/\/magiiik.netstory.com.pl\/index.php?rest_route=%2Fwp%2Fv2%2Fproduct_tag&post=10891"}],"curies":[{"name":"wp","href":"https:\/\/api.w.org\/{rel}","templated":true}]}}