{"id":10889,"date":"2025-09-19T13:45:07","date_gmt":"2025-09-19T11:45:07","guid":{"rendered":"https:\/\/magiiik.netstory.com.pl\/produkt\/paradox-card-czerwona\/"},"modified":"2025-09-19T13:45:07","modified_gmt":"2025-09-19T11:45:07","slug":"paradox-card-czerwona","status":"publish","type":"product","link":"https:\/\/magiiik.netstory.com.pl\/?product=paradox-card-czerwona","title":{"rendered":"Paradox Card (CZERWONA)"},"content":{"rendered":"<p style=\"text-align: center;\">\u00a0<\/p>\n<p style=\"text-align: center;\">Mickael Chatelain to geniusz , kt\u00f3ry jest tw\u00f3rc\u0105 tej pi\u0119knej, r\u0119cznie wykonanej metody. Wyobra\u017a sobie, \u017ce trzymasz kart\u0119 do gry. Jedna strona skierowana ku tobie druga strona skierowana w stron\u0119 publiczno\u015bci. Widzowie widz\u0105, \u017ce karta ma wyci\u0119ty kr\u0105g. Wyja\u015bniasz im, \u017ce dziura nie jest okr\u0105g\u0142a, to jest kwadrat. widzowie patrz\u0105 na ciebie tak, jakby\u015b by\u0142 szalony, ale na pewno po obr\u00f3ceniu karty rzeczywi\u015bcie jest wyci\u0119ty z karty kwadrat. Mo\u017cesz powt\u00f3rzy\u0107 to tyle razy, ile pragnie twoi widzowie. Zawiera kart\u0119 sztuczki i instrukcje wideo online.<\/p>\n<p style=\"text-align: center;\">OBEJRZYJ FILM:<\/p>\n<p style=\"text-align: center;\"><a href=\"https:\/\/magiiik.netstory.com.pl\/16\">https:\/\/www.youtube.com\/watch?v=tWr1cubZZw8<\/a><\/p>\n<p style=\"text-align: center;\">\u00a0<\/p>\n<p style=\"text-align: center;\"><strong>KARTA W KOLORZE CZERWONYM!<\/strong><\/p>\n","protected":false},"excerpt":{"rendered":"<p>Wyci\u0119ty w karcie okr\u0105g po odwr\u00f3ceniu karty zmienia si\u0119 w wyci\u0119ty kwadrat.<\/p>\n<p>Ten efekt ci\u0119\u017cko opisa\u0107 s\u0142owami..<\/p>\n","protected":false},"featured_media":10890,"comment_status":"closed","ping_status":"open","template":"","meta":[],"product_brand":[],"product_cat":[41],"product_tag":[],"class_list":{"0":"post-10889","1":"product","2":"type-product","3":"status-publish","4":"has-post-thumbnail","6":"product_cat-mikro-iluzja-close-up-efekty-z-kartami","8":"first","9":"instock","10":"purchasable","11":"product-type-simple"},"_links":{"self":[{"href":"https:\/\/magiiik.netstory.com.pl\/index.php?rest_route=\/wp\/v2\/product\/10889","targetHints":{"allow":["GET"]}}],"collection":[{"href":"https:\/\/magiiik.netstory.com.pl\/index.php?rest_route=\/wp\/v2\/product"}],"about":[{"href":"https:\/\/magiiik.netstory.com.pl\/index.php?rest_route=\/wp\/v2\/types\/product"}],"replies":[{"embeddable":true,"href":"https:\/\/magiiik.netstory.com.pl\/index.php?rest_route=%2Fwp%2Fv2%2Fcomments&post=10889"}],"wp:featuredmedia":[{"embeddable":true,"href":"https:\/\/magiiik.netstory.com.pl\/index.php?rest_route=\/wp\/v2\/media\/10890"}],"wp:attachment":[{"href":"https:\/\/magiiik.netstory.com.pl\/index.php?rest_route=%2Fwp%2Fv2%2Fmedia&parent=10889"}],"wp:term":[{"taxonomy":"product_brand","embeddable":true,"href":"https:\/\/magiiik.netstory.com.pl\/index.php?rest_route=%2Fwp%2Fv2%2Fproduct_brand&post=10889"},{"taxonomy":"product_cat","embeddable":true,"href":"https:\/\/magiiik.netstory.com.pl\/index.php?rest_route=%2Fwp%2Fv2%2Fproduct_cat&post=10889"},{"taxonomy":"product_tag","embeddable":true,"href":"https:\/\/magiiik.netstory.com.pl\/index.php?rest_route=%2Fwp%2Fv2%2Fproduct_tag&post=10889"}],"curies":[{"name":"wp","href":"https:\/\/api.w.org\/{rel}","templated":true}]}}