{"id":10887,"date":"2025-09-19T13:44:33","date_gmt":"2025-09-19T11:44:33","guid":{"rendered":"https:\/\/magiiik.netstory.com.pl\/produkt\/haunted-2-0-by-mark-traversoni-and-peter-eggink\/"},"modified":"2025-09-19T13:45:01","modified_gmt":"2025-09-19T11:45:01","slug":"haunted-2-0-by-mark-traversoni-and-peter-eggink","status":"publish","type":"product","link":"https:\/\/magiiik.netstory.com.pl\/?product=haunted-2-0-by-mark-traversoni-and-peter-eggink","title":{"rendered":"Haunted 2.0 by Mark Traversoni and Peter Eggink"},"content":{"rendered":"<p style=\"text-align: center;\"><strong>\u201eKrzyki, sapni\u0119cia, zdziwienie\u201d Najwi\u0119kszy na \u015bwiecie nawiedzony\u00a0efekt powr\u00f3ci\u0142 na rynek! <\/strong><\/p>\n<p style=\"text-align: center;\">Peter Eggink rozpocz\u0105\u0142 to wszystko od bestsellera Haunted. Mark Traversoni nast\u0119pnie eksperymentowa\u0142 dos\u0142ownie setki godzin z koncepcj\u0105 radykalnej zmiany kodu genetycznego Haunteda! Oto, co mo\u017cesz zrobi\u0107 kilka minut po otwarciu\u00a0Haunted 2.0:<\/p>\n<p style=\"text-align: center;\">Umieszczasz podpisan\u0105 kart\u0119 widza prosto w talii, kt\u00f3ra jest ustawiona na stole. Mo\u017cesz nawet odej\u015b\u0107 od talii tak aby nie sta\u0107 w jej pobli\u017cu!\u00a0<\/p>\n<p style=\"text-align: center;\">Po kilku chwilach ciszy &#8230; g\u00f3rna po\u0142owa\u00a0talii zaczyna\u00a0si\u0119 PRZESUWA\u0106 &#8230; a nast\u0119pnie powoli Zsuwa si\u0119 z dolnej po\u0142owy! po tym, jak g\u00f3rna po\u0142owa pok\u0142adu przestanie si\u0119 porusza\u0107, nast\u0119puje pauza &#8230; wtedy KARTA POD K\u0104TEM\u00a0ROZSUWA SI\u0118!\u00a0<\/p>\n<p style=\"text-align: center;\">Nie ma co d\u0142ugo o tym opowiada\u0107 po prostu obejrzyj demo:<\/p>\n<p style=\"text-align: center;\"><a href=\"https:\/\/magiiik.netstory.com.pl\/15\">https:\/\/www.youtube.com\/watch?v=jO_opO3BHSY<\/a><\/p>\n","protected":false},"excerpt":{"rendered":"<p style=\"text-align: center;\">Talia kart sama si\u0119 rozsuwa po to aby po chwili wysun\u0119\u0142a si\u0119 r\u00f3wnie\u017c karta widza.<\/p>\n<p style=\"text-align: center;\">Przy tej wersji efektu mo\u017cesz nawet odej\u015b\u0107 od sto\u0142u!<\/p>\n","protected":false},"featured_media":10888,"comment_status":"closed","ping_status":"open","template":"","meta":[],"product_brand":[],"product_cat":[41],"product_tag":[],"class_list":{"0":"post-10887","1":"product","2":"type-product","3":"status-publish","4":"has-post-thumbnail","6":"product_cat-mikro-iluzja-close-up-efekty-z-kartami","8":"first","9":"instock","10":"purchasable","11":"product-type-simple"},"_links":{"self":[{"href":"https:\/\/magiiik.netstory.com.pl\/index.php?rest_route=\/wp\/v2\/product\/10887","targetHints":{"allow":["GET"]}}],"collection":[{"href":"https:\/\/magiiik.netstory.com.pl\/index.php?rest_route=\/wp\/v2\/product"}],"about":[{"href":"https:\/\/magiiik.netstory.com.pl\/index.php?rest_route=\/wp\/v2\/types\/product"}],"replies":[{"embeddable":true,"href":"https:\/\/magiiik.netstory.com.pl\/index.php?rest_route=%2Fwp%2Fv2%2Fcomments&post=10887"}],"wp:featuredmedia":[{"embeddable":true,"href":"https:\/\/magiiik.netstory.com.pl\/index.php?rest_route=\/wp\/v2\/media\/10888"}],"wp:attachment":[{"href":"https:\/\/magiiik.netstory.com.pl\/index.php?rest_route=%2Fwp%2Fv2%2Fmedia&parent=10887"}],"wp:term":[{"taxonomy":"product_brand","embeddable":true,"href":"https:\/\/magiiik.netstory.com.pl\/index.php?rest_route=%2Fwp%2Fv2%2Fproduct_brand&post=10887"},{"taxonomy":"product_cat","embeddable":true,"href":"https:\/\/magiiik.netstory.com.pl\/index.php?rest_route=%2Fwp%2Fv2%2Fproduct_cat&post=10887"},{"taxonomy":"product_tag","embeddable":true,"href":"https:\/\/magiiik.netstory.com.pl\/index.php?rest_route=%2Fwp%2Fv2%2Fproduct_tag&post=10887"}],"curies":[{"name":"wp","href":"https:\/\/api.w.org\/{rel}","templated":true}]}}