{"id":10885,"date":"2025-09-19T13:44:33","date_gmt":"2025-09-19T11:44:33","guid":{"rendered":"https:\/\/magiiik.netstory.com.pl\/produkt\/the-secret-box\/"},"modified":"2025-09-19T13:45:01","modified_gmt":"2025-09-19T11:45:01","slug":"the-secret-box","status":"publish","type":"product","link":"https:\/\/magiiik.netstory.com.pl\/?product=the-secret-box","title":{"rendered":"The Secret Box"},"content":{"rendered":"<p style=\"text-align: center;\"><strong>TYLKO TY WIESZ CO JEST W \u015aRODKU!<\/strong><\/p>\n<p style=\"text-align: center;\">Spr\u00f3buj wyobrazi\u0107 sobie, co jest w tej ma\u0142ej puszce. Trz\u0119siesz ni\u0105 i czujesz, \u017ce co\u015b jest w \u015brodku. By\u0107 mo\u017ce my\u015blisz, \u017ce to pier\u015bcie\u0144 lub moneta.<\/p>\n<p style=\"text-align: center;\">Ale po tym, jak zajrzysz do \u015brodka, b\u0105d\u017a got\u00f3w da\u0107 si\u0119 zwie\u015b\u0107! Ta sztuczka jest tak zwodnicza, \u017ce nawet oszukuje iluzjonist\u00f3w!<\/p>\n<p style=\"text-align: center;\">Ten przedmiot mo\u017ce by\u0107 wr\u0119czony do kontroli.<\/p>\n<p style=\"text-align: center;\">\u00a0<\/p>\n<p style=\"text-align: center;\">OBEJRZYJ FILM:<\/p>\n<p style=\"text-align: center;\"><a href=\"https:\/\/magiiik.netstory.com.pl\/14\">https:\/\/www.youtube.com\/watch?v=RsncXWTqqVk&amp;t=<\/a><\/p>\n","protected":false},"excerpt":{"rendered":"<p style=\"text-align: center;\">Dajesz widzowi pude\u0142ko, kt\u00f3rym zaczyna potrz\u0105sa\u0107. My\u015bli, \u017ce jest w \u015brodku ale..<\/p>\n<p style=\"text-align: center;\">Po otwarciu zdziwi si\u0119, gdy\u017c pude\u0142ko jest ca\u0142kowicie puste!<\/p>\n","protected":false},"featured_media":10886,"comment_status":"closed","ping_status":"open","template":"","meta":[],"product_brand":[],"product_cat":[34],"product_tag":[],"class_list":{"0":"post-10885","1":"product","2":"type-product","3":"status-publish","4":"has-post-thumbnail","6":"product_cat-mikro-iluzja-close-up-inne","8":"first","9":"instock","10":"purchasable","11":"product-type-simple"},"_links":{"self":[{"href":"https:\/\/magiiik.netstory.com.pl\/index.php?rest_route=\/wp\/v2\/product\/10885","targetHints":{"allow":["GET"]}}],"collection":[{"href":"https:\/\/magiiik.netstory.com.pl\/index.php?rest_route=\/wp\/v2\/product"}],"about":[{"href":"https:\/\/magiiik.netstory.com.pl\/index.php?rest_route=\/wp\/v2\/types\/product"}],"replies":[{"embeddable":true,"href":"https:\/\/magiiik.netstory.com.pl\/index.php?rest_route=%2Fwp%2Fv2%2Fcomments&post=10885"}],"wp:featuredmedia":[{"embeddable":true,"href":"https:\/\/magiiik.netstory.com.pl\/index.php?rest_route=\/wp\/v2\/media\/10886"}],"wp:attachment":[{"href":"https:\/\/magiiik.netstory.com.pl\/index.php?rest_route=%2Fwp%2Fv2%2Fmedia&parent=10885"}],"wp:term":[{"taxonomy":"product_brand","embeddable":true,"href":"https:\/\/magiiik.netstory.com.pl\/index.php?rest_route=%2Fwp%2Fv2%2Fproduct_brand&post=10885"},{"taxonomy":"product_cat","embeddable":true,"href":"https:\/\/magiiik.netstory.com.pl\/index.php?rest_route=%2Fwp%2Fv2%2Fproduct_cat&post=10885"},{"taxonomy":"product_tag","embeddable":true,"href":"https:\/\/magiiik.netstory.com.pl\/index.php?rest_route=%2Fwp%2Fv2%2Fproduct_tag&post=10885"}],"curies":[{"name":"wp","href":"https:\/\/api.w.org\/{rel}","templated":true}]}}