{"id":10879,"date":"2025-09-19T13:44:33","date_gmt":"2025-09-19T11:44:33","guid":{"rendered":"https:\/\/magiiik.netstory.com.pl\/produkt\/game-of-aces\/"},"modified":"2025-09-19T13:44:59","modified_gmt":"2025-09-19T11:44:59","slug":"game-of-aces","status":"publish","type":"product","link":"https:\/\/magiiik.netstory.com.pl\/?product=game-of-aces","title":{"rendered":"Game Of Aces"},"content":{"rendered":"<p style=\"text-align: left;\">\u00a0<\/p>\n<p style=\"text-align: center;\"><span style=\"font-size: 14pt;\"><strong>GAME OF ACES\u00a0<\/strong><\/span><\/p>\n<p style=\"text-align: center;\">Niezwykle efektowna rutyna z klasycznym efektem przy u\u017cyciu czterech as\u00f3w. Dzi\u0119ki specjalnym kartom b\u0119dziesz m\u00f3g\u0142 do\u0142\u0105czy\u0107 ten efekt do ka\u017cdej swojej talii kart. Nauka online z rozszerzon\u0105 zawarto\u015bci\u0105 czeka na Ciebie &#8230;<\/p>\n<p style=\"text-align: center;\">\u00a0<\/p>\n<p style=\"text-align: center;\">OBEJRZYJ FILM:<\/p>\n<p style=\"text-align: center;\"><a href=\"https:\/\/magiiik.netstory.com.pl\/11\">https:\/\/www.youtube.com\/watch?v=9N0WC1zc3Qo<\/a><\/p>\n<p><strong>W ZESTAWIE:<\/strong><\/p>\n<p>&#8211; Portfel\u00a0ochronny na karty<\/p>\n<p>&#8211; Specjalne karty z wyko\u0144czeniem\u00a0Air Custom Finish Bicycle\u00a0<\/p>\n<p>&#8211; Ilustrowany przewodnik po ustawieniach Quick Trick Setup<\/p>\n<p>&#8211; Natychmiastowy dost\u0119p do nauki online z responsywnym interfejsem dla urz\u0105dze\u0144 mobilnych<\/p>\n<p>&#8211; Bonus MacDonald&#8217;s Aces Routines &amp; Teaching<\/p>\n","protected":false},"excerpt":{"rendered":"<p style=\"text-align: center;\">Niezwykle efektowny trik z czterema asami. Dzi\u0119ki specjalnym kartom Twoja rutyna stanie si\u0119<\/p>\n<p style=\"text-align: center;\">jeszcze bardziej efektowna.<\/p>\n","protected":false},"featured_media":10880,"comment_status":"closed","ping_status":"open","template":"","meta":[],"product_brand":[],"product_cat":[41],"product_tag":[],"class_list":{"0":"post-10879","1":"product","2":"type-product","3":"status-publish","4":"has-post-thumbnail","6":"product_cat-mikro-iluzja-close-up-efekty-z-kartami","8":"first","9":"instock","10":"purchasable","11":"product-type-simple"},"_links":{"self":[{"href":"https:\/\/magiiik.netstory.com.pl\/index.php?rest_route=\/wp\/v2\/product\/10879","targetHints":{"allow":["GET"]}}],"collection":[{"href":"https:\/\/magiiik.netstory.com.pl\/index.php?rest_route=\/wp\/v2\/product"}],"about":[{"href":"https:\/\/magiiik.netstory.com.pl\/index.php?rest_route=\/wp\/v2\/types\/product"}],"replies":[{"embeddable":true,"href":"https:\/\/magiiik.netstory.com.pl\/index.php?rest_route=%2Fwp%2Fv2%2Fcomments&post=10879"}],"wp:featuredmedia":[{"embeddable":true,"href":"https:\/\/magiiik.netstory.com.pl\/index.php?rest_route=\/wp\/v2\/media\/10880"}],"wp:attachment":[{"href":"https:\/\/magiiik.netstory.com.pl\/index.php?rest_route=%2Fwp%2Fv2%2Fmedia&parent=10879"}],"wp:term":[{"taxonomy":"product_brand","embeddable":true,"href":"https:\/\/magiiik.netstory.com.pl\/index.php?rest_route=%2Fwp%2Fv2%2Fproduct_brand&post=10879"},{"taxonomy":"product_cat","embeddable":true,"href":"https:\/\/magiiik.netstory.com.pl\/index.php?rest_route=%2Fwp%2Fv2%2Fproduct_cat&post=10879"},{"taxonomy":"product_tag","embeddable":true,"href":"https:\/\/magiiik.netstory.com.pl\/index.php?rest_route=%2Fwp%2Fv2%2Fproduct_tag&post=10879"}],"curies":[{"name":"wp","href":"https:\/\/api.w.org\/{rel}","templated":true}]}}