{"id":10875,"date":"2025-09-19T13:44:33","date_gmt":"2025-09-19T11:44:33","guid":{"rendered":"https:\/\/magiiik.netstory.com.pl\/produkt\/the-code-by-andy-nyman\/"},"modified":"2025-09-19T13:44:57","modified_gmt":"2025-09-19T11:44:57","slug":"the-code-by-andy-nyman","status":"publish","type":"product","link":"https:\/\/magiiik.netstory.com.pl\/?product=the-code-by-andy-nyman","title":{"rendered":"The CODE by Andy Nyman"},"content":{"rendered":"<p style=\"text-align: center;\"><strong>ODGADYWANIE KARTY WIDZA BEZ FORSOWANIA!<\/strong><\/p>\n<p style=\"text-align: center;\">The Code\u00a0to co\u015b wi\u0119cej ni\u017c metoda. Jest to system, za pomoc\u0105 kt\u00f3rego mo\u017cesz tworzy\u0107 w\u0142asne efekty i<\/p>\n<p style=\"text-align: center;\">czyta\u0107 w my\u015blach. Jeden pot\u0119\u017cny, prosty, niebezpieczny sekret z umys\u0142u Andy&#8217;ego Nymana.<\/p>\n<p style=\"text-align: center;\">Natychmiast wyodr\u0119bnij nazw\u0119 i lokalizacj\u0119 wybranej karty &#8211; bez \u017bADNYCH fors\u00f3w i\u00a0bez patrzenia na wybran\u0105 kart\u0119.<\/p>\n<p style=\"text-align: center;\">Oficjalny zwyci\u0119zca nagrody Thurston Spirit of Magic Award 2014.<\/p>\n<p style=\"text-align: center;\">\u00a0<\/p>\n<p style=\"text-align: center;\">\u201eMy\u015bl\u0119, \u017ce masz dwie mo\u017cliwo\u015bci: zdoby\u0107 kod i robi\u0107 niesamowite rzeczy, albo nie &#8211; w takim przypadku<\/p>\n<p style=\"text-align: center;\">kto\u015b taki jak Andy u\u017cyje go, aby oszuka\u0107 tw\u00f3j ogon\u201d. &#8211; Max Maven<\/p>\n<p style=\"text-align: center;\">\u00a0<\/p>\n<p style=\"text-align: center;\">\u00a0Po p\u00f3\u0142tora roku wsp\u00f3\u0142pracy z teori\u010511 KOD jest wreszcie dost\u0119pny. Jedna godzina instrukcji zawiera wiele technik, aplikacji, procedur bonusowych, prezentacji i wiele wi\u0119cej .<\/p>\n<p style=\"text-align: center;\">\u00a0<\/p>\n<p style=\"text-align: center;\"><strong>OBEJRZYJ FILM:<\/strong><\/p>\n<p style=\"text-align: center;\"><strong><a href=\"https:\/\/magiiik.netstory.com.pl\/9\">https:\/\/www.youtube.com\/watch?v=PIWsAUaTQuU<\/a><\/strong><\/p>\n","protected":false},"excerpt":{"rendered":"<p style=\"text-align: center;\">The Code to spos\u00f3b na odgadywanie karty widza bez forsowania oraz bez podgl\u0105dania karty &#8211; wyb\u00f3r jest ca\u0142kowicie dobrowolny!<\/p>\n<p style=\"text-align: center;\">The Code\u00a0to co\u015b wi\u0119cej ni\u017c metoda. Jest to system, za pomoc\u0105 kt\u00f3rego mo\u017cesz tworzy\u0107 w\u0142asne efekty i<\/p>\n<p style=\"text-align: center;\">czyta\u0107 w my\u015blach. Jeden pot\u0119\u017cny, prosty, niebezpieczny sekret z umys\u0142u Andy&#8217;ego Nymana.<\/p>\n","protected":false},"featured_media":10876,"comment_status":"closed","ping_status":"open","template":"","meta":[],"product_brand":[],"product_cat":[41],"product_tag":[],"class_list":{"0":"post-10875","1":"product","2":"type-product","3":"status-publish","4":"has-post-thumbnail","6":"product_cat-mikro-iluzja-close-up-efekty-z-kartami","8":"first","9":"instock","10":"purchasable","11":"product-type-simple"},"_links":{"self":[{"href":"https:\/\/magiiik.netstory.com.pl\/index.php?rest_route=\/wp\/v2\/product\/10875","targetHints":{"allow":["GET"]}}],"collection":[{"href":"https:\/\/magiiik.netstory.com.pl\/index.php?rest_route=\/wp\/v2\/product"}],"about":[{"href":"https:\/\/magiiik.netstory.com.pl\/index.php?rest_route=\/wp\/v2\/types\/product"}],"replies":[{"embeddable":true,"href":"https:\/\/magiiik.netstory.com.pl\/index.php?rest_route=%2Fwp%2Fv2%2Fcomments&post=10875"}],"wp:featuredmedia":[{"embeddable":true,"href":"https:\/\/magiiik.netstory.com.pl\/index.php?rest_route=\/wp\/v2\/media\/10876"}],"wp:attachment":[{"href":"https:\/\/magiiik.netstory.com.pl\/index.php?rest_route=%2Fwp%2Fv2%2Fmedia&parent=10875"}],"wp:term":[{"taxonomy":"product_brand","embeddable":true,"href":"https:\/\/magiiik.netstory.com.pl\/index.php?rest_route=%2Fwp%2Fv2%2Fproduct_brand&post=10875"},{"taxonomy":"product_cat","embeddable":true,"href":"https:\/\/magiiik.netstory.com.pl\/index.php?rest_route=%2Fwp%2Fv2%2Fproduct_cat&post=10875"},{"taxonomy":"product_tag","embeddable":true,"href":"https:\/\/magiiik.netstory.com.pl\/index.php?rest_route=%2Fwp%2Fv2%2Fproduct_tag&post=10875"}],"curies":[{"name":"wp","href":"https:\/\/api.w.org\/{rel}","templated":true}]}}