{"id":10873,"date":"2025-09-19T13:44:33","date_gmt":"2025-09-19T11:44:33","guid":{"rendered":"https:\/\/magiiik.netstory.com.pl\/produkt\/aberdeen-thread-by-james-dickson\/"},"modified":"2025-09-19T13:44:56","modified_gmt":"2025-09-19T11:44:56","slug":"aberdeen-thread-by-james-dickson","status":"publish","type":"product","link":"https:\/\/magiiik.netstory.com.pl\/?product=aberdeen-thread-by-james-dickson","title":{"rendered":"Aberdeen Thread by James Dickson"},"content":{"rendered":"<p>\u00a0<\/p>\n<p style=\"text-align: center;\"><strong>JEDEN Z NAJLEPSZYCH SPOSOB\u00d3W NA SCALANIE NITKI!<\/strong><\/p>\n<p style=\"text-align: center;\">Prze\u0142am ni\u0107 na kawa\u0142ki i powoli, wizualnie j\u0105 przywr\u00f3\u0107. Ods\u0142aniasz d\u0142ugo\u015b\u0107 nici i dajesz widzowi do zbadania. Kawa\u0142ki s\u0105<\/p>\n<p style=\"text-align: center;\">pokazywane osobno, jeden po drugim, a nast\u0119pnie zwijane w kulk\u0119. powoli wyci\u0105gasz ko\u0144ce sznurka, aby odkry\u0107, \u017ce zosta\u0142 ca\u0142kowicie, niemo\u017cliwie przywr\u00f3cony!<\/p>\n<p style=\"text-align: center;\">Widz mo\u017ce\u00a0sprawdzi\u0107 ni\u0107 przed i po efekcie. ABERDEEN przenosi klasyczn\u0105 sztuczk\u0119 Gypsy Thread na zupe\u0142nie nowy poziom.\u00a0<\/p>\n<p style=\"text-align: center;\">Tw\u00f3rca James Dickson poprowadzi Ci\u0119 przez subtelno\u015bci i niuanse, kt\u00f3re czyni\u0105 ten jeden z najbardziej zadziwiaj\u0105cych, pi\u0119knych,<\/p>\n<p style=\"text-align: center;\">eleganckich efekt\u00f3w magicznych, jakie kiedykolwiek wykonasz. Zawiera wystarczaj\u0105c\u0105 ilo\u015b\u0107 Aberdeen Thread na setki wyst\u0119p\u00f3w &#8211; b\u0119dziesz mie\u0107 wszystko, czego potrzebujesz!<\/p>\n<p style=\"text-align: center;\">\u00a0<\/p>\n<p style=\"text-align: center;\"><strong>OBEJRZYJ FILM:<\/strong><\/p>\n<p style=\"text-align: center;\"><strong><a href=\"https:\/\/magiiik.netstory.com.pl\/8\">https:\/\/www.youtube.com\/watch?v=LItiMKzl3SY&amp;t=<\/a><\/strong><\/p>\n","protected":false},"excerpt":{"rendered":"<p>Jedna z najlepszych i &#8222;najczystszych&#8221; metod na scalanie nici!<\/p>\n<p>Zar\u00f3wno przed jak i po efekcie wszystko mo\u017cemy da\u0107 do sprawdzenia.<\/p>\n","protected":false},"featured_media":10874,"comment_status":"closed","ping_status":"open","template":"","meta":[],"product_brand":[],"product_cat":[34],"product_tag":[],"class_list":{"0":"post-10873","1":"product","2":"type-product","3":"status-publish","4":"has-post-thumbnail","6":"product_cat-mikro-iluzja-close-up-inne","8":"first","9":"instock","10":"purchasable","11":"product-type-simple"},"_links":{"self":[{"href":"https:\/\/magiiik.netstory.com.pl\/index.php?rest_route=\/wp\/v2\/product\/10873","targetHints":{"allow":["GET"]}}],"collection":[{"href":"https:\/\/magiiik.netstory.com.pl\/index.php?rest_route=\/wp\/v2\/product"}],"about":[{"href":"https:\/\/magiiik.netstory.com.pl\/index.php?rest_route=\/wp\/v2\/types\/product"}],"replies":[{"embeddable":true,"href":"https:\/\/magiiik.netstory.com.pl\/index.php?rest_route=%2Fwp%2Fv2%2Fcomments&post=10873"}],"wp:featuredmedia":[{"embeddable":true,"href":"https:\/\/magiiik.netstory.com.pl\/index.php?rest_route=\/wp\/v2\/media\/10874"}],"wp:attachment":[{"href":"https:\/\/magiiik.netstory.com.pl\/index.php?rest_route=%2Fwp%2Fv2%2Fmedia&parent=10873"}],"wp:term":[{"taxonomy":"product_brand","embeddable":true,"href":"https:\/\/magiiik.netstory.com.pl\/index.php?rest_route=%2Fwp%2Fv2%2Fproduct_brand&post=10873"},{"taxonomy":"product_cat","embeddable":true,"href":"https:\/\/magiiik.netstory.com.pl\/index.php?rest_route=%2Fwp%2Fv2%2Fproduct_cat&post=10873"},{"taxonomy":"product_tag","embeddable":true,"href":"https:\/\/magiiik.netstory.com.pl\/index.php?rest_route=%2Fwp%2Fv2%2Fproduct_tag&post=10873"}],"curies":[{"name":"wp","href":"https:\/\/api.w.org\/{rel}","templated":true}]}}